{"id":997,"date":"2017-12-01T15:34:47","date_gmt":"2017-12-01T15:34:47","guid":{"rendered":"http:\/\/2017.burbankwerner.de\/?page_id=997"},"modified":"2020-12-27T21:35:25","modified_gmt":"2020-12-27T21:35:25","slug":"29-30-november-pemuteran","status":"publish","type":"page","link":"http:\/\/2017.burbankwerner.de\/?page_id=997","title":{"rendered":"29.-30. November Pemuteran"},"content":{"rendered":"<p><a href=\"https:\/\/goo.gl\/maps\/fNZRY9Y2aFU2\"><strong>Karte<\/strong><\/a><\/p>\n<h3>29. November &#8211; Bl\u00fctenpracht und Bloggen<\/h3>\n<p><img loading=\"lazy\" decoding=\"async\" class=\"alignnone size-large wp-image-1007\" src=\"http:\/\/2017.burbankwerner.de\/wp-content\/uploads\/2017\/12\/2017-11-29-Bl\u00fcten-1024x746.jpg\" alt=\"\" width=\"660\" height=\"481\" srcset=\"http:\/\/2017.burbankwerner.de\/wp-content\/uploads\/2017\/12\/2017-11-29-Bl\u00fcten-1024x746.jpg 1024w, http:\/\/2017.burbankwerner.de\/wp-content\/uploads\/2017\/12\/2017-11-29-Bl\u00fcten-300x219.jpg 300w, http:\/\/2017.burbankwerner.de\/wp-content\/uploads\/2017\/12\/2017-11-29-Bl\u00fcten-768x559.jpg 768w, http:\/\/2017.burbankwerner.de\/wp-content\/uploads\/2017\/12\/2017-11-29-Bl\u00fcten.jpg 1105w\" sizes=\"(max-width: 660px) 100vw, 660px\" \/><\/p>\n<p><img loading=\"lazy\" decoding=\"async\" class=\"wp-image-95 alignright\" src=\"http:\/\/2017.burbankwerner.de\/wp-content\/uploads\/2017\/09\/Union-Jack-300x150.png\" alt=\"\" width=\"164\" height=\"82\" srcset=\"http:\/\/2017.burbankwerner.de\/wp-content\/uploads\/2017\/09\/Union-Jack-300x150.png 300w, http:\/\/2017.burbankwerner.de\/wp-content\/uploads\/2017\/09\/Union-Jack-768x384.png 768w, http:\/\/2017.burbankwerner.de\/wp-content\/uploads\/2017\/09\/Union-Jack-1024x512.png 1024w, http:\/\/2017.burbankwerner.de\/wp-content\/uploads\/2017\/09\/Union-Jack.png 1280w\" sizes=\"(max-width: 164px) 100vw, 164px\" \/>Frangipani &#8211; Annettes aktuelle Lieblingsbl\u00fcten &#8211; diesmal in einer beerenfarbenen Ausf\u00fchrung. Das ist mit das Sch\u00f6nste an der Insel.<\/p>\n<p>F\u00fcr uns freilich steht die Organisation des R\u00fcckweges im Mittelpunkt. Wendelin bucht am Morgen mit Unterst\u00fctzung von Ines einen Flug von Surabaya nach Jakarta &#8211; wir konnten in der Nacht noch auf Jakarta umbuchen &#8211; siehe gestern&#8230;<\/p>\n<p>Nach dem Fr\u00fchst\u00fcck in &#8222;Putus Guesthouse&#8220; &#8211; Putu betreibt es mit seiner Schwester &#8211; treffen wir uns mit D\u00fcde und Ines im Caf\u00e9 Bali Balance, das Ines aufgebaut hat.<\/p>\n<p>Beide sind schon wieder sehr im Stress &#8211; sie helfen ihren Freunden von der im Osten der Insel gelegenen Tauchbasis, ihr Hab und Gut vor dem Vulkan in Sicherheit zu bringen.<\/p>\n<p><img loading=\"lazy\" decoding=\"async\" class=\"alignnone size-large wp-image-1006\" src=\"http:\/\/2017.burbankwerner.de\/wp-content\/uploads\/2017\/12\/2017-11-29-Blogschreiben-1024x576.jpg\" alt=\"\" width=\"660\" height=\"371\" srcset=\"http:\/\/2017.burbankwerner.de\/wp-content\/uploads\/2017\/12\/2017-11-29-Blogschreiben-1024x576.jpg 1024w, http:\/\/2017.burbankwerner.de\/wp-content\/uploads\/2017\/12\/2017-11-29-Blogschreiben-300x169.jpg 300w, http:\/\/2017.burbankwerner.de\/wp-content\/uploads\/2017\/12\/2017-11-29-Blogschreiben-768x432.jpg 768w, http:\/\/2017.burbankwerner.de\/wp-content\/uploads\/2017\/12\/2017-11-29-Blogschreiben.jpg 1200w\" sizes=\"(max-width: 660px) 100vw, 660px\" \/><\/p>\n<p>Wir nutzen den Tag und schreiben flei\u00dfig an dem Blog &#8211; w\u00e4re doch schade, wenn er in den letzten Tagen abbrechen w\u00fcrde&#8230;<\/p>\n<p>Dann planen wir f\u00fcr Morgen, packen hin und her, holen nochmal Geld und gehen, als das alles fertig ist, an den Strand und schnorcheln im strandnahen Wasser. Das ist sch\u00f6n warm und die Touristenunternehmen haben in der Bucht Stahlgitter verankert, auf denen sich tats\u00e4chlich einige Korallen ansiedeln &#8211; und tausende von kleineren und gr\u00f6\u00dferen Fischen.<\/p>\n<p><img loading=\"lazy\" decoding=\"async\" class=\"alignnone size-large wp-image-1000\" src=\"http:\/\/2017.burbankwerner.de\/wp-content\/uploads\/2017\/12\/2017-11-29-Strand-1024x576.jpg\" alt=\"\" width=\"660\" height=\"371\" srcset=\"http:\/\/2017.burbankwerner.de\/wp-content\/uploads\/2017\/12\/2017-11-29-Strand-1024x576.jpg 1024w, http:\/\/2017.burbankwerner.de\/wp-content\/uploads\/2017\/12\/2017-11-29-Strand-300x169.jpg 300w, http:\/\/2017.burbankwerner.de\/wp-content\/uploads\/2017\/12\/2017-11-29-Strand-768x432.jpg 768w, http:\/\/2017.burbankwerner.de\/wp-content\/uploads\/2017\/12\/2017-11-29-Strand.jpg 1200w\" sizes=\"(max-width: 660px) 100vw, 660px\" \/><\/p>\n<p>Am Abend trifft auch Klara, die Tochter eines mit Ines befreundeten Arztkollegen ein. Sie ist ebenfalls in Bali gestrandet, ihr erster Heimflug ist gecancelt, nun wartet sie auf eine M\u00f6glichkeit, \u00fcber Jakarta nach Singapore und dann weiter nach Deutschland zu fliegen.<\/p>\n<p>Klara schlie\u00dft sich dem gemeinsamen Abendessen im Restaurant Frangipani an.<\/p>\n<p><a href=\"https:\/\/goo.gl\/maps\/q1ZtfyJN4U42\"><strong>Karte<\/strong><\/a><\/p>\n<h3>30. November &#8211; ein voller letzter Tag und Fahrt nach Banyuwangi<\/h3>\n<p>Wir haben uns f\u00fcr den letzten Tag viel vorgenommen: Am Nachmittag wollen wir eine &#8222;cooking class&#8220;, also einen Kochkurs im Restaurant Frangipani machen. Vorher werden wir zum Schnorcheln noch mit dem Boot zu einer vorgelagerten Insel fahren. Und morgens geht Wendelin um halb sieben mit dem Manager des Frangipani auf den Markt.<\/p>\n<p><img loading=\"lazy\" decoding=\"async\" class=\"alignnone size-large wp-image-1005\" src=\"http:\/\/2017.burbankwerner.de\/wp-content\/uploads\/2017\/12\/2017-11-30-Markt-1024x768.jpg\" alt=\"\" width=\"660\" height=\"495\" srcset=\"http:\/\/2017.burbankwerner.de\/wp-content\/uploads\/2017\/12\/2017-11-30-Markt-1024x768.jpg 1024w, http:\/\/2017.burbankwerner.de\/wp-content\/uploads\/2017\/12\/2017-11-30-Markt-300x225.jpg 300w, http:\/\/2017.burbankwerner.de\/wp-content\/uploads\/2017\/12\/2017-11-30-Markt-768x576.jpg 768w, http:\/\/2017.burbankwerner.de\/wp-content\/uploads\/2017\/12\/2017-11-30-Markt.jpg 1200w\" sizes=\"(max-width: 660px) 100vw, 660px\" \/><\/p>\n<p>Der Markt ist wirklich interessant &#8211; Gew\u00fcrze, Kochutensilien, Gem\u00fcse, Fische &#8211; alles von einer recht entspannten Truppe von vorwiegend Frauen angeboten.<\/p>\n<p>Dann geht es zur Schnorcheltour. Das Wasser ist sch\u00f6n warm, wenn auch die Sicht durch viel Plankton behindert wird. Aber im Vergleich zum Great Barrier Reef &#8211; viel mehr Fische, bestimmt zehn mal so viele. Und auch die Korallen sind mindestens so sch\u00f6n wie vor Australien!<\/p>\n<p><img loading=\"lazy\" decoding=\"async\" class=\"alignnone size-large wp-image-1004\" src=\"http:\/\/2017.burbankwerner.de\/wp-content\/uploads\/2017\/12\/2017-11-30-Schnorcheln-1024x576.jpg\" alt=\"\" width=\"660\" height=\"371\" srcset=\"http:\/\/2017.burbankwerner.de\/wp-content\/uploads\/2017\/12\/2017-11-30-Schnorcheln-1024x576.jpg 1024w, http:\/\/2017.burbankwerner.de\/wp-content\/uploads\/2017\/12\/2017-11-30-Schnorcheln-300x169.jpg 300w, http:\/\/2017.burbankwerner.de\/wp-content\/uploads\/2017\/12\/2017-11-30-Schnorcheln-768x432.jpg 768w, http:\/\/2017.burbankwerner.de\/wp-content\/uploads\/2017\/12\/2017-11-30-Schnorcheln.jpg 1200w\" sizes=\"(max-width: 660px) 100vw, 660px\" \/><\/p>\n<p>Zur\u00fcck vom Schnorcheln, marschiert Wendelin direkt zum Fris\u00f6r. Ein paar junge Leute haben nahe unserem Guesthouse einen &#8222;Barbershop&#8220; er\u00f6ffnet &#8211; an der Kasse sitzt eine junge Dame mit Kopftuch, also aus dem muslimischen Teil Indonesiens, die Jungs schneiden Wendelin die Haare mit h\u00f6chster Akribie &#8211; und auch Haarewaschen und eine kleine Schultermassage sind im Preis (gerade mal 5 Euro) enthalten.<\/p>\n<p><img loading=\"lazy\" decoding=\"async\" class=\"alignnone size-large wp-image-1003\" src=\"http:\/\/2017.burbankwerner.de\/wp-content\/uploads\/2017\/12\/2017-11-30-Friseur-1024x819.jpg\" alt=\"\" width=\"660\" height=\"528\" srcset=\"http:\/\/2017.burbankwerner.de\/wp-content\/uploads\/2017\/12\/2017-11-30-Friseur-1024x819.jpg 1024w, http:\/\/2017.burbankwerner.de\/wp-content\/uploads\/2017\/12\/2017-11-30-Friseur-300x240.jpg 300w, http:\/\/2017.burbankwerner.de\/wp-content\/uploads\/2017\/12\/2017-11-30-Friseur-768x614.jpg 768w, http:\/\/2017.burbankwerner.de\/wp-content\/uploads\/2017\/12\/2017-11-30-Friseur.jpg 1200w\" sizes=\"(max-width: 660px) 100vw, 660px\" \/><\/p>\n<p>Es reicht gerade noch f\u00fcr einen Cappucino in Ines&#8216; Caf\u00e9 &#8211; dann wartet auch schon der Kochkurs.<\/p>\n<p>Putu (nicht der vom Guesthouse, sondern der vom Frangipani) und sein erster Koch (so wird er uns vorgestellt) haben alles schon wunderbar vorbereitet: Vier Schneidbretter mit gro\u00dfen, scharfen Gem\u00fcsemessern, alle Zutaten f\u00fcr die Speisen. Und sie erkl\u00e4ren wirklich gut, was die balinesische K\u00fcche so zu bieten hat. Wir zerkleinern Gew\u00fcrze und bereiten daraus eine Paste &#8211; sie ist die Grundlage f\u00fcr eine Suppe mit Fischkl\u00f6sschen und das Gericht &#8222;Pepes Ikan&#8220; (Pepes Fisch) &#8211; Fischfilets, gegart in Bananenbl\u00e4ttern.<\/p>\n<p><img loading=\"lazy\" decoding=\"async\" class=\"alignnone size-large wp-image-1002\" src=\"http:\/\/2017.burbankwerner.de\/wp-content\/uploads\/2017\/12\/2017-11-30-Kochkurs-1024x576.jpg\" alt=\"\" width=\"660\" height=\"371\" srcset=\"http:\/\/2017.burbankwerner.de\/wp-content\/uploads\/2017\/12\/2017-11-30-Kochkurs-1024x576.jpg 1024w, http:\/\/2017.burbankwerner.de\/wp-content\/uploads\/2017\/12\/2017-11-30-Kochkurs-300x169.jpg 300w, http:\/\/2017.burbankwerner.de\/wp-content\/uploads\/2017\/12\/2017-11-30-Kochkurs-768x432.jpg 768w, http:\/\/2017.burbankwerner.de\/wp-content\/uploads\/2017\/12\/2017-11-30-Kochkurs.jpg 1200w\" sizes=\"(max-width: 660px) 100vw, 660px\" \/><\/p>\n<p>Und als Nachtisch bereiten wir einen balinesischen Pfannekuchen mit Kokos-Plamzuckerf\u00fcllung.<\/p>\n<p>Nat\u00fcrlich haben wir damit auch ein Drei-G\u00e4nge-Menue erstanden &#8211; und die Kellner des Frangipani servieren uns die von uns zubereiteten Speisen, erg\u00e4nzt um Reis und ein bisschen Gem\u00fcse.<\/p>\n<p><img loading=\"lazy\" decoding=\"async\" class=\"alignnone size-large wp-image-1001\" src=\"http:\/\/2017.burbankwerner.de\/wp-content\/uploads\/2017\/12\/2017-11-30-Kochkurs2-1024x576.jpg\" alt=\"\" width=\"660\" height=\"371\" srcset=\"http:\/\/2017.burbankwerner.de\/wp-content\/uploads\/2017\/12\/2017-11-30-Kochkurs2-1024x576.jpg 1024w, http:\/\/2017.burbankwerner.de\/wp-content\/uploads\/2017\/12\/2017-11-30-Kochkurs2-300x169.jpg 300w, http:\/\/2017.burbankwerner.de\/wp-content\/uploads\/2017\/12\/2017-11-30-Kochkurs2-768x432.jpg 768w, http:\/\/2017.burbankwerner.de\/wp-content\/uploads\/2017\/12\/2017-11-30-Kochkurs2.jpg 1200w\" sizes=\"(max-width: 660px) 100vw, 660px\" \/><\/p>\n<p>Um sechs am Abend sto\u00dfen D\u00fcde und Ines zu uns &#8211; und wir haben noch eine gute Stunde Zeit \u00fcber ihre und unsere Situation, die Eindr\u00fccke von Bali und dies und das zu sprechen.<\/p>\n<p>Dann wartet schon der Fahrer auf uns, denn heute geht es zur\u00fcck!<\/p>\n<p>Die erste Etappe f\u00e4hrt uns Ines&#8216; Caf\u00e9-Manager mit seiner Frau nach Gilimanuk, wo die F\u00e4hre nach Java abgeht. Die beiden bringen uns sogar noch auf das Schiff &#8211; das f\u00e4hrt die kurze Strecke in ein paar Minuten &#8211; wartet dann aber fast eine halbe Stunde auf einen freien Anlegeplatz.<\/p>\n<p>In Banyuwangi, der gegen\u00fcberliegenden Stadt auf Java, \u00fcbernachten wir im Hotel Blambangan &#8211; eine unruhige letzte Nacht &#8211; denn morgen folgen die weiteren Etappen nach Hause&#8230;<\/p>\n<p>Und hier die Karten f\u00fcr die beiden Tage:<\/p>\n<p><iframe loading=\"lazy\" style=\"border: 0;\" src=\"https:\/\/www.google.com\/maps\/embed?pb=!1m40!1m12!1m3!1d1660.590659110982!2d114.65417040007745!3d-8.144931836873702!2m3!1f0!2f0!3f0!3m2!1i1024!2i768!4f13.1!4m25!3e2!4m5!1s0x2dd16f1eaaaaaaab%3A0x3c89059467115133!2sPUTU+Guest+House!3m2!1d-8.144435!2d114.65347!4m5!1s0x2dd16e8b558df03d%3A0x79873860c8792cc5!2sWerner+Lau+Dive+Centre!3m2!1d-8.1429312!2d114.6543791!4m5!1s0x2dd16eed85a26835%3A0x148f16ad107ca3f1!2sBali+Balance+Caf%C3%A9+Bistro!3m2!1d-8.1459082!2d114.6551872!4m5!1s0x2dd246e08a8b702f%3A0x18b36f57788bd01f!2sFrangipani+Bar+%26+Restaurant!3m2!1d-8.1461767!2d114.65432349999999!5e0!3m2!1sde!2sid!4v1512057993923\" width=\"800\" height=\"600\" frameborder=\"0\" allowfullscreen=\"allowfullscreen\"><\/iframe><\/p>\n<p><iframe loading=\"lazy\" style=\"border: 0;\" src=\"https:\/\/www.google.com\/maps\/embed?pb=!1m28!1m12!1m3!1d126376.20017445675!2d114.45936413784253!3d-8.176919451551077!2m3!1f0!2f0!3f0!3m2!1i1024!2i768!4f13.1!4m13!3e0!4m5!1s0x2dd16f1eaaaaaaab%3A0x3c89059467115133!2sPUTU+Guest+House!3m2!1d-8.144435!2d114.65347!4m5!1s0x2dd14528d80c741f%3A0xc3fb25abf718a335!2sHotel+Blambangan!3m2!1d-8.2133419!2d114.37625089999999!5e0!3m2!1sde!2sid!4v1512058695906\" width=\"800\" height=\"600\" frameborder=\"0\" allowfullscreen=\"allowfullscreen\"><\/iframe><\/p>\n<p><a href=\"http:\/\/2017.burbankwerner.de\/\"><img loading=\"lazy\" decoding=\"async\" class=\"alignright wp-image-835\" src=\"http:\/\/2017.burbankwerner.de\/wp-content\/uploads\/2017\/11\/weiter-300x122.jpg\" alt=\"\" width=\"170\" height=\"69\" srcset=\"http:\/\/2017.burbankwerner.de\/wp-content\/uploads\/2017\/11\/weiter-300x122.jpg 300w, http:\/\/2017.burbankwerner.de\/wp-content\/uploads\/2017\/11\/weiter.jpg 493w\" sizes=\"(max-width: 170px) 100vw, 170px\" \/><\/a><a href=\"http:\/\/2017.burbankwerner.de\/?page_id=977\"><img loading=\"lazy\" decoding=\"async\" class=\"alignleft wp-image-834\" src=\"http:\/\/2017.burbankwerner.de\/wp-content\/uploads\/2017\/11\/zur\u00fcck-300x121.jpg\" alt=\"\" width=\"170\" height=\"69\" srcset=\"http:\/\/2017.burbankwerner.de\/wp-content\/uploads\/2017\/11\/zur\u00fcck-300x121.jpg 300w, http:\/\/2017.burbankwerner.de\/wp-content\/uploads\/2017\/11\/zur\u00fcck.jpg 494w\" sizes=\"(max-width: 170px) 100vw, 170px\" \/><\/a><\/p>\n","protected":false},"excerpt":{"rendered":"<p>Karte 29. November &#8211; Bl\u00fctenpracht und Bloggen Frangipani &#8211; Annettes aktuelle Lieblingsbl\u00fcten &#8211; diesmal in einer beerenfarbenen Ausf\u00fchrung. Das ist mit das Sch\u00f6nste an der Insel. F\u00fcr uns freilich steht die Organisation des R\u00fcckweges im Mittelpunkt. Wendelin bucht am Morgen mit Unterst\u00fctzung von Ines einen Flug von Surabaya nach Jakarta &#8211; wir konnten in der &hellip; <a href=\"http:\/\/2017.burbankwerner.de\/?page_id=997\" class=\"more-link\"><span class=\"screen-reader-text\">29.-30. November Pemuteran<\/span> weiterlesen<\/a><\/p>\n","protected":false},"author":1,"featured_media":0,"parent":0,"menu_order":0,"comment_status":"closed","ping_status":"closed","template":"","meta":{"footnotes":""},"_links":{"self":[{"href":"http:\/\/2017.burbankwerner.de\/index.php?rest_route=\/wp\/v2\/pages\/997"}],"collection":[{"href":"http:\/\/2017.burbankwerner.de\/index.php?rest_route=\/wp\/v2\/pages"}],"about":[{"href":"http:\/\/2017.burbankwerner.de\/index.php?rest_route=\/wp\/v2\/types\/page"}],"author":[{"embeddable":true,"href":"http:\/\/2017.burbankwerner.de\/index.php?rest_route=\/wp\/v2\/users\/1"}],"replies":[{"embeddable":true,"href":"http:\/\/2017.burbankwerner.de\/index.php?rest_route=%2Fwp%2Fv2%2Fcomments&post=997"}],"version-history":[{"count":11,"href":"http:\/\/2017.burbankwerner.de\/index.php?rest_route=\/wp\/v2\/pages\/997\/revisions"}],"predecessor-version":[{"id":1120,"href":"http:\/\/2017.burbankwerner.de\/index.php?rest_route=\/wp\/v2\/pages\/997\/revisions\/1120"}],"wp:attachment":[{"href":"http:\/\/2017.burbankwerner.de\/index.php?rest_route=%2Fwp%2Fv2%2Fmedia&parent=997"}],"curies":[{"name":"wp","href":"https:\/\/api.w.org\/{rel}","templated":true}]}}