{"id":967,"date":"2017-11-29T05:22:26","date_gmt":"2017-11-29T05:22:26","guid":{"rendered":"http:\/\/2017.burbankwerner.de\/?page_id=967"},"modified":"2020-12-27T21:35:09","modified_gmt":"2020-12-27T21:35:09","slug":"27-november-von-rendang-nach-bilimbing","status":"publish","type":"page","link":"http:\/\/2017.burbankwerner.de\/?page_id=967","title":{"rendered":"27. November &#8211; Von Rendang nach Bilimbing"},"content":{"rendered":"<p><a href=\"https:\/\/goo.gl\/maps\/zYMtVUy4vw12\"><strong>Karte<\/strong><\/a><\/p>\n<p><img loading=\"lazy\" decoding=\"async\" class=\"alignnone size-large wp-image-945\" src=\"http:\/\/2017.burbankwerner.de\/wp-content\/uploads\/2017\/11\/2017-11-27-Vulkan-1024x576.jpg\" alt=\"\" width=\"660\" height=\"371\" srcset=\"http:\/\/2017.burbankwerner.de\/wp-content\/uploads\/2017\/11\/2017-11-27-Vulkan-1024x576.jpg 1024w, http:\/\/2017.burbankwerner.de\/wp-content\/uploads\/2017\/11\/2017-11-27-Vulkan-300x169.jpg 300w, http:\/\/2017.burbankwerner.de\/wp-content\/uploads\/2017\/11\/2017-11-27-Vulkan-768x432.jpg 768w, http:\/\/2017.burbankwerner.de\/wp-content\/uploads\/2017\/11\/2017-11-27-Vulkan.jpg 1200w\" sizes=\"(max-width: 660px) 100vw, 660px\" \/><\/p>\n<p>Heute morgen fr\u00fchst\u00fccken wir mit Blick auf den Vulkan &#8211; ein toller, freilich auch bedrohlicher Anblick. In den Reisfeldern arbeiten die Bauern, eine friedliche Atmosph\u00e4re &#8211; w\u00e4re da nicht die riesige Aschewolke.<\/p>\n<p>Doch um halb zehn starten wir wieder zu unserer Tour durch Zentral-Bali. Erste Station an diesem Tage ist der Tempel\u00a0Pura Kehen. Dort wurden in fr\u00fcherer Zeit die Beamten auf den regionalen K\u00f6nig vereidigt.<\/p>\n<p><img loading=\"lazy\" decoding=\"async\" class=\"alignnone size-large wp-image-943\" src=\"http:\/\/2017.burbankwerner.de\/wp-content\/uploads\/2017\/11\/2017-11-27-PuraKehen-754x1024.jpg\" alt=\"\" width=\"660\" height=\"896\" srcset=\"http:\/\/2017.burbankwerner.de\/wp-content\/uploads\/2017\/11\/2017-11-27-PuraKehen-754x1024.jpg 754w, http:\/\/2017.burbankwerner.de\/wp-content\/uploads\/2017\/11\/2017-11-27-PuraKehen-221x300.jpg 221w, http:\/\/2017.burbankwerner.de\/wp-content\/uploads\/2017\/11\/2017-11-27-PuraKehen-768x1043.jpg 768w, http:\/\/2017.burbankwerner.de\/wp-content\/uploads\/2017\/11\/2017-11-27-PuraKehen.jpg 1200w\" sizes=\"(max-width: 660px) 100vw, 660px\" \/><\/p>\n<p>Auch hier wieder Sarong-Pflicht. Und Frauen d\u00fcrfen w\u00e4hrend ihrer Tage ebenso wenig in den Tempel wie nach der Geburt, bis die Kinder die ersten Z\u00e4hne haben&#8230;Irgendwie haben alle Religionen ein Gender-Problem!<\/p>\n<p><img loading=\"lazy\" decoding=\"async\" class=\"alignnone size-large wp-image-942\" src=\"http:\/\/2017.burbankwerner.de\/wp-content\/uploads\/2017\/11\/2017-11-27-Pengilipuran_Dorf-981x1024.jpg\" alt=\"\" width=\"660\" height=\"689\" srcset=\"http:\/\/2017.burbankwerner.de\/wp-content\/uploads\/2017\/11\/2017-11-27-Pengilipuran_Dorf-981x1024.jpg 981w, http:\/\/2017.burbankwerner.de\/wp-content\/uploads\/2017\/11\/2017-11-27-Pengilipuran_Dorf-288x300.jpg 288w, http:\/\/2017.burbankwerner.de\/wp-content\/uploads\/2017\/11\/2017-11-27-Pengilipuran_Dorf-768x801.jpg 768w, http:\/\/2017.burbankwerner.de\/wp-content\/uploads\/2017\/11\/2017-11-27-Pengilipuran_Dorf.jpg 1200w\" sizes=\"(max-width: 660px) 100vw, 660px\" \/><\/p>\n<p>Pengelipuran, ein weiteres Museums-Dorf. Es ist wirklich sch\u00f6n erhalten, so dass man die 40 000 Rupien Eintritt (etwa 3 Euro) gerne zahlt. Die Dorfbewohner erhalten alle ein langestrecktes Grundst\u00fcck zugeteilt. Dort reihen sich Tempelchen, K\u00fcche (in der die \u00e4lteren Bewohner zu schlafen pflegen&#8230;) und Wohnbereiche hintereinander. Ein guter Teil ist mittlerweile umgestaltet zum Ladengesch\u00e4ft, auch die G\u00f6tter m\u00fcssen sich den Platz mit dem Warenlager teilen&#8230;<\/p>\n<p>Wir gehen bis hinten durch, da parkt das Auto der Familie, die Schweine sind dort untergebracht und nat\u00fcrlich die Toilette.<\/p>\n<p><img loading=\"lazy\" decoding=\"async\" class=\"alignnone size-large wp-image-970\" src=\"http:\/\/2017.burbankwerner.de\/wp-content\/uploads\/2017\/11\/2017-11-27-Luwak-1024x576.jpg\" alt=\"\" width=\"660\" height=\"371\" srcset=\"http:\/\/2017.burbankwerner.de\/wp-content\/uploads\/2017\/11\/2017-11-27-Luwak-1024x576.jpg 1024w, http:\/\/2017.burbankwerner.de\/wp-content\/uploads\/2017\/11\/2017-11-27-Luwak-300x169.jpg 300w, http:\/\/2017.burbankwerner.de\/wp-content\/uploads\/2017\/11\/2017-11-27-Luwak-768x432.jpg 768w, http:\/\/2017.burbankwerner.de\/wp-content\/uploads\/2017\/11\/2017-11-27-Luwak.jpg 1200w\" sizes=\"(max-width: 660px) 100vw, 660px\" \/><\/p>\n<p>Weiter geht es zu einer der ca 20 verschiedenen Anlagen, die den ber\u00fchmten Luwak-Kaffee anbieten. Diese ist besonders sch\u00f6n mit verschiedenen Etagen in die Reisterrassen hinein gebaut. Dort trinken wir einen Cappuccino aus dem Kaffee &#8211; es sind die unverdauten Kaffee-Bohnen aus den Ausscheidungen bestimmter Illtisse (Luwaks), die den Kaffee fressen. Der Dung wird gesammelt, die Bohnen gereinigt und ger\u00f6stet. Die Fermentierung beim Durchwandern des Verdauungstracks der Tiere gibt tats\u00e4chlich einen besonderen &#8211; und angenehmen &#8211; Geschmack.<\/p>\n<p>Weiter ins Dorf Petulu. Dort hatte man gro\u00dfe wirtschaftliche Sorgen &#8211; da hat der Gott der Reiher-V\u00f6gel den Dortbewohnern geraten, eine bestimmte Sorte Reiher zu hegen und zu pflegen &#8211; dann werde Wohlstand und Gl\u00fcck ins Dort zur\u00fcck kommen. Das traf auch zu, denn die Reiher ziehen seit Jahren Horden von Touristen an, denen man allesamt einen Obolus abverlangt &#8211; zu Ehren des Gottes, der diese wahrhaftige Prophezeiung abgab und zum Nutzen der Dorfbewohner&#8230;<\/p>\n<figure style=\"width: 660px\" class=\"wp-caption alignnone\"><img loading=\"lazy\" decoding=\"async\" class=\"wp-image-940 size-large\" src=\"http:\/\/2017.burbankwerner.de\/wp-content\/uploads\/2017\/11\/2017-11-27-Reiher-1024x626.jpg\" alt=\"\" width=\"660\" height=\"403\" srcset=\"http:\/\/2017.burbankwerner.de\/wp-content\/uploads\/2017\/11\/2017-11-27-Reiher-1024x626.jpg 1024w, http:\/\/2017.burbankwerner.de\/wp-content\/uploads\/2017\/11\/2017-11-27-Reiher-300x184.jpg 300w, http:\/\/2017.burbankwerner.de\/wp-content\/uploads\/2017\/11\/2017-11-27-Reiher-768x470.jpg 768w, http:\/\/2017.burbankwerner.de\/wp-content\/uploads\/2017\/11\/2017-11-27-Reiher.jpg 1200w\" sizes=\"(max-width: 660px) 100vw, 660px\" \/><figcaption class=\"wp-caption-text\">Geb\u00fchren &#8211; Reiher<\/figcaption><\/figure>\n<p><span style=\"background-color: transparent; color: #707070; font-family: 'Noto Sans', sans-serif; text-align: inherit;\">Dann sollten wir ein weiteres Mal die Reisterrassen von &#8222;Eat Pray Love&#8220;, durch die Julia Roberts gewandert ist, besichtigen. Anhalten kostet. Deshalb gibt&#8217;s hier die Reisterrassen mit Gel\u00e4nder f\u00fcr geizige Westfalen:<\/span><\/p>\n<p><img loading=\"lazy\" decoding=\"async\" class=\"alignnone size-large wp-image-969\" src=\"http:\/\/2017.burbankwerner.de\/wp-content\/uploads\/2017\/11\/2017-11-27-Reisterrassen-1024x576.jpg\" alt=\"\" width=\"660\" height=\"371\" srcset=\"http:\/\/2017.burbankwerner.de\/wp-content\/uploads\/2017\/11\/2017-11-27-Reisterrassen-1024x576.jpg 1024w, http:\/\/2017.burbankwerner.de\/wp-content\/uploads\/2017\/11\/2017-11-27-Reisterrassen-300x169.jpg 300w, http:\/\/2017.burbankwerner.de\/wp-content\/uploads\/2017\/11\/2017-11-27-Reisterrassen-768x432.jpg 768w, http:\/\/2017.burbankwerner.de\/wp-content\/uploads\/2017\/11\/2017-11-27-Reisterrassen.jpg 1200w\" sizes=\"(max-width: 660px) 100vw, 660px\" \/><\/p>\n<p>Zum Schluss noch der Taman Ayun Tempel in Mengwi.<\/p>\n<p><img loading=\"lazy\" decoding=\"async\" class=\"alignnone size-large wp-image-968\" src=\"http:\/\/2017.burbankwerner.de\/wp-content\/uploads\/2017\/11\/2017-11-27-Puri-Ayun-1024x768.jpg\" alt=\"\" width=\"660\" height=\"495\" srcset=\"http:\/\/2017.burbankwerner.de\/wp-content\/uploads\/2017\/11\/2017-11-27-Puri-Ayun-1024x768.jpg 1024w, http:\/\/2017.burbankwerner.de\/wp-content\/uploads\/2017\/11\/2017-11-27-Puri-Ayun-300x225.jpg 300w, http:\/\/2017.burbankwerner.de\/wp-content\/uploads\/2017\/11\/2017-11-27-Puri-Ayun-768x576.jpg 768w, http:\/\/2017.burbankwerner.de\/wp-content\/uploads\/2017\/11\/2017-11-27-Puri-Ayun.jpg 1200w\" sizes=\"(max-width: 660px) 100vw, 660px\" \/><\/p>\n<p>Schlie\u00dflich erreichen wir Bilimbing, wo wir bereits vor vier Jahren im Hotel Cempaka waren. Eine wirklich sch\u00f6ne Anlage. Wendelin schwimmt abends und morgens im Pool.<\/p>\n<p>Dank Pak Rupas neuem Auto und unserem Fahrer sind wir heil durch ganz Zentral-Bali gekommen. Der Agung ist nun nicht mehr zu sehen (und auch nicht zuh\u00f6ren). Aber der Flughafen bleibt weiter gesperrt.<\/p>\n<p><img loading=\"lazy\" decoding=\"async\" class=\"alignnone size-large wp-image-941\" src=\"http:\/\/2017.burbankwerner.de\/wp-content\/uploads\/2017\/11\/2017-11-27-Rupa_Auto-1024x576.jpg\" alt=\"\" width=\"660\" height=\"371\" srcset=\"http:\/\/2017.burbankwerner.de\/wp-content\/uploads\/2017\/11\/2017-11-27-Rupa_Auto-1024x576.jpg 1024w, http:\/\/2017.burbankwerner.de\/wp-content\/uploads\/2017\/11\/2017-11-27-Rupa_Auto-300x169.jpg 300w, http:\/\/2017.burbankwerner.de\/wp-content\/uploads\/2017\/11\/2017-11-27-Rupa_Auto-768x432.jpg 768w, http:\/\/2017.burbankwerner.de\/wp-content\/uploads\/2017\/11\/2017-11-27-Rupa_Auto.jpg 1200w\" sizes=\"(max-width: 660px) 100vw, 660px\" \/><\/p>\n<p>Und hier die Karte zur Fahrt<\/p>\n<p><iframe loading=\"lazy\" style=\"border: 0;\" src=\"https:\/\/www.google.com\/maps\/embed?pb=!1m51!1m12!1m3!1d126273.51852206631!2d115.18113645885182!3d-8.494767251000166!2m3!1f0!2f0!3f0!3m2!1i1024!2i768!4f13.1!4m36!3e0!4m4!1s0x2dd21b087af14de9%3A0x6b4e4379e63423dd!3m2!1d-8.423260599999999!2d115.4281999!4m5!1s0x2dd21e398e479d23%3A0xf5a4608412905c5d!2sPura+Kehen%2C+Cempaga%2C+Bangli%2C+Bali!3m2!1d-8.4418399!2d115.35991179999999!4m5!1s0x2dd2196eace4f4a9%3A0x3319169adf0c3419!2sPengelipuran+Village%2C+Jalan+Penglipuran%2C+Kubu%2C+Bangli%2C+Bali!3m2!1d-8.4230304!2d115.36132309999999!4m5!1s0x2dd23d51a958be6f%3A0x5030bfbca830fc0!2sPetulu%2C+Gianyar%2C+Bali!3m2!1d-8.493227599999999!2d115.2733865!4m5!1s0x2dd23b90db7a4001%3A0xaf262ff28fc4caed!2sTaman+Ayun+Temple%2C+Mengwi%2C+Badung%2C+Bali!3m2!1d-8.5416323!2d115.1726013!4m5!1s0x2dd22ecb7ce6d9ab%3A0x87a105d43339d72f!2sCempaka+Belimbing+Villas%2C+Jalan+Raya+Belimbing%2C+Banjar+Suradadi%2C+Belimbing+Village%2C+Pupuan%2C+Belimbing%2C+Tabanan%2C+Tabanan+Regency%2C+Bali+82163!3m2!1d-8.422376!2d115.028593!5e0!3m2!1sde!2sid!4v1511930818011\" width=\"800\" height=\"600\" frameborder=\"0\" allowfullscreen=\"allowfullscreen\"><\/iframe><\/p>\n<p><a href=\"http:\/\/2017.burbankwerner.de\/?page_id=977\"><img loading=\"lazy\" decoding=\"async\" class=\"alignright wp-image-835\" src=\"http:\/\/2017.burbankwerner.de\/wp-content\/uploads\/2017\/11\/weiter-300x122.jpg\" alt=\"\" width=\"170\" height=\"69\" srcset=\"http:\/\/2017.burbankwerner.de\/wp-content\/uploads\/2017\/11\/weiter-300x122.jpg 300w, http:\/\/2017.burbankwerner.de\/wp-content\/uploads\/2017\/11\/weiter.jpg 493w\" sizes=\"(max-width: 170px) 100vw, 170px\" \/><\/a><a href=\"http:\/\/2017.burbankwerner.de\/?page_id=812\"><img loading=\"lazy\" decoding=\"async\" class=\"alignleft wp-image-834\" src=\"http:\/\/2017.burbankwerner.de\/wp-content\/uploads\/2017\/11\/zur\u00fcck-300x121.jpg\" alt=\"\" width=\"170\" height=\"69\" srcset=\"http:\/\/2017.burbankwerner.de\/wp-content\/uploads\/2017\/11\/zur\u00fcck-300x121.jpg 300w, http:\/\/2017.burbankwerner.de\/wp-content\/uploads\/2017\/11\/zur\u00fcck.jpg 494w\" sizes=\"(max-width: 170px) 100vw, 170px\" \/><\/a><\/p>\n","protected":false},"excerpt":{"rendered":"<p>Karte Heute morgen fr\u00fchst\u00fccken wir mit Blick auf den Vulkan &#8211; ein toller, freilich auch bedrohlicher Anblick. In den Reisfeldern arbeiten die Bauern, eine friedliche Atmosph\u00e4re &#8211; w\u00e4re da nicht die riesige Aschewolke. Doch um halb zehn starten wir wieder zu unserer Tour durch Zentral-Bali. Erste Station an diesem Tage ist der Tempel\u00a0Pura Kehen. Dort &hellip; <a href=\"http:\/\/2017.burbankwerner.de\/?page_id=967\" class=\"more-link\"><span class=\"screen-reader-text\">27. November &#8211; Von Rendang nach Bilimbing<\/span> weiterlesen<\/a><\/p>\n","protected":false},"author":1,"featured_media":0,"parent":0,"menu_order":0,"comment_status":"closed","ping_status":"closed","template":"","meta":{"footnotes":""},"_links":{"self":[{"href":"http:\/\/2017.burbankwerner.de\/index.php?rest_route=\/wp\/v2\/pages\/967"}],"collection":[{"href":"http:\/\/2017.burbankwerner.de\/index.php?rest_route=\/wp\/v2\/pages"}],"about":[{"href":"http:\/\/2017.burbankwerner.de\/index.php?rest_route=\/wp\/v2\/types\/page"}],"author":[{"embeddable":true,"href":"http:\/\/2017.burbankwerner.de\/index.php?rest_route=\/wp\/v2\/users\/1"}],"replies":[{"embeddable":true,"href":"http:\/\/2017.burbankwerner.de\/index.php?rest_route=%2Fwp%2Fv2%2Fcomments&post=967"}],"version-history":[{"count":5,"href":"http:\/\/2017.burbankwerner.de\/index.php?rest_route=\/wp\/v2\/pages\/967\/revisions"}],"predecessor-version":[{"id":994,"href":"http:\/\/2017.burbankwerner.de\/index.php?rest_route=\/wp\/v2\/pages\/967\/revisions\/994"}],"wp:attachment":[{"href":"http:\/\/2017.burbankwerner.de\/index.php?rest_route=%2Fwp%2Fv2%2Fmedia&parent=967"}],"curies":[{"name":"wp","href":"https:\/\/api.w.org\/{rel}","templated":true}]}}