{"id":890,"date":"2017-11-23T01:09:22","date_gmt":"2017-11-23T01:09:22","guid":{"rendered":"http:\/\/2017.burbankwerner.de\/?page_id=890"},"modified":"2020-12-27T21:34:52","modified_gmt":"2020-12-27T21:34:52","slug":"20-23-november-abschied-von-adeleide","status":"publish","type":"page","link":"http:\/\/2017.burbankwerner.de\/?page_id=890","title":{"rendered":"20.-23. November &#8211; Abschied von Adeleide"},"content":{"rendered":"<p><a href=\"https:\/\/goo.gl\/maps\/CZw4bHLvbQJ2\"><strong>Karte<\/strong><\/a><\/p>\n<h3>Montag, 20. November &#8211; Essen mit Janet und Leigh<\/h3>\n<p><a href=\"http:\/\/2017.burbankwerner.de\/?page_id=906\"><img loading=\"lazy\" decoding=\"async\" class=\"alignright wp-image-95\" src=\"http:\/\/2017.burbankwerner.de\/wp-content\/uploads\/2017\/09\/Union-Jack-300x150.png\" alt=\"\" width=\"162\" height=\"81\" srcset=\"http:\/\/2017.burbankwerner.de\/wp-content\/uploads\/2017\/09\/Union-Jack-300x150.png 300w, http:\/\/2017.burbankwerner.de\/wp-content\/uploads\/2017\/09\/Union-Jack-768x384.png 768w, http:\/\/2017.burbankwerner.de\/wp-content\/uploads\/2017\/09\/Union-Jack-1024x512.png 1024w, http:\/\/2017.burbankwerner.de\/wp-content\/uploads\/2017\/09\/Union-Jack.png 1280w\" sizes=\"(max-width: 162px) 100vw, 162px\" \/><\/a>Am Montag Vormittag erwarten Kerryn und John den &#8222;Builder&#8220;, also den Handwerker, der den Einbau der K\u00fcche vorbereitet. W\u00e4nde m\u00fcssen ver\u00e4ndert werden, Leitungen verlegt und an vielen Stellen wird ausgebessert.<\/p>\n<p>Wendelin f\u00e4hrt John gegen 11 Uhr zum Flughafen &#8211; und am Abend holen wir Kerryn von der Arbeit ab, denn wir treffen uns mit Janet, Leigh und der Tochter Erin zum Abendessen.<\/p>\n<p><img loading=\"lazy\" decoding=\"async\" class=\"alignnone wp-image-899 size-large\" src=\"http:\/\/2017.burbankwerner.de\/wp-content\/uploads\/2017\/11\/2017-11-20-JanetLeigh-1024x768.jpg\" alt=\"\" width=\"660\" height=\"495\" srcset=\"http:\/\/2017.burbankwerner.de\/wp-content\/uploads\/2017\/11\/2017-11-20-JanetLeigh-1024x768.jpg 1024w, http:\/\/2017.burbankwerner.de\/wp-content\/uploads\/2017\/11\/2017-11-20-JanetLeigh-300x225.jpg 300w, http:\/\/2017.burbankwerner.de\/wp-content\/uploads\/2017\/11\/2017-11-20-JanetLeigh-768x576.jpg 768w, http:\/\/2017.burbankwerner.de\/wp-content\/uploads\/2017\/11\/2017-11-20-JanetLeigh.jpg 1200w\" sizes=\"(max-width: 660px) 100vw, 660px\" \/><\/p>\n<p>Nun hei\u00dft es also Abschied nehmen &#8211; und noch letzte Eink\u00e4ufe t\u00e4tigen.<\/p>\n<h3>Dienstag, 21. November &#8211; Shopping und Farewell bei Anne und Tony<\/h3>\n<p>Am Dienstag fahren wir &#8211; nach einigen sonstigen notwendigen Verrichtungen &#8211; in die Stadt. Kerryn hat heute &#8222;frei&#8220; &#8211; so kann sie sich auf die Arbeit konzentrieren und mal fr\u00fcher ins Bett gehen.<\/p>\n<p>Wir suchen in der &#8222;Rundle Mall&#8220;, der gro\u00dfen Einkaufsstra\u00dfe von Adelaide nach Schuhen und nach einer Windjacke. Das ist alles nicht so einfach &#8211; obwohl sich in der Rundle Mall und der anschlie\u00dfenden Rundle Street Outdoor-Laden an Outdoor-Laden reiht.<\/p>\n<figure id=\"attachment_897\" aria-describedby=\"caption-attachment-897\" style=\"width: 660px\" class=\"wp-caption alignnone\"><img loading=\"lazy\" decoding=\"async\" class=\"wp-image-897 size-large\" src=\"http:\/\/2017.burbankwerner.de\/wp-content\/uploads\/2017\/11\/2017-11-21-Mall-1024x768.jpg\" alt=\"\" width=\"660\" height=\"495\" srcset=\"http:\/\/2017.burbankwerner.de\/wp-content\/uploads\/2017\/11\/2017-11-21-Mall-1024x768.jpg 1024w, http:\/\/2017.burbankwerner.de\/wp-content\/uploads\/2017\/11\/2017-11-21-Mall-300x225.jpg 300w, http:\/\/2017.burbankwerner.de\/wp-content\/uploads\/2017\/11\/2017-11-21-Mall-768x576.jpg 768w, http:\/\/2017.burbankwerner.de\/wp-content\/uploads\/2017\/11\/2017-11-21-Mall.jpg 1172w\" sizes=\"(max-width: 660px) 100vw, 660px\" \/><figcaption id=\"caption-attachment-897\" class=\"wp-caption-text\">Das ist eine der vielen Einkaufspassagen in der Rundle Mall<\/figcaption><\/figure>\n<p>Mit den Schuhen sind wir nach einiger Zeit klar &#8211; und auch eine Windjacke ist gefunden, aber erstmal wollen wir da nochmal den Preis checken.<\/p>\n<p>Zur\u00fcck bei Kerryn und John kochen wir ein leckeres Abendessen f\u00fcr Kerryn.<\/p>\n<p>Dann starten wir ein weiteres Mal nach Belair, zu Anne und Tony, die uns nochmal zum Essen eingeladen haben. Tony hat diesmal mediterranes Huhn zubereitet &#8211; zum Nachtisch zeigen wir Bilder, die wir von zu Hause heruntergeladen haben. Tony und Anne am\u00fcsieren sich k\u00f6stlich \u00fcber die Tanznummern der Wandersitzung, die wir zeigen.<\/p>\n<h3>Mittwoch, 22. November &#8211; Besuch bei Jane und in Noarlunga bei Peter und Wendy<\/h3>\n<p>Der Mittwoch steht schon ganz im Zeichen des Aufbruchs &#8211; wir suchen unsere Sachen zusammen, gehen vormittags noch die Windjacke kaufen. Es ist tats\u00e4chlich ein Modell von The North Face, das es in Europa gar nicht gibt. Und wir kriegen noch 10 % Rabatt.<\/p>\n<p>In die Stadt bringt uns der kostenlose &#8222;Adelaide Explorer Bus&#8220;. Er verkehrt alle viertel Stunde &#8211; aber herauszubekommen, wo er f\u00e4hrt und an welcher der mit phantasievollen Bezeichnungen wie &#8222;X3&#8220; &#8222;GI&#8220; oder &#8222;W5&#8220; gekennzeichneten Haltestellen er h\u00e4lt, ist nicht so einfach.<\/p>\n<figure id=\"attachment_896\" aria-describedby=\"caption-attachment-896\" style=\"width: 660px\" class=\"wp-caption alignnone\"><img loading=\"lazy\" decoding=\"async\" class=\"wp-image-896 size-large\" src=\"http:\/\/2017.burbankwerner.de\/wp-content\/uploads\/2017\/11\/2017-11-22-Bus-1024x768.jpg\" alt=\"\" width=\"660\" height=\"495\" srcset=\"http:\/\/2017.burbankwerner.de\/wp-content\/uploads\/2017\/11\/2017-11-22-Bus-1024x768.jpg 1024w, http:\/\/2017.burbankwerner.de\/wp-content\/uploads\/2017\/11\/2017-11-22-Bus-300x225.jpg 300w, http:\/\/2017.burbankwerner.de\/wp-content\/uploads\/2017\/11\/2017-11-22-Bus-768x576.jpg 768w, http:\/\/2017.burbankwerner.de\/wp-content\/uploads\/2017\/11\/2017-11-22-Bus.jpg 1200w\" sizes=\"(max-width: 660px) 100vw, 660px\" \/><figcaption id=\"caption-attachment-896\" class=\"wp-caption-text\">Annette im Bus zur\u00fcck &#8211; der freundliche Busfahrer ist hinter der Trennwand verborgen<\/figcaption><\/figure>\n<p>Daf\u00fcr sind die Busfahrer wirklich ein Beispiel an Freundlichkeit &#8211; kein Vergleich mit Deutschland, insbesondere die KVB k\u00f6nnte sich da eine dicke Scheibe abschneiden!<\/p>\n<p>Als wir gestern in die Stadt gefahren sind, haben wir an einer falschen Haltestelle gewartet. Es kam ein Bus. Der Busfahrer hat uns ausgiebig erkl\u00e4rt, wo wir abfahren m\u00fcssten &#8211; und dann hat er gefragt, wo wir hinwollen. &#8222;Rundle Mall? Hop on Board, it&#8217;s only one section&#8230;&#8220; und hat uns kostenlos mitfahren lassen.<\/p>\n<p>Zur\u00fcck am Mittwoch nehmen wir wieder einen Bezahl-Bus. Und erwischen prompt wieder einen &#8222;F&#8220; Bus, der in der Innenstadt nur Passagiere aufnimmt, aber keine absetzt. Der Busfahrer fragt neugierig, woher wir kommen, ob wir &#8222;interstate&#8220; Reisende sind, die sich nat\u00fcrlich nicht so auskennen&#8230;einfach an Bord, wir kriegen ein Kurzstrecken Ticket, er l\u00e4sst uns an der Haltestelle raus&#8230;sagenhaft!<\/p>\n<p>Also die Busfahrer in Adelaide (aber auch die in Melbourne&#8230;) zeigen &#8211; auch in diesem Beruf ist Freundlichkeit m\u00f6glich!<\/p>\n<p>Nach unseren Busabenteuern holen wir Kerryn von der Arbeit ab &#8211; sie hat sich extra f\u00fcr uns noch einen halben Tag frei genommen. Wir fahren nochmals raus zu Jane, die sich \u00fcber den Besuch sehr freut.<\/p>\n<p>Das Pflegeheim, in dem sie lebt, liegt nahe bei Port Noarlunga, einer kleinen Stadt am Spencer Golf, s\u00fcdlich von Adelaide. Dort hat Kerryn einige Zeit mit ihrem ersten Mann gelebt &#8211; wir fahren einmal um die Ecken &#8211; und sie schaut sich ihre fr\u00fcheren Wohnh\u00e4user an.<\/p>\n<p>In Port Noarlunga wohnen auch Peter und Wendy &#8211; Bekannte von Anne und Kerryn. Sie waren vor Jahren bei uns in K\u00f6ln und wir haben gemeinsam eine Rheintour unternommen.<\/p>\n<p>Nach dem wir auch hier einen Blick auf die Bilder von damals (unseren Reisen 2007 und 2011) geworfen haben, gehen wir Essen.<\/p>\n<p><img loading=\"lazy\" decoding=\"async\" class=\"alignnone size-large wp-image-895\" src=\"http:\/\/2017.burbankwerner.de\/wp-content\/uploads\/2017\/11\/2017-11-22-PeterWendy-1024x778.jpg\" alt=\"\" width=\"660\" height=\"501\" srcset=\"http:\/\/2017.burbankwerner.de\/wp-content\/uploads\/2017\/11\/2017-11-22-PeterWendy-1024x778.jpg 1024w, http:\/\/2017.burbankwerner.de\/wp-content\/uploads\/2017\/11\/2017-11-22-PeterWendy-300x228.jpg 300w, http:\/\/2017.burbankwerner.de\/wp-content\/uploads\/2017\/11\/2017-11-22-PeterWendy-768x583.jpg 768w\" sizes=\"(max-width: 660px) 100vw, 660px\" \/><\/p>\n<p>Der Abend klingt in der provisorischen K\u00fcche, dem hohen Tisch in Kerryn und Johns Garten &#8211; und bei einem Gl\u00e4schen Wei\u00dfwein aus&#8230;<\/p>\n<p>Morgen wird es ernst, es geht wieder Richtung Heimat &#8211; wenn auch mit einem l\u00e4ngeren Stop auf dem australischen Mallorca &#8211; Bali.<\/p>\n<h3>Donnerstag, 23. November &#8211; Abreise<\/h3>\n<p>Heute morgen treffen wir wieder den Handwerker, der seit drei Tagen an der K\u00fcche unserer Gastgeber werkelt.<\/p>\n<p>Das ist schon nicht selbstverst\u00e4ndlich: Viele h\u00e4tten gesagt &#8211; &#8222;geht bitte ins Hotel, wir haben die Handwerker im Haus&#8220;. Aber mit Kerryn und John war es v\u00f6llig unkompliziert.<\/p>\n<figure id=\"attachment_894\" aria-describedby=\"caption-attachment-894\" style=\"width: 660px\" class=\"wp-caption alignnone\"><img loading=\"lazy\" decoding=\"async\" class=\"wp-image-894 size-large\" src=\"http:\/\/2017.burbankwerner.de\/wp-content\/uploads\/2017\/11\/2017-11-23-Baustelle-1024x768.jpg\" alt=\"\" width=\"660\" height=\"495\" srcset=\"http:\/\/2017.burbankwerner.de\/wp-content\/uploads\/2017\/11\/2017-11-23-Baustelle-1024x768.jpg 1024w, http:\/\/2017.burbankwerner.de\/wp-content\/uploads\/2017\/11\/2017-11-23-Baustelle-300x225.jpg 300w, http:\/\/2017.burbankwerner.de\/wp-content\/uploads\/2017\/11\/2017-11-23-Baustelle-768x576.jpg 768w, http:\/\/2017.burbankwerner.de\/wp-content\/uploads\/2017\/11\/2017-11-23-Baustelle.jpg 1200w\" sizes=\"(max-width: 660px) 100vw, 660px\" \/><figcaption id=\"caption-attachment-894\" class=\"wp-caption-text\">Die Baustelle &#8211; bald die sch\u00f6nste K\u00fcche von North Adelaide<\/figcaption><\/figure>\n<p>Sie haben uns ganz selbstverst\u00e4ndlich aufgenommen. Wir haben so gut es geht mitgeholfen. Und gemeinsam haben wir die &#8222;provisorische K\u00fcche&#8220; auf der Terrasse eingerichtet. Jedenfalls hatten wir viel Spa\u00df dabei!<\/p>\n<figure id=\"attachment_893\" aria-describedby=\"caption-attachment-893\" style=\"width: 660px\" class=\"wp-caption alignnone\"><img loading=\"lazy\" decoding=\"async\" class=\"wp-image-893 size-large\" src=\"http:\/\/2017.burbankwerner.de\/wp-content\/uploads\/2017\/11\/2017-11-23-Impro_K\u00fcche-1024x768.jpg\" alt=\"\" width=\"660\" height=\"495\" srcset=\"http:\/\/2017.burbankwerner.de\/wp-content\/uploads\/2017\/11\/2017-11-23-Impro_K\u00fcche-1024x768.jpg 1024w, http:\/\/2017.burbankwerner.de\/wp-content\/uploads\/2017\/11\/2017-11-23-Impro_K\u00fcche-300x225.jpg 300w, http:\/\/2017.burbankwerner.de\/wp-content\/uploads\/2017\/11\/2017-11-23-Impro_K\u00fcche-768x576.jpg 768w, http:\/\/2017.burbankwerner.de\/wp-content\/uploads\/2017\/11\/2017-11-23-Impro_K\u00fcche.jpg 1200w\" sizes=\"(max-width: 660px) 100vw, 660px\" \/><figcaption id=\"caption-attachment-893\" class=\"wp-caption-text\">Die provisorische K\u00fcche auf der Terrasse<\/figcaption><\/figure>\n<p>Wir treffen Kerryn noch einmal, haben einen &#8222;Lunch&#8220; zusammen &#8211; und dann hei\u00dft es f\u00fcr diesmal Abschied nehmen.<\/p>\n<p>Uns bleibt der \u00fcbliche Weg zum Flughafen, Check-in und Warten auf den Abflug&#8230;noch sind wir nicht durch die Sicherheitsschleuse &#8211; aber wir melden uns hier auch aus Bali!<\/p>\n<p>Und hier die Karte zu den Unternehmungen:<\/p>\n<p><iframe loading=\"lazy\" style=\"border: 0;\" src=\"https:\/\/www.google.com\/maps\/embed?pb=!1m42!1m12!1m3!1d209083.30491040144!2d138.39485472037506!3d-35.033565125435715!2m3!1f0!2f0!3f0!3m2!1i1024!2i768!4f13.1!4m27!3e0!4m5!1s0x6ab0c8d60ead9411%3A0xc9f08048eda13e38!2sKermode+St%2C+North+Adelaide+SA+5006%2C+Australien!3m2!1d-34.911730299999995!2d138.5976691!4m3!3m2!1d-35.1529539!2d138.5196662!4m3!3m2!1d-35.147688699999996!2d138.47219099999998!4m5!1s0x6ab0c8d60ead9411%3A0xc9f08048eda13e38!2sKermode+St%2C+North+Adelaide+SA+5006%2C+Australien!3m2!1d-34.911730299999995!2d138.5976691!4m5!1s0x6ab0c53c8a1e29cf%3A0xf03365545b8f0f0!2sFlughafen+Adelaide%2C+1+James+Schofield+Dr%2C+Adelaide+Airport+SA+5950%2C+Australien!3m2!1d-34.9461557!2d138.5332378!5e0!3m2!1sde!2sid!4v1511618493101\" width=\"800\" height=\"600\" frameborder=\"0\" allowfullscreen=\"allowfullscreen\"><\/iframe><\/p>\n<p><a href=\"http:\/\/2017.burbankwerner.de\/?page_id=916\"><img loading=\"lazy\" decoding=\"async\" class=\"alignright wp-image-835\" src=\"http:\/\/2017.burbankwerner.de\/wp-content\/uploads\/2017\/11\/weiter-300x122.jpg\" alt=\"\" width=\"170\" height=\"69\" srcset=\"http:\/\/2017.burbankwerner.de\/wp-content\/uploads\/2017\/11\/weiter-300x122.jpg 300w, http:\/\/2017.burbankwerner.de\/wp-content\/uploads\/2017\/11\/weiter.jpg 493w\" sizes=\"(max-width: 170px) 100vw, 170px\" \/><\/a><a href=\"http:\/\/2017.burbankwerner.de\/?page_id=852\"><img loading=\"lazy\" decoding=\"async\" class=\"alignleft wp-image-834\" src=\"http:\/\/2017.burbankwerner.de\/wp-content\/uploads\/2017\/11\/zur\u00fcck-300x121.jpg\" alt=\"\" width=\"170\" height=\"69\" srcset=\"http:\/\/2017.burbankwerner.de\/wp-content\/uploads\/2017\/11\/zur\u00fcck-300x121.jpg 300w, http:\/\/2017.burbankwerner.de\/wp-content\/uploads\/2017\/11\/zur\u00fcck.jpg 494w\" sizes=\"(max-width: 170px) 100vw, 170px\" \/><\/a><\/p>\n","protected":false},"excerpt":{"rendered":"<p>Karte Montag, 20. November &#8211; Essen mit Janet und Leigh Am Montag Vormittag erwarten Kerryn und John den &#8222;Builder&#8220;, also den Handwerker, der den Einbau der K\u00fcche vorbereitet. W\u00e4nde m\u00fcssen ver\u00e4ndert werden, Leitungen verlegt und an vielen Stellen wird ausgebessert. Wendelin f\u00e4hrt John gegen 11 Uhr zum Flughafen &#8211; und am Abend holen wir Kerryn &hellip; <a href=\"http:\/\/2017.burbankwerner.de\/?page_id=890\" class=\"more-link\"><span class=\"screen-reader-text\">20.-23. November &#8211; Abschied von Adeleide<\/span> weiterlesen<\/a><\/p>\n","protected":false},"author":1,"featured_media":0,"parent":0,"menu_order":0,"comment_status":"closed","ping_status":"closed","template":"","meta":{"footnotes":""},"_links":{"self":[{"href":"http:\/\/2017.burbankwerner.de\/index.php?rest_route=\/wp\/v2\/pages\/890"}],"collection":[{"href":"http:\/\/2017.burbankwerner.de\/index.php?rest_route=\/wp\/v2\/pages"}],"about":[{"href":"http:\/\/2017.burbankwerner.de\/index.php?rest_route=\/wp\/v2\/types\/page"}],"author":[{"embeddable":true,"href":"http:\/\/2017.burbankwerner.de\/index.php?rest_route=\/wp\/v2\/users\/1"}],"replies":[{"embeddable":true,"href":"http:\/\/2017.burbankwerner.de\/index.php?rest_route=%2Fwp%2Fv2%2Fcomments&post=890"}],"version-history":[{"count":10,"href":"http:\/\/2017.burbankwerner.de\/index.php?rest_route=\/wp\/v2\/pages\/890\/revisions"}],"predecessor-version":[{"id":1117,"href":"http:\/\/2017.burbankwerner.de\/index.php?rest_route=\/wp\/v2\/pages\/890\/revisions\/1117"}],"wp:attachment":[{"href":"http:\/\/2017.burbankwerner.de\/index.php?rest_route=%2Fwp%2Fv2%2Fmedia&parent=890"}],"curies":[{"name":"wp","href":"https:\/\/api.w.org\/{rel}","templated":true}]}}