{"id":812,"date":"2017-11-14T01:51:06","date_gmt":"2017-11-14T01:51:06","guid":{"rendered":"http:\/\/2017.burbankwerner.de\/?page_id=812"},"modified":"2020-12-27T21:33:41","modified_gmt":"2020-12-27T21:33:41","slug":"11-13-november-in-black-point","status":"publish","type":"page","link":"http:\/\/2017.burbankwerner.de\/?page_id=812","title":{"rendered":"11. &#8211; 13. November &#8211; in Black Point"},"content":{"rendered":"<p><a href=\"https:\/\/goo.gl\/maps\/HWVaAKDzq5G2\"><strong>Karte<\/strong><\/a><\/p>\n<h2>11. November &#8211; Samstag<\/h2>\n<p><img loading=\"lazy\" decoding=\"async\" class=\"alignnone size-large wp-image-813\" src=\"http:\/\/2017.burbankwerner.de\/wp-content\/uploads\/2017\/11\/2017-11-12-shack-1024x768.jpg\" alt=\"\" width=\"660\" height=\"495\" srcset=\"http:\/\/2017.burbankwerner.de\/wp-content\/uploads\/2017\/11\/2017-11-12-shack-1024x768.jpg 1024w, http:\/\/2017.burbankwerner.de\/wp-content\/uploads\/2017\/11\/2017-11-12-shack-300x225.jpg 300w, http:\/\/2017.burbankwerner.de\/wp-content\/uploads\/2017\/11\/2017-11-12-shack-768x576.jpg 768w, http:\/\/2017.burbankwerner.de\/wp-content\/uploads\/2017\/11\/2017-11-12-shack.jpg 1200w\" sizes=\"(max-width: 660px) 100vw, 660px\" \/><\/p>\n<p><a href=\"http:\/\/2017.burbankwerner.de\/?page_id=819\"><img loading=\"lazy\" decoding=\"async\" class=\"wp-image-95 alignright\" src=\"http:\/\/2017.burbankwerner.de\/wp-content\/uploads\/2017\/09\/Union-Jack-300x150.png\" alt=\"\" width=\"166\" height=\"83\" srcset=\"http:\/\/2017.burbankwerner.de\/wp-content\/uploads\/2017\/09\/Union-Jack-300x150.png 300w, http:\/\/2017.burbankwerner.de\/wp-content\/uploads\/2017\/09\/Union-Jack-768x384.png 768w, http:\/\/2017.burbankwerner.de\/wp-content\/uploads\/2017\/09\/Union-Jack-1024x512.png 1024w, http:\/\/2017.burbankwerner.de\/wp-content\/uploads\/2017\/09\/Union-Jack.png 1280w\" sizes=\"(max-width: 166px) 100vw, 166px\" \/><\/a>Das ist das Strandhaus von Janet und Leigh auf der York-Halbinsel, die sich westlich um den Spencer-Golf herum zieht.<\/p>\n<p>Das H\u00e4uschen ist nicht luxuri\u00f6s, aber sehr praktisch, mit K\u00fcche und Badezimmer. Hier wollen wir \u00fcber das Wochenende bleiben.<\/p>\n<p>Am Samstag fahren wir hin und machen einen langen Strandspaziergang.<\/p>\n<p>Anschlie\u00dfend lernen wir auf dem &#8222;Standboard&#8220; &#8211; dem Stehbrett &#8211; zu paddeln:<\/p>\n<p><img loading=\"lazy\" decoding=\"async\" class=\"alignnone size-large wp-image-816\" src=\"http:\/\/2017.burbankwerner.de\/wp-content\/uploads\/2017\/11\/2017-11-11-Standboard-1024x672.jpg\" alt=\"\" width=\"660\" height=\"433\" srcset=\"http:\/\/2017.burbankwerner.de\/wp-content\/uploads\/2017\/11\/2017-11-11-Standboard-1024x672.jpg 1024w, http:\/\/2017.burbankwerner.de\/wp-content\/uploads\/2017\/11\/2017-11-11-Standboard-300x197.jpg 300w, http:\/\/2017.burbankwerner.de\/wp-content\/uploads\/2017\/11\/2017-11-11-Standboard-768x504.jpg 768w, http:\/\/2017.burbankwerner.de\/wp-content\/uploads\/2017\/11\/2017-11-11-Standboard.jpg 1200w\" sizes=\"(max-width: 660px) 100vw, 660px\" \/><\/p>\n<p>Abends wird gekocht &#8211; es gibt eine leckere Lasagne, die Janet zubereitet.<\/p>\n<p>Am sp\u00e4teren Abend schaut Wendelin via Internet die Er\u00f6ffnung des Karnevals in K\u00f6ln&#8230;<\/p>\n<h2>12. November &#8211; Sonntag<\/h2>\n<p>Heute morgen ist auch Leigh aus Adelaide gekommen. Er macht das Boot der beiden startklar &#8211; und dann fahren wir zum Krebse-Fischen auf die Bucht hinaus.<\/p>\n<p><img loading=\"lazy\" decoding=\"async\" class=\"alignnone size-large wp-image-796\" src=\"http:\/\/2017.burbankwerner.de\/wp-content\/uploads\/2017\/11\/2017-11-12-Bootsfahren-1024x768.jpg\" alt=\"\" width=\"660\" height=\"495\" srcset=\"http:\/\/2017.burbankwerner.de\/wp-content\/uploads\/2017\/11\/2017-11-12-Bootsfahren-1024x768.jpg 1024w, http:\/\/2017.burbankwerner.de\/wp-content\/uploads\/2017\/11\/2017-11-12-Bootsfahren-300x225.jpg 300w, http:\/\/2017.burbankwerner.de\/wp-content\/uploads\/2017\/11\/2017-11-12-Bootsfahren-768x576.jpg 768w, http:\/\/2017.burbankwerner.de\/wp-content\/uploads\/2017\/11\/2017-11-12-Bootsfahren.jpg 1200w\" sizes=\"(max-width: 660px) 100vw, 660px\" \/><\/p>\n<p>Das Krebse-fangen (sie werden mit K\u00f6dern in eine Reuse gelockt &#8211; die muss man dann sehr schnell nach oben ziehen, damit die blauen Krebse nicht \u00fcber den Seitenrand hinaus kriechen) ist nicht Annettes Sache. Mit R\u00fccksicht auf alle tierliebenden Menschen haben wir auch auf r\u00fcde Darstellungen verzichtet. Aber wer essen will, muss eben auch fangen&#8230;<\/p>\n<p><img loading=\"lazy\" decoding=\"async\" class=\"alignnone size-large wp-image-794\" src=\"http:\/\/2017.burbankwerner.de\/wp-content\/uploads\/2017\/11\/2017-11-12-WLeigh-1024x700.jpg\" alt=\"\" width=\"660\" height=\"451\" srcset=\"http:\/\/2017.burbankwerner.de\/wp-content\/uploads\/2017\/11\/2017-11-12-WLeigh-1024x700.jpg 1024w, http:\/\/2017.burbankwerner.de\/wp-content\/uploads\/2017\/11\/2017-11-12-WLeigh-300x205.jpg 300w, http:\/\/2017.burbankwerner.de\/wp-content\/uploads\/2017\/11\/2017-11-12-WLeigh-768x525.jpg 768w, http:\/\/2017.burbankwerner.de\/wp-content\/uploads\/2017\/11\/2017-11-12-WLeigh.jpg 1200w\" sizes=\"(max-width: 660px) 100vw, 660px\" \/><\/p>\n<p>Gemeinsam haben wir 18 Krebse gefangen.<\/p>\n<p><img loading=\"lazy\" decoding=\"async\" class=\"alignnone size-large wp-image-798\" src=\"http:\/\/2017.burbankwerner.de\/wp-content\/uploads\/2017\/11\/2017-11-12-AlleaufBoot-1024x712.jpg\" alt=\"\" width=\"660\" height=\"459\" srcset=\"http:\/\/2017.burbankwerner.de\/wp-content\/uploads\/2017\/11\/2017-11-12-AlleaufBoot-1024x712.jpg 1024w, http:\/\/2017.burbankwerner.de\/wp-content\/uploads\/2017\/11\/2017-11-12-AlleaufBoot-300x209.jpg 300w, http:\/\/2017.burbankwerner.de\/wp-content\/uploads\/2017\/11\/2017-11-12-AlleaufBoot-768x534.jpg 768w, http:\/\/2017.burbankwerner.de\/wp-content\/uploads\/2017\/11\/2017-11-12-AlleaufBoot.jpg 1200w\" sizes=\"(max-width: 660px) 100vw, 660px\" \/><\/p>\n<p>&#8230;und die schmecken wirklich vorz\u00fcglich. Annette genie\u00dft&#8230;<\/p>\n<p><img loading=\"lazy\" decoding=\"async\" class=\"alignnone size-large wp-image-797\" src=\"http:\/\/2017.burbankwerner.de\/wp-content\/uploads\/2017\/11\/2017-11-12-allemKrabben-1024x759.jpg\" alt=\"\" width=\"660\" height=\"489\" srcset=\"http:\/\/2017.burbankwerner.de\/wp-content\/uploads\/2017\/11\/2017-11-12-allemKrabben-1024x759.jpg 1024w, http:\/\/2017.burbankwerner.de\/wp-content\/uploads\/2017\/11\/2017-11-12-allemKrabben-300x223.jpg 300w, http:\/\/2017.burbankwerner.de\/wp-content\/uploads\/2017\/11\/2017-11-12-allemKrabben-768x570.jpg 768w, http:\/\/2017.burbankwerner.de\/wp-content\/uploads\/2017\/11\/2017-11-12-allemKrabben.jpg 1200w\" sizes=\"(max-width: 660px) 100vw, 660px\" \/><\/p>\n<h3>13. November &#8211; Montag<\/h3>\n<p><img loading=\"lazy\" decoding=\"async\" class=\"alignnone size-large wp-image-793\" src=\"http:\/\/2017.burbankwerner.de\/wp-content\/uploads\/2017\/11\/2017-11-13-ABKanu-1024x727.jpg\" alt=\"\" width=\"660\" height=\"469\" srcset=\"http:\/\/2017.burbankwerner.de\/wp-content\/uploads\/2017\/11\/2017-11-13-ABKanu-1024x727.jpg 1024w, http:\/\/2017.burbankwerner.de\/wp-content\/uploads\/2017\/11\/2017-11-13-ABKanu-300x213.jpg 300w, http:\/\/2017.burbankwerner.de\/wp-content\/uploads\/2017\/11\/2017-11-13-ABKanu-768x545.jpg 768w, http:\/\/2017.burbankwerner.de\/wp-content\/uploads\/2017\/11\/2017-11-13-ABKanu.jpg 1200w\" sizes=\"(max-width: 660px) 100vw, 660px\" \/><\/p>\n<p>Leigh ist schon am Abend wieder nach Adelaide zur\u00fcck gefahren.<\/p>\n<p>So mussten wir die Krebse ohne ihn essen &#8211; aber er hat einige f\u00fcr sich und Erin, die Tochter, mit nach Adelaide genommen.<\/p>\n<p>Wir probieren noch die Kajaks aus und schwimmen eine Runde durch das glasklare, freilich auch recht k\u00fchle Wasser.<\/p>\n<p>Dann fahren auch wir zur\u00fcck zum Haus von Janet und Leigh.<\/p>\n<p>Wir haben versprochen, heute das Kochen zu \u00fcbernehmen und kaufen bei Woolworth jede Menge Gem\u00fcse und beim Metzger vier verschiedene Sorten W\u00fcrstchen.<\/p>\n<p>Es gibt delikate Kartoffelpfanne mit Bratw\u00fcrsten.<\/p>\n<p>Ein sch\u00f6ner Abschluss der Zeit bei Janet und Leigh!<\/p>\n<p><img loading=\"lazy\" decoding=\"async\" class=\"alignnone size-large wp-image-792\" src=\"http:\/\/2017.burbankwerner.de\/wp-content\/uploads\/2017\/11\/2017-11-13-JLalle-1024x768.jpg\" alt=\"\" width=\"660\" height=\"495\" srcset=\"http:\/\/2017.burbankwerner.de\/wp-content\/uploads\/2017\/11\/2017-11-13-JLalle-1024x768.jpg 1024w, http:\/\/2017.burbankwerner.de\/wp-content\/uploads\/2017\/11\/2017-11-13-JLalle-300x225.jpg 300w, http:\/\/2017.burbankwerner.de\/wp-content\/uploads\/2017\/11\/2017-11-13-JLalle-768x576.jpg 768w, http:\/\/2017.burbankwerner.de\/wp-content\/uploads\/2017\/11\/2017-11-13-JLalle.jpg 1200w\" sizes=\"(max-width: 660px) 100vw, 660px\" \/><\/p>\n<p>Und hier die Karte zur Orientierung:<\/p>\n<p>&nbsp;<\/p>\n<p><iframe loading=\"lazy\" style=\"border: 0;\" src=\"https:\/\/www.google.com\/maps\/embed?pb=!1m26!1m12!1m3!1d706153.7417933957!2d137.90348150570762!3d-34.69699618338425!2m3!1f0!2f0!3f0!3m2!1i1024!2i768!4f13.1!4m11!3e6!4m3!3m2!1d-34.8842034!2d138.61312189999998!4m5!1s0x6ab043765ee98fcd%3A0x4033654628f1070!2sBlack+Point+South+Australia!3m2!1d-34.6106775!2d137.8773175!5e0!3m2!1sde!2sau!4v1510623784260\" width=\"800\" height=\"600\" frameborder=\"0\" allowfullscreen=\"allowfullscreen\"><\/iframe><\/p>\n<p><a href=\"http:\/\/2017.burbankwerner.de\/?page_id=824\"><img loading=\"lazy\" decoding=\"async\" class=\"alignright wp-image-835\" src=\"http:\/\/2017.burbankwerner.de\/wp-content\/uploads\/2017\/11\/weiter-300x122.jpg\" alt=\"\" width=\"170\" height=\"69\" srcset=\"http:\/\/2017.burbankwerner.de\/wp-content\/uploads\/2017\/11\/weiter-300x122.jpg 300w, http:\/\/2017.burbankwerner.de\/wp-content\/uploads\/2017\/11\/weiter.jpg 493w\" sizes=\"(max-width: 170px) 100vw, 170px\" \/><\/a><a href=\"http:\/\/2017.burbankwerner.de\/?page_id=790\"><img loading=\"lazy\" decoding=\"async\" class=\"alignleft wp-image-834\" src=\"http:\/\/2017.burbankwerner.de\/wp-content\/uploads\/2017\/11\/zur\u00fcck-300x121.jpg\" alt=\"\" width=\"170\" height=\"69\" srcset=\"http:\/\/2017.burbankwerner.de\/wp-content\/uploads\/2017\/11\/zur\u00fcck-300x121.jpg 300w, http:\/\/2017.burbankwerner.de\/wp-content\/uploads\/2017\/11\/zur\u00fcck.jpg 494w\" sizes=\"(max-width: 170px) 100vw, 170px\" \/><\/a><\/p>\n","protected":false},"excerpt":{"rendered":"<p>Karte 11. November &#8211; Samstag Das ist das Strandhaus von Janet und Leigh auf der York-Halbinsel, die sich westlich um den Spencer-Golf herum zieht. Das H\u00e4uschen ist nicht luxuri\u00f6s, aber sehr praktisch, mit K\u00fcche und Badezimmer. Hier wollen wir \u00fcber das Wochenende bleiben. Am Samstag fahren wir hin und machen einen langen Strandspaziergang. Anschlie\u00dfend lernen &hellip; <a href=\"http:\/\/2017.burbankwerner.de\/?page_id=812\" class=\"more-link\"><span class=\"screen-reader-text\">11. &#8211; 13. November &#8211; in Black Point<\/span> weiterlesen<\/a><\/p>\n","protected":false},"author":1,"featured_media":0,"parent":0,"menu_order":0,"comment_status":"closed","ping_status":"closed","template":"","meta":{"footnotes":""},"_links":{"self":[{"href":"http:\/\/2017.burbankwerner.de\/index.php?rest_route=\/wp\/v2\/pages\/812"}],"collection":[{"href":"http:\/\/2017.burbankwerner.de\/index.php?rest_route=\/wp\/v2\/pages"}],"about":[{"href":"http:\/\/2017.burbankwerner.de\/index.php?rest_route=\/wp\/v2\/types\/page"}],"author":[{"embeddable":true,"href":"http:\/\/2017.burbankwerner.de\/index.php?rest_route=\/wp\/v2\/users\/1"}],"replies":[{"embeddable":true,"href":"http:\/\/2017.burbankwerner.de\/index.php?rest_route=%2Fwp%2Fv2%2Fcomments&post=812"}],"version-history":[{"count":5,"href":"http:\/\/2017.burbankwerner.de\/index.php?rest_route=\/wp\/v2\/pages\/812\/revisions"}],"predecessor-version":[{"id":1113,"href":"http:\/\/2017.burbankwerner.de\/index.php?rest_route=\/wp\/v2\/pages\/812\/revisions\/1113"}],"wp:attachment":[{"href":"http:\/\/2017.burbankwerner.de\/index.php?rest_route=%2Fwp%2Fv2%2Fmedia&parent=812"}],"curies":[{"name":"wp","href":"https:\/\/api.w.org\/{rel}","templated":true}]}}