{"id":790,"date":"2017-11-14T01:07:03","date_gmt":"2017-11-14T01:07:03","guid":{"rendered":"http:\/\/2017.burbankwerner.de\/?page_id=790"},"modified":"2020-12-27T21:33:41","modified_gmt":"2020-12-27T21:33:41","slug":"10-november-im-botanischen-garten-2","status":"publish","type":"page","link":"http:\/\/2017.burbankwerner.de\/?page_id=790","title":{"rendered":"10. November &#8211; im Botanischen Garten"},"content":{"rendered":"<p><a href=\"https:\/\/goo.gl\/maps\/bZGcMaAxzgs\"><strong>Karte<\/strong><\/a><\/p>\n<p><img loading=\"lazy\" decoding=\"async\" class=\"alignnone wp-image-791 size-large\" src=\"http:\/\/2017.burbankwerner.de\/wp-content\/uploads\/2017\/11\/2017-11-10-BotanicGarden-1024x722.jpg\" alt=\"\" width=\"660\" height=\"465\" srcset=\"http:\/\/2017.burbankwerner.de\/wp-content\/uploads\/2017\/11\/2017-11-10-BotanicGarden-1024x722.jpg 1024w, http:\/\/2017.burbankwerner.de\/wp-content\/uploads\/2017\/11\/2017-11-10-BotanicGarden-300x212.jpg 300w, http:\/\/2017.burbankwerner.de\/wp-content\/uploads\/2017\/11\/2017-11-10-BotanicGarden-768x541.jpg 768w, http:\/\/2017.burbankwerner.de\/wp-content\/uploads\/2017\/11\/2017-11-10-BotanicGarden.jpg 1200w\" sizes=\"(max-width: 660px) 100vw, 660px\" \/><\/p>\n<p><a href=\"http:\/\/2017.burbankwerner.de\/?page_id=802\"><img loading=\"lazy\" decoding=\"async\" class=\"alignright wp-image-95\" src=\"http:\/\/2017.burbankwerner.de\/wp-content\/uploads\/2017\/09\/Union-Jack-300x150.png\" alt=\"\" width=\"160\" height=\"80\" srcset=\"http:\/\/2017.burbankwerner.de\/wp-content\/uploads\/2017\/09\/Union-Jack-300x150.png 300w, http:\/\/2017.burbankwerner.de\/wp-content\/uploads\/2017\/09\/Union-Jack-768x384.png 768w, http:\/\/2017.burbankwerner.de\/wp-content\/uploads\/2017\/09\/Union-Jack-1024x512.png 1024w, http:\/\/2017.burbankwerner.de\/wp-content\/uploads\/2017\/09\/Union-Jack.png 1280w\" sizes=\"(max-width: 160px) 100vw, 160px\" \/><\/a>Heute morgen sind wir als erstes losgefahren, um Annettes verlorene Geldb\u00f6rse wieder zu holen. Tats\u00e4chlich hat sie sie auf der Damentoilette des gestrigen Caf\u00e9s liegengelassen &#8211; ein Anruf heute morgen (den wir ja noch als &#8222;letzte Meldung&#8220; in die gestrige Seite eingestellt hatten) bringt Gewissheit: Die B\u00f6rse ist gefunden worden und wir konnten sie heute Vormittag &#8222;wohlbehalten&#8220; und mit dem gesamten Inhalt von den ehrlichen Findern in Empfang nehmen. Uff!<\/p>\n<p>Nach einem weiteren Kaffee, den wir freilich in einem anderen, nahe gelegenen Caf\u00e9 mit sensationellen Vanilleteilchen einnehmen, fahren wir mit Kerryn (sie hat sich extra zwei Tage freigenommen!) zum Botanischen Garten von Adelaide &#8211; dort gibt es einen sch\u00f6nen Rosengarten. Es ist ein f\u00fcr australische Verh\u00e4ltnisse alter botanischer Garten, was man an den vielen hohen B\u00e4umen sehen kann.<\/p>\n<p>Dort gibt es auch eine Glas-Skulptur, mit der wir dieses sch\u00f6ne Foto gemacht haben:<\/p>\n<p><img loading=\"lazy\" decoding=\"async\" class=\"alignnone size-large wp-image-800\" src=\"http:\/\/2017.burbankwerner.de\/wp-content\/uploads\/2017\/11\/2017-11-10-Spiegelung-1024x768.jpg\" alt=\"\" width=\"660\" height=\"495\" srcset=\"http:\/\/2017.burbankwerner.de\/wp-content\/uploads\/2017\/11\/2017-11-10-Spiegelung-1024x768.jpg 1024w, http:\/\/2017.burbankwerner.de\/wp-content\/uploads\/2017\/11\/2017-11-10-Spiegelung-300x225.jpg 300w, http:\/\/2017.burbankwerner.de\/wp-content\/uploads\/2017\/11\/2017-11-10-Spiegelung-768x576.jpg 768w, http:\/\/2017.burbankwerner.de\/wp-content\/uploads\/2017\/11\/2017-11-10-Spiegelung.jpg 1200w\" sizes=\"(max-width: 660px) 100vw, 660px\" \/><\/p>\n<p>Und hier kommt endlich mal die sch\u00f6ne Haubentaube, die wir bisher nicht richtig fotografieren konnten:<\/p>\n<p><img loading=\"lazy\" decoding=\"async\" class=\"alignnone size-large wp-image-799\" src=\"http:\/\/2017.burbankwerner.de\/wp-content\/uploads\/2017\/11\/2017-11-10-Taube-1024x762.jpg\" alt=\"\" width=\"660\" height=\"491\" srcset=\"http:\/\/2017.burbankwerner.de\/wp-content\/uploads\/2017\/11\/2017-11-10-Taube-1024x762.jpg 1024w, http:\/\/2017.burbankwerner.de\/wp-content\/uploads\/2017\/11\/2017-11-10-Taube-300x223.jpg 300w, http:\/\/2017.burbankwerner.de\/wp-content\/uploads\/2017\/11\/2017-11-10-Taube-768x572.jpg 768w, http:\/\/2017.burbankwerner.de\/wp-content\/uploads\/2017\/11\/2017-11-10-Taube.jpg 1200w\" sizes=\"(max-width: 660px) 100vw, 660px\" \/><\/p>\n<p>Anschlie\u00dfend sind wir alle gemeinsam zu Janet und Leigh gefahren. Beide waren mit auf dem leg\u00e4nd\u00e4ren Trip in China 1984, auf dem Annette auch Kerryn getroffen hat. Dort werden wir die n\u00e4chsten drei Tage verbringen.<\/p>\n<p>Und hier noch die heutige Karte:<\/p>\n<p><iframe loading=\"lazy\" style=\"border: 0;\" src=\"https:\/\/www.google.com\/maps\/embed?pb=!1m38!1m12!1m3!1d62231.158994572106!2d138.6054787149243!3d-34.941005704460146!2m3!1f0!2f0!3f0!3m2!1i1024!2i768!4f13.1!4m23!3e0!4m5!1s0x6ab0c8d60ead9411%3A0xc9f08048eda13e38!2sKermode+Street%2C+North+Adelaide+South+Australia!3m2!1d-34.911730299999995!2d138.5976691!4m5!1s0x0%3A0xc42598ace8453210!2sBond+%26+Lane+Canteen!3m2!1d-34.9780215!2d138.5931578!4m5!1s0x6ab0c932e6844093%3A0x3680a76fbc1557a8!2sBotanischer+Garten+Adelaide+Botanic+Garden!3m2!1d-34.918453!2d138.611953!4m3!3m2!1d-34.8842034!2d138.61312189999998!5e0!3m2!1sde!2sau!4v1510623061826\" width=\"800\" height=\"600\" frameborder=\"0\" allowfullscreen=\"allowfullscreen\"><\/iframe><\/p>\n<p><a href=\"http:\/\/2017.burbankwerner.de\/?page_id=812\"><img loading=\"lazy\" decoding=\"async\" class=\"alignright wp-image-835\" src=\"http:\/\/2017.burbankwerner.de\/wp-content\/uploads\/2017\/11\/weiter-300x122.jpg\" alt=\"\" width=\"170\" height=\"69\" srcset=\"http:\/\/2017.burbankwerner.de\/wp-content\/uploads\/2017\/11\/weiter-300x122.jpg 300w, http:\/\/2017.burbankwerner.de\/wp-content\/uploads\/2017\/11\/weiter.jpg 493w\" sizes=\"(max-width: 170px) 100vw, 170px\" \/><\/a><a href=\"http:\/\/2017.burbankwerner.de\/?page_id=757\"><img loading=\"lazy\" decoding=\"async\" class=\"alignleft wp-image-834\" src=\"http:\/\/2017.burbankwerner.de\/wp-content\/uploads\/2017\/11\/zur\u00fcck-300x121.jpg\" alt=\"\" width=\"170\" height=\"69\" srcset=\"http:\/\/2017.burbankwerner.de\/wp-content\/uploads\/2017\/11\/zur\u00fcck-300x121.jpg 300w, http:\/\/2017.burbankwerner.de\/wp-content\/uploads\/2017\/11\/zur\u00fcck.jpg 494w\" sizes=\"(max-width: 170px) 100vw, 170px\" \/><\/a><\/p>\n","protected":false},"excerpt":{"rendered":"<p>Karte Heute morgen sind wir als erstes losgefahren, um Annettes verlorene Geldb\u00f6rse wieder zu holen. Tats\u00e4chlich hat sie sie auf der Damentoilette des gestrigen Caf\u00e9s liegengelassen &#8211; ein Anruf heute morgen (den wir ja noch als &#8222;letzte Meldung&#8220; in die gestrige Seite eingestellt hatten) bringt Gewissheit: Die B\u00f6rse ist gefunden worden und wir konnten sie &hellip; <a href=\"http:\/\/2017.burbankwerner.de\/?page_id=790\" class=\"more-link\"><span class=\"screen-reader-text\">10. November &#8211; im Botanischen Garten<\/span> weiterlesen<\/a><\/p>\n","protected":false},"author":1,"featured_media":0,"parent":0,"menu_order":0,"comment_status":"closed","ping_status":"closed","template":"","meta":{"footnotes":""},"_links":{"self":[{"href":"http:\/\/2017.burbankwerner.de\/index.php?rest_route=\/wp\/v2\/pages\/790"}],"collection":[{"href":"http:\/\/2017.burbankwerner.de\/index.php?rest_route=\/wp\/v2\/pages"}],"about":[{"href":"http:\/\/2017.burbankwerner.de\/index.php?rest_route=\/wp\/v2\/types\/page"}],"author":[{"embeddable":true,"href":"http:\/\/2017.burbankwerner.de\/index.php?rest_route=\/wp\/v2\/users\/1"}],"replies":[{"embeddable":true,"href":"http:\/\/2017.burbankwerner.de\/index.php?rest_route=%2Fwp%2Fv2%2Fcomments&post=790"}],"version-history":[{"count":6,"href":"http:\/\/2017.burbankwerner.de\/index.php?rest_route=\/wp\/v2\/pages\/790\/revisions"}],"predecessor-version":[{"id":1112,"href":"http:\/\/2017.burbankwerner.de\/index.php?rest_route=\/wp\/v2\/pages\/790\/revisions\/1112"}],"wp:attachment":[{"href":"http:\/\/2017.burbankwerner.de\/index.php?rest_route=%2Fwp%2Fv2%2Fmedia&parent=790"}],"curies":[{"name":"wp","href":"https:\/\/api.w.org\/{rel}","templated":true}]}}