{"id":742,"date":"2017-11-09T00:23:18","date_gmt":"2017-11-09T00:23:18","guid":{"rendered":"http:\/\/2017.burbankwerner.de\/?page_id=742"},"modified":"2020-12-27T21:35:43","modified_gmt":"2020-12-27T21:35:43","slug":"8-november-nach-adelaide","status":"publish","type":"page","link":"http:\/\/2017.burbankwerner.de\/?page_id=742","title":{"rendered":"8. November &#8211; nach Adelaide"},"content":{"rendered":"<p><a href=\"https:\/\/goo.gl\/maps\/txRrvu9Je7k\"><strong>Karte<\/strong><\/a><\/p>\n<p><img loading=\"lazy\" decoding=\"async\" class=\"alignnone wp-image-747 size-large\" src=\"http:\/\/2017.burbankwerner.de\/wp-content\/uploads\/2017\/11\/2017-11-08-adventure-1024x768.jpg\" alt=\"\" width=\"660\" height=\"495\" srcset=\"http:\/\/2017.burbankwerner.de\/wp-content\/uploads\/2017\/11\/2017-11-08-adventure-1024x768.jpg 1024w, http:\/\/2017.burbankwerner.de\/wp-content\/uploads\/2017\/11\/2017-11-08-adventure-300x225.jpg 300w, http:\/\/2017.burbankwerner.de\/wp-content\/uploads\/2017\/11\/2017-11-08-adventure-768x576.jpg 768w, http:\/\/2017.burbankwerner.de\/wp-content\/uploads\/2017\/11\/2017-11-08-adventure.jpg 1200w\" sizes=\"(max-width: 660px) 100vw, 660px\" \/><\/p>\n<p><a href=\"http:\/\/2017.burbankwerner.de\/?page_id=751\"><img loading=\"lazy\" decoding=\"async\" class=\"alignright wp-image-95\" src=\"http:\/\/2017.burbankwerner.de\/wp-content\/uploads\/2017\/09\/Union-Jack-300x150.png\" alt=\"\" width=\"160\" height=\"80\" srcset=\"http:\/\/2017.burbankwerner.de\/wp-content\/uploads\/2017\/09\/Union-Jack-300x150.png 300w, http:\/\/2017.burbankwerner.de\/wp-content\/uploads\/2017\/09\/Union-Jack-768x384.png 768w, http:\/\/2017.burbankwerner.de\/wp-content\/uploads\/2017\/09\/Union-Jack-1024x512.png 1024w, http:\/\/2017.burbankwerner.de\/wp-content\/uploads\/2017\/09\/Union-Jack.png 1280w\" sizes=\"(max-width: 160px) 100vw, 160px\" \/><\/a>Heute morgen auf dem Campingplattz in Mildura &#8211; es war wieder ziemlich kalt am fr\u00fchen morgen, wir haben &#8211; wohl zum letzten Mal in diesem Urlaub &#8211; im Zelt gezittert. Der Zeltplatz ist wirklich eine Rentner-Versammlung &#8211; wir passen hier gut hin. Viele Australier verbringen ihren Lebensabend mit Reisen &#8211; und haben daf\u00fcr, wie man sieht, auch einen lockeren Spruch parat.<\/p>\n<p>Gegen elf kommen wir endlich los &#8211; wir wollen abends in Adelaide bei Kerryn und John sein. Auf dem Weg liegt der Murray-River- Nationalpark. Doch unsere Versuche, da ein lauschiges Pl\u00e4tzchen f\u00fcr unser aufgew\u00e4rmtes Essen von gestern zu finden, scheitern &#8211; auch nach 5 km Gravelroad (nicht-asphaltiert) nur trockenes Buschland zwischen industriellem Weinbau&#8230;<\/p>\n<p>Das lauschige Pl\u00e4tzchen finden wir am Lake Bonney, ein paar Kilometer weiter.<\/p>\n<p><img loading=\"lazy\" decoding=\"async\" class=\"alignnone wp-image-746 size-large\" src=\"http:\/\/2017.burbankwerner.de\/wp-content\/uploads\/2017\/11\/2017-11-08-LakeBonney-1024x768.jpg\" alt=\"\" width=\"660\" height=\"495\" srcset=\"http:\/\/2017.burbankwerner.de\/wp-content\/uploads\/2017\/11\/2017-11-08-LakeBonney-1024x768.jpg 1024w, http:\/\/2017.burbankwerner.de\/wp-content\/uploads\/2017\/11\/2017-11-08-LakeBonney-300x225.jpg 300w, http:\/\/2017.burbankwerner.de\/wp-content\/uploads\/2017\/11\/2017-11-08-LakeBonney-768x576.jpg 768w, http:\/\/2017.burbankwerner.de\/wp-content\/uploads\/2017\/11\/2017-11-08-LakeBonney.jpg 1200w\" sizes=\"(max-width: 660px) 100vw, 660px\" \/><\/p>\n<p>Auf dem Weg nach Adelaide \u00fcber den Sturt Highway queren wir ein letztes Mal den Murray:<\/p>\n<p><img loading=\"lazy\" decoding=\"async\" class=\"alignnone size-large wp-image-745\" src=\"http:\/\/2017.burbankwerner.de\/wp-content\/uploads\/2017\/11\/2017-11-08-Murray-1024x768.jpg\" alt=\"\" width=\"660\" height=\"495\" srcset=\"http:\/\/2017.burbankwerner.de\/wp-content\/uploads\/2017\/11\/2017-11-08-Murray-1024x768.jpg 1024w, http:\/\/2017.burbankwerner.de\/wp-content\/uploads\/2017\/11\/2017-11-08-Murray-300x225.jpg 300w, http:\/\/2017.burbankwerner.de\/wp-content\/uploads\/2017\/11\/2017-11-08-Murray-768x576.jpg 768w, http:\/\/2017.burbankwerner.de\/wp-content\/uploads\/2017\/11\/2017-11-08-Murray.jpg 1200w\" sizes=\"(max-width: 660px) 100vw, 660px\" \/><\/p>\n<p>Schlie\u00dflich treffen wir ziemlich genau wie vorberechnet in Adelaide ein &#8211; und freuen uns \u00fcber das wirklich herzliche Willkommen von Kerryn:<\/p>\n<p><img loading=\"lazy\" decoding=\"async\" class=\"alignnone size-large wp-image-743\" src=\"http:\/\/2017.burbankwerner.de\/wp-content\/uploads\/2017\/11\/2017-11-09-welcome-1024x768.jpg\" alt=\"\" width=\"660\" height=\"495\" srcset=\"http:\/\/2017.burbankwerner.de\/wp-content\/uploads\/2017\/11\/2017-11-09-welcome-1024x768.jpg 1024w, http:\/\/2017.burbankwerner.de\/wp-content\/uploads\/2017\/11\/2017-11-09-welcome-300x225.jpg 300w, http:\/\/2017.burbankwerner.de\/wp-content\/uploads\/2017\/11\/2017-11-09-welcome-768x576.jpg 768w, http:\/\/2017.burbankwerner.de\/wp-content\/uploads\/2017\/11\/2017-11-09-welcome.jpg 1200w\" sizes=\"(max-width: 660px) 100vw, 660px\" \/><\/p>\n<p>Danke Kerryn und John (er ist noch auf Gesch\u00e4ftsreise)!<\/p>\n<p>Hier in Adelaide werden wir nun bleiben bis zum 23. November &#8211; dann geht es nach Bali&#8230;<\/p>\n<p><img loading=\"lazy\" decoding=\"async\" class=\"alignnone size-large wp-image-744\" src=\"http:\/\/2017.burbankwerner.de\/wp-content\/uploads\/2017\/11\/2017-11-09-Annette_Kerryn-1024x768.jpg\" alt=\"\" width=\"660\" height=\"495\" srcset=\"http:\/\/2017.burbankwerner.de\/wp-content\/uploads\/2017\/11\/2017-11-09-Annette_Kerryn-1024x768.jpg 1024w, http:\/\/2017.burbankwerner.de\/wp-content\/uploads\/2017\/11\/2017-11-09-Annette_Kerryn-300x225.jpg 300w, http:\/\/2017.burbankwerner.de\/wp-content\/uploads\/2017\/11\/2017-11-09-Annette_Kerryn-768x576.jpg 768w, http:\/\/2017.burbankwerner.de\/wp-content\/uploads\/2017\/11\/2017-11-09-Annette_Kerryn.jpg 1200w\" sizes=\"(max-width: 660px) 100vw, 660px\" \/><\/p>\n<p>Und hier unser Reiseweg heute:<\/p>\n<p><iframe loading=\"lazy\" style=\"border: 0;\" src=\"https:\/\/www.google.com\/maps\/embed?pb=!1m38!1m12!1m3!1d1000736.0893059268!2d139.74614569478035!3d-34.523933549751625!2m3!1f0!2f0!3f0!3m2!1i1024!2i768!4f13.1!4m23!3e0!4m5!1s0x6ac303167a5b8ce7%3A0xfa1074c686b4b87b!2sRiverside+Caravan+Park!3m2!1d-34.180548!2d142.1680063!4m5!1s0x6ac7250371c52259%3A0x78adc5ee67a4fd3c!2sMigga+Cottage%2C+lot+452%2C+LOT+452+Migga+Rd%2C+Winkie+SA+5343!3m2!1d-34.3167958!2d140.5466027!4m3!3m2!1d-34.2321884!2d140.46952349999998!4m5!1s0x6ab0c8d60ead9411%3A0xc9f08048eda13e38!2sKermode+St%2C+North+Adelaide+SA+5006!3m2!1d-34.911730299999995!2d138.5976691!5e0!3m2!1sde!2sau!4v1510186878776\" width=\"800\" height=\"600\" frameborder=\"0\" allowfullscreen=\"allowfullscreen\"><\/iframe><br \/>\n<a href=\"http:\/\/2017.burbankwerner.de\/?page_id=757\"><img loading=\"lazy\" decoding=\"async\" class=\"alignright wp-image-835\" src=\"http:\/\/2017.burbankwerner.de\/wp-content\/uploads\/2017\/11\/weiter-300x122.jpg\" alt=\"\" width=\"170\" height=\"69\" srcset=\"http:\/\/2017.burbankwerner.de\/wp-content\/uploads\/2017\/11\/weiter-300x122.jpg 300w, http:\/\/2017.burbankwerner.de\/wp-content\/uploads\/2017\/11\/weiter.jpg 493w\" sizes=\"(max-width: 170px) 100vw, 170px\" \/><\/a><a href=\"http:\/\/2017.burbankwerner.de\/?page_id=725\"><img loading=\"lazy\" decoding=\"async\" class=\"alignleft wp-image-834\" src=\"http:\/\/2017.burbankwerner.de\/wp-content\/uploads\/2017\/11\/zur\u00fcck-300x121.jpg\" alt=\"\" width=\"170\" height=\"69\" srcset=\"http:\/\/2017.burbankwerner.de\/wp-content\/uploads\/2017\/11\/zur\u00fcck-300x121.jpg 300w, http:\/\/2017.burbankwerner.de\/wp-content\/uploads\/2017\/11\/zur\u00fcck.jpg 494w\" sizes=\"(max-width: 170px) 100vw, 170px\" \/><\/a><\/p>\n","protected":false},"excerpt":{"rendered":"<p>Karte Heute morgen auf dem Campingplattz in Mildura &#8211; es war wieder ziemlich kalt am fr\u00fchen morgen, wir haben &#8211; wohl zum letzten Mal in diesem Urlaub &#8211; im Zelt gezittert. Der Zeltplatz ist wirklich eine Rentner-Versammlung &#8211; wir passen hier gut hin. Viele Australier verbringen ihren Lebensabend mit Reisen &#8211; und haben daf\u00fcr, wie &hellip; <a href=\"http:\/\/2017.burbankwerner.de\/?page_id=742\" class=\"more-link\"><span class=\"screen-reader-text\">8. November &#8211; nach Adelaide<\/span> weiterlesen<\/a><\/p>\n","protected":false},"author":1,"featured_media":0,"parent":0,"menu_order":0,"comment_status":"closed","ping_status":"closed","template":"","meta":{"footnotes":""},"_links":{"self":[{"href":"http:\/\/2017.burbankwerner.de\/index.php?rest_route=\/wp\/v2\/pages\/742"}],"collection":[{"href":"http:\/\/2017.burbankwerner.de\/index.php?rest_route=\/wp\/v2\/pages"}],"about":[{"href":"http:\/\/2017.burbankwerner.de\/index.php?rest_route=\/wp\/v2\/types\/page"}],"author":[{"embeddable":true,"href":"http:\/\/2017.burbankwerner.de\/index.php?rest_route=\/wp\/v2\/users\/1"}],"replies":[{"embeddable":true,"href":"http:\/\/2017.burbankwerner.de\/index.php?rest_route=%2Fwp%2Fv2%2Fcomments&post=742"}],"version-history":[{"count":5,"href":"http:\/\/2017.burbankwerner.de\/index.php?rest_route=\/wp\/v2\/pages\/742\/revisions"}],"predecessor-version":[{"id":1110,"href":"http:\/\/2017.burbankwerner.de\/index.php?rest_route=\/wp\/v2\/pages\/742\/revisions\/1110"}],"wp:attachment":[{"href":"http:\/\/2017.burbankwerner.de\/index.php?rest_route=%2Fwp%2Fv2%2Fmedia&parent=742"}],"curies":[{"name":"wp","href":"https:\/\/api.w.org\/{rel}","templated":true}]}}