{"id":690,"date":"2017-11-05T10:57:20","date_gmt":"2017-11-05T10:57:20","guid":{"rendered":"http:\/\/2017.burbankwerner.de\/?page_id=690"},"modified":"2020-12-27T21:35:26","modified_gmt":"2020-12-27T21:35:26","slug":"5-november-auf-dem-highway","status":"publish","type":"page","link":"http:\/\/2017.burbankwerner.de\/?page_id=690","title":{"rendered":"5. November &#8211; Auf dem Highway"},"content":{"rendered":"<p><a href=\"https:\/\/goo.gl\/maps\/YyZnTBe21nP2\" target=\"_blank\" rel=\"noopener\"><strong>Karte<\/strong><\/a><\/p>\n<p><img loading=\"lazy\" decoding=\"async\" class=\"alignnone wp-image-694 size-large\" src=\"http:\/\/2017.burbankwerner.de\/wp-content\/uploads\/2017\/11\/2017-11-05-Jakaranda-1024x698.jpg\" alt=\"\" width=\"660\" height=\"450\" srcset=\"http:\/\/2017.burbankwerner.de\/wp-content\/uploads\/2017\/11\/2017-11-05-Jakaranda-1024x698.jpg 1024w, http:\/\/2017.burbankwerner.de\/wp-content\/uploads\/2017\/11\/2017-11-05-Jakaranda-300x205.jpg 300w, http:\/\/2017.burbankwerner.de\/wp-content\/uploads\/2017\/11\/2017-11-05-Jakaranda-768x524.jpg 768w, http:\/\/2017.burbankwerner.de\/wp-content\/uploads\/2017\/11\/2017-11-05-Jakaranda.jpg 1200w\" sizes=\"(max-width: 660px) 100vw, 660px\" \/><\/p>\n<p><a href=\"http:\/\/2017.burbankwerner.de\/?page_id=700\"><img loading=\"lazy\" decoding=\"async\" class=\"alignright wp-image-95\" src=\"http:\/\/2017.burbankwerner.de\/wp-content\/uploads\/2017\/09\/Union-Jack-300x150.png\" alt=\"\" width=\"164\" height=\"82\" srcset=\"http:\/\/2017.burbankwerner.de\/wp-content\/uploads\/2017\/09\/Union-Jack-300x150.png 300w, http:\/\/2017.burbankwerner.de\/wp-content\/uploads\/2017\/09\/Union-Jack-768x384.png 768w, http:\/\/2017.burbankwerner.de\/wp-content\/uploads\/2017\/09\/Union-Jack-1024x512.png 1024w, http:\/\/2017.burbankwerner.de\/wp-content\/uploads\/2017\/09\/Union-Jack.png 1280w\" sizes=\"(max-width: 164px) 100vw, 164px\" \/><\/a>Diese wundersch\u00f6nen B\u00e4ume &#8211; die lilanen sind Jakarandas, der orangene ein Grevilia &#8211; waren der letzte Gru\u00df des Warrumbungle National Parks. Heute Nacht hat er uns mit Temperaturen von um die 4 Grad doch ein wenig \u00fcberrascht &#8211; wir fr\u00f6stelten dem Morgen entgegen. Nach dem Fr\u00fchst\u00fcck, bei dem wir uns noch l\u00e4nger mit einem deutsch-australischen Paar unterhalten, geht es auf die Stra\u00dfe, den Newell Highway entlang \u00fcber Dubbo, wo wir eine\u00a0 Pause einlegen, nach West Wyalong.<\/p>\n<p><img loading=\"lazy\" decoding=\"async\" class=\"alignnone wp-image-695 size-large\" src=\"http:\/\/2017.burbankwerner.de\/wp-content\/uploads\/2017\/11\/2017-11-05-Highway-1024x612.jpg\" alt=\"\" width=\"660\" height=\"394\" srcset=\"http:\/\/2017.burbankwerner.de\/wp-content\/uploads\/2017\/11\/2017-11-05-Highway-1024x612.jpg 1024w, http:\/\/2017.burbankwerner.de\/wp-content\/uploads\/2017\/11\/2017-11-05-Highway-300x179.jpg 300w, http:\/\/2017.burbankwerner.de\/wp-content\/uploads\/2017\/11\/2017-11-05-Highway-768x459.jpg 768w\" sizes=\"(max-width: 660px) 100vw, 660px\" \/><\/p>\n<p>Der Highway &#8211; in Deutschland w\u00fcrde man Landstra\u00dfe sagen &#8211; zieht sich Kilometer um Kilometer durch die Landschaft. Der Verkehr ist nicht sehr dicht, es sind haupts\u00e4chlich die langen Lastwagen, &#8222;Road-trains&#8220; genannt, die uns entgegen kommen. Auf dem Newell Highway darf man maximal 110 km\/h fahren. Vor jeder Ortschaft wird erst auf 80, dann auf 60 herunter gebremst. Innerorts sind h\u00e4ufig 50 vorgeschrieben. Die Stra\u00dfen werden auf diesem Abschnitt mit &#8222;Average Speed Cams&#8220; \u00fcberwacht &#8211; man f\u00e4hrt unter einer Br\u00fccke mit Kameras hindurch, das Kennzeichen wird registriert und vor der n\u00e4chsten Ortschaft steht die n\u00e4chste Br\u00fccke &#8211; wer da zu fr\u00fch drunter durchf\u00e4hrt, der hat ganz offensichtlich die Geschwindigkeitsbegrenzung ignoriert &#8211; und zahlt<\/p>\n<p><img loading=\"lazy\" decoding=\"async\" class=\"alignnone wp-image-692 size-large\" src=\"http:\/\/2017.burbankwerner.de\/wp-content\/uploads\/2017\/11\/2017-11-05-totesK\u00e4ng-1024x639.jpg\" alt=\"\" width=\"660\" height=\"412\" srcset=\"http:\/\/2017.burbankwerner.de\/wp-content\/uploads\/2017\/11\/2017-11-05-totesK\u00e4ng-1024x639.jpg 1024w, http:\/\/2017.burbankwerner.de\/wp-content\/uploads\/2017\/11\/2017-11-05-totesK\u00e4ng-300x187.jpg 300w, http:\/\/2017.burbankwerner.de\/wp-content\/uploads\/2017\/11\/2017-11-05-totesK\u00e4ng-768x479.jpg 768w, http:\/\/2017.burbankwerner.de\/wp-content\/uploads\/2017\/11\/2017-11-05-totesK\u00e4ng.jpg 1200w\" sizes=\"(max-width: 660px) 100vw, 660px\" \/><\/p>\n<p>Das ist auch sinnvoll &#8211; denn der Highway ist ges\u00e4umt von toten K\u00e4nguruhs. Die sind leider nicht sehr intelligent und lernen nicht, dem Verkehr auszuweichen. Da sie eigentlich keine nat\u00fcrlichen Feinde haben, sind sie auch nicht sonderlich schreckhaft. Wir haben im Park gehalten, weil zwei K\u00e4nguruhs am Stra\u00dfenrand sa\u00dfen. Sie haben uns angeguckt und sind sitzen geblieben. Selbst Hupen hat sie erstmal nicht gest\u00f6rt. Schlie\u00dflich sind sie doch weggehoppelt. Manche jedoch springen den Autos einfach vor den K\u00fchler.<\/p>\n<p><img loading=\"lazy\" decoding=\"async\" class=\"alignnone wp-image-691 size-large\" src=\"http:\/\/2017.burbankwerner.de\/wp-content\/uploads\/2017\/11\/2017-11-05-Wetlands-1024x768.jpg\" alt=\"\" width=\"660\" height=\"495\" srcset=\"http:\/\/2017.burbankwerner.de\/wp-content\/uploads\/2017\/11\/2017-11-05-Wetlands-1024x768.jpg 1024w, http:\/\/2017.burbankwerner.de\/wp-content\/uploads\/2017\/11\/2017-11-05-Wetlands-300x225.jpg 300w, http:\/\/2017.burbankwerner.de\/wp-content\/uploads\/2017\/11\/2017-11-05-Wetlands-768x576.jpg 768w, http:\/\/2017.burbankwerner.de\/wp-content\/uploads\/2017\/11\/2017-11-05-Wetlands.jpg 1200w\" sizes=\"(max-width: 660px) 100vw, 660px\" \/><\/p>\n<p>Wir aber sind gut in West Wyalong angekommen. Es ist eine typische, kleine Highway Stadt, wir w\u00fcrden es nicht mal &#8222;Stadt&#8220; nennen, hier aber ist es eine Town&#8230; Erstaunlich, dass selbst eine so kleine Ortsschaft \u00fcber eine relativ gro\u00dfe Zahl von Motels und \u00dcbernachtungsm\u00f6glichkeiten verf\u00fcgt. Das ist wohl generell so. Wir zeigen euch aber nicht die Motels und Imbisse &#8211; sondern das Highlight von West Wyalong &#8211; die &#8222;Wetlands&#8220;, ein kleiner Park aus tr\u00fcben Seen, in dem sich die Eukalypten in der Abendsonne pr\u00e4sentieren.<\/p>\n<p>Wir beschlie\u00dfen den Higway-Tag mit einem Sundowner am Pool unseres preiswerten Motels:<\/p>\n<p><img loading=\"lazy\" decoding=\"async\" class=\"alignnone size-large wp-image-693\" src=\"http:\/\/2017.burbankwerner.de\/wp-content\/uploads\/2017\/11\/2017-11-05-Sundowner-1024x768.jpg\" alt=\"\" width=\"660\" height=\"495\" srcset=\"http:\/\/2017.burbankwerner.de\/wp-content\/uploads\/2017\/11\/2017-11-05-Sundowner-1024x768.jpg 1024w, http:\/\/2017.burbankwerner.de\/wp-content\/uploads\/2017\/11\/2017-11-05-Sundowner-300x225.jpg 300w, http:\/\/2017.burbankwerner.de\/wp-content\/uploads\/2017\/11\/2017-11-05-Sundowner-768x576.jpg 768w, http:\/\/2017.burbankwerner.de\/wp-content\/uploads\/2017\/11\/2017-11-05-Sundowner.jpg 1200w\" sizes=\"(max-width: 660px) 100vw, 660px\" \/><\/p>\n<p>PS: Wenig sp\u00e4ter fing es an zu regnen&#8230;<\/p>\n<p>Hier unser heutiger Weg:<\/p>\n<p><iframe loading=\"lazy\" style=\"border: 0;\" src=\"https:\/\/www.google.com\/maps\/embed?pb=!1m30!1m12!1m3!1d1721964.118528717!2d148.24045051335833!3d-32.54720902180193!2m3!1f0!2f0!3f0!3m2!1i1024!2i768!4f13.1!4m15!3e0!4m3!3m2!1d-31.2763097!2d148.9979928!4m3!3m2!1d-33.14154!2d148.1704187!4m5!1s0x6b1be62bcdc81079%3A0x40609b490437650!2sWest+Wyalong+New+South+Wales!3m2!1d-33.9167698!2d147.20437769999998!5e0!3m2!1sde!2sau!4v1509877713416\" width=\"600\" height=\"450\" frameborder=\"0\" allowfullscreen=\"allowfullscreen\"><\/iframe><\/p>\n<p>PPS: Wir w\u00fc\u00dften gerne, ob die geneigten Leser mit den Karten zurecht kommen. Wir freuen uns \u00fcber dementsprechende Kommentare!<\/p>\n<p><a href=\"http:\/\/2017.burbankwerner.de\/?page_id=706\"><img loading=\"lazy\" decoding=\"async\" class=\"alignright wp-image-835\" src=\"http:\/\/2017.burbankwerner.de\/wp-content\/uploads\/2017\/11\/weiter-300x122.jpg\" alt=\"\" width=\"170\" height=\"69\" srcset=\"http:\/\/2017.burbankwerner.de\/wp-content\/uploads\/2017\/11\/weiter-300x122.jpg 300w, http:\/\/2017.burbankwerner.de\/wp-content\/uploads\/2017\/11\/weiter.jpg 493w\" sizes=\"(max-width: 170px) 100vw, 170px\" \/><\/a><a href=\"http:\/\/2017.burbankwerner.de\/?page_id=674\"><img loading=\"lazy\" decoding=\"async\" class=\"alignleft wp-image-834\" src=\"http:\/\/2017.burbankwerner.de\/wp-content\/uploads\/2017\/11\/zur\u00fcck-300x121.jpg\" alt=\"\" width=\"170\" height=\"69\" srcset=\"http:\/\/2017.burbankwerner.de\/wp-content\/uploads\/2017\/11\/zur\u00fcck-300x121.jpg 300w, http:\/\/2017.burbankwerner.de\/wp-content\/uploads\/2017\/11\/zur\u00fcck.jpg 494w\" sizes=\"(max-width: 170px) 100vw, 170px\" \/><\/a><\/p>\n","protected":false},"excerpt":{"rendered":"<p>Karte Diese wundersch\u00f6nen B\u00e4ume &#8211; die lilanen sind Jakarandas, der orangene ein Grevilia &#8211; waren der letzte Gru\u00df des Warrumbungle National Parks. Heute Nacht hat er uns mit Temperaturen von um die 4 Grad doch ein wenig \u00fcberrascht &#8211; wir fr\u00f6stelten dem Morgen entgegen. Nach dem Fr\u00fchst\u00fcck, bei dem wir uns noch l\u00e4nger mit einem &hellip; <a href=\"http:\/\/2017.burbankwerner.de\/?page_id=690\" class=\"more-link\"><span class=\"screen-reader-text\">5. November &#8211; Auf dem Highway<\/span> weiterlesen<\/a><\/p>\n","protected":false},"author":1,"featured_media":0,"parent":0,"menu_order":0,"comment_status":"closed","ping_status":"closed","template":"","meta":{"footnotes":""},"_links":{"self":[{"href":"http:\/\/2017.burbankwerner.de\/index.php?rest_route=\/wp\/v2\/pages\/690"}],"collection":[{"href":"http:\/\/2017.burbankwerner.de\/index.php?rest_route=\/wp\/v2\/pages"}],"about":[{"href":"http:\/\/2017.burbankwerner.de\/index.php?rest_route=\/wp\/v2\/types\/page"}],"author":[{"embeddable":true,"href":"http:\/\/2017.burbankwerner.de\/index.php?rest_route=\/wp\/v2\/users\/1"}],"replies":[{"embeddable":true,"href":"http:\/\/2017.burbankwerner.de\/index.php?rest_route=%2Fwp%2Fv2%2Fcomments&post=690"}],"version-history":[{"count":7,"href":"http:\/\/2017.burbankwerner.de\/index.php?rest_route=\/wp\/v2\/pages\/690\/revisions"}],"predecessor-version":[{"id":1121,"href":"http:\/\/2017.burbankwerner.de\/index.php?rest_route=\/wp\/v2\/pages\/690\/revisions\/1121"}],"wp:attachment":[{"href":"http:\/\/2017.burbankwerner.de\/index.php?rest_route=%2Fwp%2Fv2%2Fmedia&parent=690"}],"curies":[{"name":"wp","href":"https:\/\/api.w.org\/{rel}","templated":true}]}}