{"id":631,"date":"2017-11-02T12:14:26","date_gmt":"2017-11-02T12:14:26","guid":{"rendered":"http:\/\/2017.burbankwerner.de\/?page_id=631"},"modified":"2020-12-27T21:34:52","modified_gmt":"2020-12-27T21:34:52","slug":"24-10-5-11-suedlich-von-brisbane","status":"publish","type":"page","link":"http:\/\/2017.burbankwerner.de\/?page_id=631","title":{"rendered":"24.10. &#8211; 5.11. S\u00fcdlich von Brisbane"},"content":{"rendered":"<p><img loading=\"lazy\" decoding=\"async\" class=\"alignnone size-full wp-image-613\" src=\"http:\/\/2017.burbankwerner.de\/wp-content\/uploads\/2017\/11\/2017-Brisbane.jpg\" alt=\"\" width=\"1280\" height=\"720\" srcset=\"http:\/\/2017.burbankwerner.de\/wp-content\/uploads\/2017\/11\/2017-Brisbane.jpg 1280w, http:\/\/2017.burbankwerner.de\/wp-content\/uploads\/2017\/11\/2017-Brisbane-300x169.jpg 300w, http:\/\/2017.burbankwerner.de\/wp-content\/uploads\/2017\/11\/2017-Brisbane-768x432.jpg 768w, http:\/\/2017.burbankwerner.de\/wp-content\/uploads\/2017\/11\/2017-Brisbane-1024x576.jpg 1024w\" sizes=\"(max-width: 1280px) 100vw, 1280px\" \/><\/p>\n<p>Bitte mit &#8222;strg&#8220; + &#8222;+&#8220; (Taste Steuerung gedr\u00fcckt halten, mehrmals +-Taste dr\u00fccken) vergr\u00f6\u00dfern.<\/p>\n<p>Please enlarge with &#8222;ctrl&#8220; + &#8222;+&#8220; (press ctrl and tipp &#8222;+&#8220; serveral times)<\/p>\n","protected":false},"excerpt":{"rendered":"<p>Bitte mit &#8222;strg&#8220; + &#8222;+&#8220; (Taste Steuerung gedr\u00fcckt halten, mehrmals +-Taste dr\u00fccken) vergr\u00f6\u00dfern. Please enlarge with &#8222;ctrl&#8220; + &#8222;+&#8220; (press ctrl and tipp &#8222;+&#8220; serveral times)<\/p>\n","protected":false},"author":1,"featured_media":0,"parent":0,"menu_order":0,"comment_status":"closed","ping_status":"closed","template":"","meta":{"footnotes":""},"_links":{"self":[{"href":"http:\/\/2017.burbankwerner.de\/index.php?rest_route=\/wp\/v2\/pages\/631"}],"collection":[{"href":"http:\/\/2017.burbankwerner.de\/index.php?rest_route=\/wp\/v2\/pages"}],"about":[{"href":"http:\/\/2017.burbankwerner.de\/index.php?rest_route=\/wp\/v2\/types\/page"}],"author":[{"embeddable":true,"href":"http:\/\/2017.burbankwerner.de\/index.php?rest_route=\/wp\/v2\/users\/1"}],"replies":[{"embeddable":true,"href":"http:\/\/2017.burbankwerner.de\/index.php?rest_route=%2Fwp%2Fv2%2Fcomments&post=631"}],"version-history":[{"count":2,"href":"http:\/\/2017.burbankwerner.de\/index.php?rest_route=\/wp\/v2\/pages\/631\/revisions"}],"predecessor-version":[{"id":650,"href":"http:\/\/2017.burbankwerner.de\/index.php?rest_route=\/wp\/v2\/pages\/631\/revisions\/650"}],"wp:attachment":[{"href":"http:\/\/2017.burbankwerner.de\/index.php?rest_route=%2Fwp%2Fv2%2Fmedia&parent=631"}],"curies":[{"name":"wp","href":"https:\/\/api.w.org\/{rel}","templated":true}]}}