{"id":625,"date":"2017-11-02T12:10:20","date_gmt":"2017-11-02T12:10:20","guid":{"rendered":"http:\/\/2017.burbankwerner.de\/?page_id=625"},"modified":"2020-12-27T21:35:25","modified_gmt":"2020-12-27T21:35:25","slug":"30-9-8-10-melbourne-und-grampians","status":"publish","type":"page","link":"http:\/\/2017.burbankwerner.de\/?page_id=625","title":{"rendered":"30.9. &#8211; 8.10. Melbourne und Grampians"},"content":{"rendered":"<p><img loading=\"lazy\" decoding=\"async\" class=\"alignnone size-full wp-image-611\" src=\"http:\/\/2017.burbankwerner.de\/wp-content\/uploads\/2017\/11\/2017-Melbourne.jpg\" alt=\"\" width=\"1280\" height=\"720\" srcset=\"http:\/\/2017.burbankwerner.de\/wp-content\/uploads\/2017\/11\/2017-Melbourne.jpg 1280w, http:\/\/2017.burbankwerner.de\/wp-content\/uploads\/2017\/11\/2017-Melbourne-300x169.jpg 300w, http:\/\/2017.burbankwerner.de\/wp-content\/uploads\/2017\/11\/2017-Melbourne-768x432.jpg 768w, http:\/\/2017.burbankwerner.de\/wp-content\/uploads\/2017\/11\/2017-Melbourne-1024x576.jpg 1024w\" sizes=\"(max-width: 1280px) 100vw, 1280px\" \/><\/p>\n<p>Bitte mit &#8222;strg&#8220; + &#8222;+&#8220; (Taste Steuerung gedr\u00fcckt halten, mehrmals +-Taste dr\u00fccken) vergr\u00f6\u00dfern.<\/p>\n<p>Please enlarge with &#8222;ctrl&#8220; + &#8222;+&#8220; (press ctrl and tipp &#8222;+&#8220; serveral times)<\/p>\n<p>&nbsp;<\/p>\n","protected":false},"excerpt":{"rendered":"<p>Bitte mit &#8222;strg&#8220; + &#8222;+&#8220; (Taste Steuerung gedr\u00fcckt halten, mehrmals +-Taste dr\u00fccken) vergr\u00f6\u00dfern. Please enlarge with &#8222;ctrl&#8220; + &#8222;+&#8220; (press ctrl and tipp &#8222;+&#8220; serveral times) &nbsp;<\/p>\n","protected":false},"author":1,"featured_media":0,"parent":0,"menu_order":0,"comment_status":"closed","ping_status":"closed","template":"","meta":{"footnotes":""},"_links":{"self":[{"href":"http:\/\/2017.burbankwerner.de\/index.php?rest_route=\/wp\/v2\/pages\/625"}],"collection":[{"href":"http:\/\/2017.burbankwerner.de\/index.php?rest_route=\/wp\/v2\/pages"}],"about":[{"href":"http:\/\/2017.burbankwerner.de\/index.php?rest_route=\/wp\/v2\/types\/page"}],"author":[{"embeddable":true,"href":"http:\/\/2017.burbankwerner.de\/index.php?rest_route=\/wp\/v2\/users\/1"}],"replies":[{"embeddable":true,"href":"http:\/\/2017.burbankwerner.de\/index.php?rest_route=%2Fwp%2Fv2%2Fcomments&post=625"}],"version-history":[{"count":2,"href":"http:\/\/2017.burbankwerner.de\/index.php?rest_route=\/wp\/v2\/pages\/625\/revisions"}],"predecessor-version":[{"id":652,"href":"http:\/\/2017.burbankwerner.de\/index.php?rest_route=\/wp\/v2\/pages\/625\/revisions\/652"}],"wp:attachment":[{"href":"http:\/\/2017.burbankwerner.de\/index.php?rest_route=%2Fwp%2Fv2%2Fmedia&parent=625"}],"curies":[{"name":"wp","href":"https:\/\/api.w.org\/{rel}","templated":true}]}}