{"id":620,"date":"2017-11-02T12:07:04","date_gmt":"2017-11-02T12:07:04","guid":{"rendered":"http:\/\/2017.burbankwerner.de\/?page_id=620"},"modified":"2020-12-27T21:35:59","modified_gmt":"2020-12-27T21:35:59","slug":"uebersicht","status":"publish","type":"page","link":"http:\/\/2017.burbankwerner.de\/?page_id=620","title":{"rendered":"\u00dcbersicht"},"content":{"rendered":"<p><img loading=\"lazy\" decoding=\"async\" class=\"alignnone  wp-image-608\" src=\"http:\/\/2017.burbankwerner.de\/wp-content\/uploads\/2017\/11\/2017-\u00dcbersicht.jpg\" alt=\"\" width=\"820\" height=\"461\" srcset=\"http:\/\/2017.burbankwerner.de\/wp-content\/uploads\/2017\/11\/2017-\u00dcbersicht.jpg 1280w, http:\/\/2017.burbankwerner.de\/wp-content\/uploads\/2017\/11\/2017-\u00dcbersicht-300x169.jpg 300w, http:\/\/2017.burbankwerner.de\/wp-content\/uploads\/2017\/11\/2017-\u00dcbersicht-768x432.jpg 768w, http:\/\/2017.burbankwerner.de\/wp-content\/uploads\/2017\/11\/2017-\u00dcbersicht-1024x576.jpg 1024w\" sizes=\"(max-width: 820px) 100vw, 820px\" \/><\/p>\n<p>Bitte mit &#8222;strg&#8220; + &#8222;+&#8220; (Taste Steuerung gedr\u00fcckt halten, mehrmals +-Taste dr\u00fccken) vergr\u00f6\u00dfern.<\/p>\n<p>Please enlarge with &#8222;ctrl&#8220; + &#8222;+&#8220; (press ctrl and tipp &#8222;+&#8220; serveral times)<\/p>\n","protected":false},"excerpt":{"rendered":"<p>Bitte mit &#8222;strg&#8220; + &#8222;+&#8220; (Taste Steuerung gedr\u00fcckt halten, mehrmals +-Taste dr\u00fccken) vergr\u00f6\u00dfern. Please enlarge with &#8222;ctrl&#8220; + &#8222;+&#8220; (press ctrl and tipp &#8222;+&#8220; serveral times)<\/p>\n","protected":false},"author":1,"featured_media":0,"parent":0,"menu_order":0,"comment_status":"closed","ping_status":"closed","template":"","meta":{"footnotes":""},"_links":{"self":[{"href":"http:\/\/2017.burbankwerner.de\/index.php?rest_route=\/wp\/v2\/pages\/620"}],"collection":[{"href":"http:\/\/2017.burbankwerner.de\/index.php?rest_route=\/wp\/v2\/pages"}],"about":[{"href":"http:\/\/2017.burbankwerner.de\/index.php?rest_route=\/wp\/v2\/types\/page"}],"author":[{"embeddable":true,"href":"http:\/\/2017.burbankwerner.de\/index.php?rest_route=\/wp\/v2\/users\/1"}],"replies":[{"embeddable":true,"href":"http:\/\/2017.burbankwerner.de\/index.php?rest_route=%2Fwp%2Fv2%2Fcomments&post=620"}],"version-history":[{"count":4,"href":"http:\/\/2017.burbankwerner.de\/index.php?rest_route=\/wp\/v2\/pages\/620\/revisions"}],"predecessor-version":[{"id":648,"href":"http:\/\/2017.burbankwerner.de\/index.php?rest_route=\/wp\/v2\/pages\/620\/revisions\/648"}],"wp:attachment":[{"href":"http:\/\/2017.burbankwerner.de\/index.php?rest_route=%2Fwp%2Fv2%2Fmedia&parent=620"}],"curies":[{"name":"wp","href":"https:\/\/api.w.org\/{rel}","templated":true}]}}