{"id":601,"date":"2017-11-02T12:01:02","date_gmt":"2017-11-02T12:01:02","guid":{"rendered":"http:\/\/2017.burbankwerner.de\/?page_id=601"},"modified":"2020-12-27T21:34:26","modified_gmt":"2020-12-27T21:34:26","slug":"2-november-noch-eine-schlucht-und-fahrt-nach-coonabarabran","status":"publish","type":"page","link":"http:\/\/2017.burbankwerner.de\/?page_id=601","title":{"rendered":"2. November &#8211; Noch eine Schlucht &#8211; und Fahrt nach Coonabarabran"},"content":{"rendered":"<h2>Ab sofort mit Karten!<\/h2>\n<p>Alle Karten links im Menu unter &#8222;Karten&#8220;. Die jeweils regionale Karte \u00fcber einen Klick auf das Kartensymbol im Text.<\/p>\n<p><img loading=\"lazy\" decoding=\"async\" class=\"alignnone wp-image-603 size-large\" src=\"http:\/\/2017.burbankwerner.de\/wp-content\/uploads\/2017\/11\/2017-11-02-Petersons-1024x768.jpg\" alt=\"\" width=\"660\" height=\"495\" srcset=\"http:\/\/2017.burbankwerner.de\/wp-content\/uploads\/2017\/11\/2017-11-02-Petersons-1024x768.jpg 1024w, http:\/\/2017.burbankwerner.de\/wp-content\/uploads\/2017\/11\/2017-11-02-Petersons-300x225.jpg 300w, http:\/\/2017.burbankwerner.de\/wp-content\/uploads\/2017\/11\/2017-11-02-Petersons-768x576.jpg 768w, http:\/\/2017.burbankwerner.de\/wp-content\/uploads\/2017\/11\/2017-11-02-Petersons.jpg 1200w\" sizes=\"(max-width: 660px) 100vw, 660px\" \/><\/p>\n<p><img loading=\"lazy\" decoding=\"async\" class=\"wp-image-95 alignright\" src=\"http:\/\/2017.burbankwerner.de\/wp-content\/uploads\/2017\/09\/Union-Jack-300x150.png\" alt=\"\" width=\"165\" height=\"83\" srcset=\"http:\/\/2017.burbankwerner.de\/wp-content\/uploads\/2017\/09\/Union-Jack-300x150.png 300w, http:\/\/2017.burbankwerner.de\/wp-content\/uploads\/2017\/09\/Union-Jack-768x384.png 768w, http:\/\/2017.burbankwerner.de\/wp-content\/uploads\/2017\/09\/Union-Jack-1024x512.png 1024w, http:\/\/2017.burbankwerner.de\/wp-content\/uploads\/2017\/09\/Union-Jack.png 1280w\" sizes=\"(max-width: 165px) 100vw, 165px\" \/>Heute morgen haben wir erstmal unsere Luxus-Herberge genossen. Es gab ein Vollbad und danach &#8222;Full english breakfast&#8220;, also Eier auf Toast mit Tomate und Bacon.<\/p>\n<p>Bevor wir nach Westen, zum Warrumbungle Nationalpark aufbrechen\u00a0<a href=\"http:\/\/2017.burbankwerner.de\/?page_id=631\"><img loading=\"lazy\" decoding=\"async\" class=\"alignright wp-image-613\" src=\"http:\/\/2017.burbankwerner.de\/wp-content\/uploads\/2017\/11\/2017-Brisbane-300x169.jpg\" alt=\"\" width=\"168\" height=\"95\" srcset=\"http:\/\/2017.burbankwerner.de\/wp-content\/uploads\/2017\/11\/2017-Brisbane-300x169.jpg 300w, http:\/\/2017.burbankwerner.de\/wp-content\/uploads\/2017\/11\/2017-Brisbane-768x432.jpg 768w, http:\/\/2017.burbankwerner.de\/wp-content\/uploads\/2017\/11\/2017-Brisbane-1024x576.jpg 1024w, http:\/\/2017.burbankwerner.de\/wp-content\/uploads\/2017\/11\/2017-Brisbane.jpg 1280w\" sizes=\"(max-width: 168px) 100vw, 168px\" \/><\/a>(immerhin rund 350 Kilometer) wollen wir noch die Gara-Gorge besuchen, etwa 15 km von Armidale entfernt. Eigentlich wollten wir nur mal schauen.<\/p>\n<p><img loading=\"lazy\" decoding=\"async\" class=\"alignnone size-large wp-image-606\" src=\"http:\/\/2017.burbankwerner.de\/wp-content\/uploads\/2017\/11\/2017-11-02-Gara_Gorge-1024x725.jpg\" alt=\"\" width=\"660\" height=\"467\" srcset=\"http:\/\/2017.burbankwerner.de\/wp-content\/uploads\/2017\/11\/2017-11-02-Gara_Gorge-1024x725.jpg 1024w, http:\/\/2017.burbankwerner.de\/wp-content\/uploads\/2017\/11\/2017-11-02-Gara_Gorge-300x213.jpg 300w, http:\/\/2017.burbankwerner.de\/wp-content\/uploads\/2017\/11\/2017-11-02-Gara_Gorge-768x544.jpg 768w, http:\/\/2017.burbankwerner.de\/wp-content\/uploads\/2017\/11\/2017-11-02-Gara_Gorge.jpg 1200w\" sizes=\"(max-width: 660px) 100vw, 660px\" \/><\/p>\n<p>Aber dann gef\u00e4llt uns der Weg so gut &#8211; denn er ist mal was anderes, kein tropischer Regenwald, keine Lianen, keine W\u00fcrgefeigen &#8211; dass wir die knapp 5 Kilometer Rundweg zum &#8222;Schlucht-Ausblick&#8220; durchwandern.<\/p>\n<p><img loading=\"lazy\" decoding=\"async\" class=\"alignnone size-large wp-image-605\" src=\"http:\/\/2017.burbankwerner.de\/wp-content\/uploads\/2017\/11\/2017-11-02-Gara_Gorge2-1024x768.jpg\" alt=\"\" width=\"660\" height=\"495\" srcset=\"http:\/\/2017.burbankwerner.de\/wp-content\/uploads\/2017\/11\/2017-11-02-Gara_Gorge2-1024x768.jpg 1024w, http:\/\/2017.burbankwerner.de\/wp-content\/uploads\/2017\/11\/2017-11-02-Gara_Gorge2-300x225.jpg 300w, http:\/\/2017.burbankwerner.de\/wp-content\/uploads\/2017\/11\/2017-11-02-Gara_Gorge2-768x576.jpg 768w, http:\/\/2017.burbankwerner.de\/wp-content\/uploads\/2017\/11\/2017-11-02-Gara_Gorge2.jpg 1200w\" sizes=\"(max-width: 660px) 100vw, 660px\" \/><\/p>\n<p>Es ist wirklich toll hier in Australien &#8211; \u00fcberall werden Picnic-Pl\u00e4tze, ja sogar kleine Campgrounds angelegt. Immer sind Toiletten vorhanden &#8211; biologische, die jedoch in der Regel supersauber, gepflegt und gewartet sind, mit Toilettenpapier (siehe gestern &#8211; da gbt&#8217;s schon mal ungebetene G\u00e4ste&#8230;) &#8211; sie riechen nicht, einfach toll! Die &#8222;Day-use-areas&#8220;, also die Bereiche, wo man nicht \u00fcbernachten kann, haben h\u00e4ufig auch Gas-Grills, meistens umsonst zu benutzen. Also, da k\u00f6nnte man sich in Deutschland &#8217;ne Scheibe davon abschneiden!<\/p>\n<p><img loading=\"lazy\" decoding=\"async\" class=\"alignnone wp-image-607 size-large\" src=\"http:\/\/2017.burbankwerner.de\/wp-content\/uploads\/2017\/11\/2017-11-02-dayusearea-e1509623395774-1024x490.jpg\" alt=\"\" width=\"660\" height=\"316\" srcset=\"http:\/\/2017.burbankwerner.de\/wp-content\/uploads\/2017\/11\/2017-11-02-dayusearea-e1509623395774-1024x490.jpg 1024w, http:\/\/2017.burbankwerner.de\/wp-content\/uploads\/2017\/11\/2017-11-02-dayusearea-e1509623395774-300x144.jpg 300w, http:\/\/2017.burbankwerner.de\/wp-content\/uploads\/2017\/11\/2017-11-02-dayusearea-e1509623395774-768x368.jpg 768w, http:\/\/2017.burbankwerner.de\/wp-content\/uploads\/2017\/11\/2017-11-02-dayusearea-e1509623395774.jpg 1191w\" sizes=\"(max-width: 660px) 100vw, 660px\" \/><\/p>\n<p>Hier also, zu Ehren der australischen Nationalpark-Verwaltung die Day use area an der Gara-Gorge im Oxley Wild Rivers National Park!<\/p>\n<p>Dann folgt die lange, lange Fahrt nach Coonabarabran (bitte einfach mal die Aussprache \u00fcben &#8211; das doppelte o wird zum u, sonst wie man&#8217;s schreibt&#8230;).<\/p>\n<p><img loading=\"lazy\" decoding=\"async\" class=\"alignnone wp-image-602 size-large\" src=\"http:\/\/2017.burbankwerner.de\/wp-content\/uploads\/2017\/11\/2017-11-02-strasse-e1509623607160-1024x568.jpg\" alt=\"\" width=\"660\" height=\"366\" srcset=\"http:\/\/2017.burbankwerner.de\/wp-content\/uploads\/2017\/11\/2017-11-02-strasse-e1509623607160-1024x568.jpg 1024w, http:\/\/2017.burbankwerner.de\/wp-content\/uploads\/2017\/11\/2017-11-02-strasse-e1509623607160-300x167.jpg 300w, http:\/\/2017.burbankwerner.de\/wp-content\/uploads\/2017\/11\/2017-11-02-strasse-e1509623607160-768x426.jpg 768w, http:\/\/2017.burbankwerner.de\/wp-content\/uploads\/2017\/11\/2017-11-02-strasse-e1509623607160.jpg 1200w\" sizes=\"(max-width: 660px) 100vw, 660px\" \/><\/p>\n<p>Zum Gl\u00fcck ist uns weder ein Wallabie noch ein Koala vor die Sto\u00dfstange gelaufen. Tats\u00e4chlich haben wir auf der ganzen Fahrt weder das eine noch das andere gesehen. Aber die Gefahr ist immer da &#8211; davon zeugen die zahlreichen toten Tiere am Stra\u00dfenrand.<\/p>\n<p>Abends nehmen wir nochmal ein Motel in Coonabarabran. Und beim Abendessen im angeschlossenen Restaurant (das leider nicht \u00fcberzeugen konnte&#8230;) gab es eine sehr nette Begegnung mit der ortsans\u00e4ssigen Harfenistin, die aus Anlass des Besuches einer Senioren-Gruppe vorwiegend Irisches zu Geh\u00f6r brachte&#8230;<\/p>\n<p><img loading=\"lazy\" decoding=\"async\" class=\"alignnone size-large wp-image-604\" src=\"http:\/\/2017.burbankwerner.de\/wp-content\/uploads\/2017\/11\/2017-11-02-harfe-1024x611.jpg\" alt=\"\" width=\"660\" height=\"394\" srcset=\"http:\/\/2017.burbankwerner.de\/wp-content\/uploads\/2017\/11\/2017-11-02-harfe-1024x611.jpg 1024w, http:\/\/2017.burbankwerner.de\/wp-content\/uploads\/2017\/11\/2017-11-02-harfe-300x179.jpg 300w, http:\/\/2017.burbankwerner.de\/wp-content\/uploads\/2017\/11\/2017-11-02-harfe-768x458.jpg 768w, http:\/\/2017.burbankwerner.de\/wp-content\/uploads\/2017\/11\/2017-11-02-harfe.jpg 1200w\" sizes=\"(max-width: 660px) 100vw, 660px\" \/><\/p>\n<p>Der Rest des Abends vergeht mit der Bereitstellung von Karten f\u00fcr den Blog&#8230;<\/p>\n<p>Arbeit? Naja, das ist auch ein bisschen Arbeit&#8230;<\/p>\n<p><a href=\"http:\/\/2017.burbankwerner.de\/?page_id=654\"><img loading=\"lazy\" decoding=\"async\" class=\"alignright wp-image-835\" src=\"http:\/\/2017.burbankwerner.de\/wp-content\/uploads\/2017\/11\/weiter-300x122.jpg\" alt=\"\" width=\"170\" height=\"69\" srcset=\"http:\/\/2017.burbankwerner.de\/wp-content\/uploads\/2017\/11\/weiter-300x122.jpg 300w, http:\/\/2017.burbankwerner.de\/wp-content\/uploads\/2017\/11\/weiter.jpg 493w\" sizes=\"(max-width: 170px) 100vw, 170px\" \/><\/a><a href=\"http:\/\/2017.burbankwerner.de\/?page_id=582\"><img loading=\"lazy\" decoding=\"async\" class=\"alignleft wp-image-834\" src=\"http:\/\/2017.burbankwerner.de\/wp-content\/uploads\/2017\/11\/zur\u00fcck-300x121.jpg\" alt=\"\" width=\"170\" height=\"69\" srcset=\"http:\/\/2017.burbankwerner.de\/wp-content\/uploads\/2017\/11\/zur\u00fcck-300x121.jpg 300w, http:\/\/2017.burbankwerner.de\/wp-content\/uploads\/2017\/11\/zur\u00fcck.jpg 494w\" sizes=\"(max-width: 170px) 100vw, 170px\" \/><\/a><\/p>\n<p>&nbsp;<\/p>\n<p>&nbsp;<\/p>\n<p>&nbsp;<\/p>\n","protected":false},"excerpt":{"rendered":"<p>Ab sofort mit Karten! Alle Karten links im Menu unter &#8222;Karten&#8220;. Die jeweils regionale Karte \u00fcber einen Klick auf das Kartensymbol im Text. Heute morgen haben wir erstmal unsere Luxus-Herberge genossen. Es gab ein Vollbad und danach &#8222;Full english breakfast&#8220;, also Eier auf Toast mit Tomate und Bacon. Bevor wir nach Westen, zum Warrumbungle Nationalpark &hellip; <a href=\"http:\/\/2017.burbankwerner.de\/?page_id=601\" class=\"more-link\"><span class=\"screen-reader-text\">2. November &#8211; Noch eine Schlucht &#8211; und Fahrt nach Coonabarabran<\/span> weiterlesen<\/a><\/p>\n","protected":false},"author":1,"featured_media":0,"parent":0,"menu_order":0,"comment_status":"closed","ping_status":"closed","template":"","meta":{"footnotes":""},"_links":{"self":[{"href":"http:\/\/2017.burbankwerner.de\/index.php?rest_route=\/wp\/v2\/pages\/601"}],"collection":[{"href":"http:\/\/2017.burbankwerner.de\/index.php?rest_route=\/wp\/v2\/pages"}],"about":[{"href":"http:\/\/2017.burbankwerner.de\/index.php?rest_route=\/wp\/v2\/types\/page"}],"author":[{"embeddable":true,"href":"http:\/\/2017.burbankwerner.de\/index.php?rest_route=\/wp\/v2\/users\/1"}],"replies":[{"embeddable":true,"href":"http:\/\/2017.burbankwerner.de\/index.php?rest_route=%2Fwp%2Fv2%2Fcomments&post=601"}],"version-history":[{"count":6,"href":"http:\/\/2017.burbankwerner.de\/index.php?rest_route=\/wp\/v2\/pages\/601\/revisions"}],"predecessor-version":[{"id":1103,"href":"http:\/\/2017.burbankwerner.de\/index.php?rest_route=\/wp\/v2\/pages\/601\/revisions\/1103"}],"wp:attachment":[{"href":"http:\/\/2017.burbankwerner.de\/index.php?rest_route=%2Fwp%2Fv2%2Fmedia&parent=601"}],"curies":[{"name":"wp","href":"https:\/\/api.w.org\/{rel}","templated":true}]}}