{"id":582,"date":"2017-11-01T10:52:01","date_gmt":"2017-11-01T10:52:01","guid":{"rendered":"http:\/\/2017.burbankwerner.de\/?page_id=582"},"modified":"2020-12-27T21:33:41","modified_gmt":"2020-12-27T21:33:41","slug":"1-november-von-fall-zu-fall-nach-amidale-2","status":"publish","type":"page","link":"http:\/\/2017.burbankwerner.de\/?page_id=582","title":{"rendered":"1. November &#8211; Von Fall zu Fall nach Amidale"},"content":{"rendered":"<p><img loading=\"lazy\" decoding=\"async\" class=\"alignnone wp-image-585 size-large\" src=\"http:\/\/2017.burbankwerner.de\/wp-content\/uploads\/2017\/11\/2017-11-01-Landschaft-e1509532771117-1024x561.jpg\" alt=\"\" width=\"660\" height=\"362\" srcset=\"http:\/\/2017.burbankwerner.de\/wp-content\/uploads\/2017\/11\/2017-11-01-Landschaft-e1509532771117-1024x561.jpg 1024w, http:\/\/2017.burbankwerner.de\/wp-content\/uploads\/2017\/11\/2017-11-01-Landschaft-e1509532771117-300x164.jpg 300w, http:\/\/2017.burbankwerner.de\/wp-content\/uploads\/2017\/11\/2017-11-01-Landschaft-e1509532771117-768x421.jpg 768w, http:\/\/2017.burbankwerner.de\/wp-content\/uploads\/2017\/11\/2017-11-01-Landschaft-e1509532771117.jpg 1182w\" sizes=\"(max-width: 660px) 100vw, 660px\" \/><\/p>\n<p><a href=\"http:\/\/2017.burbankwerner.de\/?page_id=593\"><img loading=\"lazy\" decoding=\"async\" class=\"alignright wp-image-95\" src=\"http:\/\/2017.burbankwerner.de\/wp-content\/uploads\/2017\/09\/Union-Jack-300x150.png\" alt=\"\" width=\"167\" height=\"84\" srcset=\"http:\/\/2017.burbankwerner.de\/wp-content\/uploads\/2017\/09\/Union-Jack-300x150.png 300w, http:\/\/2017.burbankwerner.de\/wp-content\/uploads\/2017\/09\/Union-Jack-768x384.png 768w, http:\/\/2017.burbankwerner.de\/wp-content\/uploads\/2017\/09\/Union-Jack-1024x512.png 1024w, http:\/\/2017.burbankwerner.de\/wp-content\/uploads\/2017\/09\/Union-Jack.png 1280w\" sizes=\"(max-width: 167px) 100vw, 167px\" \/><\/a>Heute haben wir die Ostk\u00fcste und damit den Pazifik verlassen &#8211; hier, im Dorrigo Nationalpark sind wir schon wieder oben auf der &#8222;Great Dividing Range&#8220;, dem Gro\u00dfen Trenngebirge, das die Ostk\u00fcste vom flachen Outback trennt. Ganz am Horizont kann man hinter den bewaldeten Schluchten noch das Meer erahnen&#8230;<\/p>\n<p><img loading=\"lazy\" decoding=\"async\" class=\"alignnone wp-image-589 size-large\" src=\"http:\/\/2017.burbankwerner.de\/wp-content\/uploads\/2017\/11\/2017-11-01_Crystal2-1024x768.jpg\" alt=\"\" width=\"660\" height=\"495\" srcset=\"http:\/\/2017.burbankwerner.de\/wp-content\/uploads\/2017\/11\/2017-11-01_Crystal2-1024x768.jpg 1024w, http:\/\/2017.burbankwerner.de\/wp-content\/uploads\/2017\/11\/2017-11-01_Crystal2-300x225.jpg 300w, http:\/\/2017.burbankwerner.de\/wp-content\/uploads\/2017\/11\/2017-11-01_Crystal2-768x576.jpg 768w, http:\/\/2017.burbankwerner.de\/wp-content\/uploads\/2017\/11\/2017-11-01_Crystal2.jpg 1200w\" sizes=\"(max-width: 660px) 100vw, 660px\" \/><\/p>\n<p>Wir fahren von Coff&#8217;s Harbour nach Amidale auf dem Waterfall Way. Er f\u00fchrt zun\u00e4chst mal nach Bellingen, einem kleinen Ort &#8211; dort kaufen wir Souvenirs, denn hier gibt es sch\u00f6ne Holzarbeiten.<\/p>\n<p>Doch dann geht&#8217;s gleich weiter in den Dorrigo Nationalpark, der die ersten zwei Wasserf\u00e4lle zu bieten hat. Dies hier ist Crystal Falls &#8211; man kann hinter dem Wasserfall durchlaufen, was wir nat\u00fcrlich auch gemacht haben&#8230;<\/p>\n<p><img loading=\"lazy\" decoding=\"async\" class=\"alignnone wp-image-588 size-large\" src=\"http:\/\/2017.burbankwerner.de\/wp-content\/uploads\/2017\/11\/2017-11-01-CrystalFalls-1024x768.jpg\" alt=\"\" width=\"660\" height=\"495\" srcset=\"http:\/\/2017.burbankwerner.de\/wp-content\/uploads\/2017\/11\/2017-11-01-CrystalFalls-1024x768.jpg 1024w, http:\/\/2017.burbankwerner.de\/wp-content\/uploads\/2017\/11\/2017-11-01-CrystalFalls-300x225.jpg 300w, http:\/\/2017.burbankwerner.de\/wp-content\/uploads\/2017\/11\/2017-11-01-CrystalFalls-768x576.jpg 768w, http:\/\/2017.burbankwerner.de\/wp-content\/uploads\/2017\/11\/2017-11-01-CrystalFalls.jpg 1200w\" sizes=\"(max-width: 660px) 100vw, 660px\" \/><\/p>\n<p>Der n\u00e4chste Wasserfall ist Dangar Falls, gleich hinter dem St\u00e4dtchen Dorrigo.<\/p>\n<p><img loading=\"lazy\" decoding=\"async\" class=\"alignnone size-large wp-image-587\" src=\"http:\/\/2017.burbankwerner.de\/wp-content\/uploads\/2017\/11\/2017-11-01-DangarFalls-1024x726.jpg\" alt=\"\" width=\"660\" height=\"468\" srcset=\"http:\/\/2017.burbankwerner.de\/wp-content\/uploads\/2017\/11\/2017-11-01-DangarFalls-1024x726.jpg 1024w, http:\/\/2017.burbankwerner.de\/wp-content\/uploads\/2017\/11\/2017-11-01-DangarFalls-300x213.jpg 300w, http:\/\/2017.burbankwerner.de\/wp-content\/uploads\/2017\/11\/2017-11-01-DangarFalls-768x545.jpg 768w, http:\/\/2017.burbankwerner.de\/wp-content\/uploads\/2017\/11\/2017-11-01-DangarFalls.jpg 1200w\" sizes=\"(max-width: 660px) 100vw, 660px\" \/><\/p>\n<p>Von Dorrigo aus zieht sich das &#8222;New England Tableland bis nach Amidale, der h\u00f6chst gelegenen Stadt Australiens (ca. 1.000m). Die Hochebene sieht ein bisschen wie das Allg\u00e4u aus (mit extensiver Rinderzucht), fanden wir:<\/p>\n<p><img loading=\"lazy\" decoding=\"async\" class=\"alignnone size-large wp-image-583\" src=\"http:\/\/2017.burbankwerner.de\/wp-content\/uploads\/2017\/11\/2017-11-01-Tableland-1024x768.jpg\" alt=\"\" width=\"660\" height=\"495\" srcset=\"http:\/\/2017.burbankwerner.de\/wp-content\/uploads\/2017\/11\/2017-11-01-Tableland-1024x768.jpg 1024w, http:\/\/2017.burbankwerner.de\/wp-content\/uploads\/2017\/11\/2017-11-01-Tableland-300x225.jpg 300w, http:\/\/2017.burbankwerner.de\/wp-content\/uploads\/2017\/11\/2017-11-01-Tableland-768x576.jpg 768w, http:\/\/2017.burbankwerner.de\/wp-content\/uploads\/2017\/11\/2017-11-01-Tableland.jpg 1200w\" sizes=\"(max-width: 660px) 100vw, 660px\" \/><\/p>\n<p>Von den folgenden Wasserf\u00e4llen hat uns Ebor Falls am besten gefallen:<\/p>\n<p><img loading=\"lazy\" decoding=\"async\" class=\"alignnone size-large wp-image-586\" src=\"http:\/\/2017.burbankwerner.de\/wp-content\/uploads\/2017\/11\/2017-11-01-ebor-1024x736.jpg\" alt=\"\" width=\"660\" height=\"474\" srcset=\"http:\/\/2017.burbankwerner.de\/wp-content\/uploads\/2017\/11\/2017-11-01-ebor-1024x736.jpg 1024w, http:\/\/2017.burbankwerner.de\/wp-content\/uploads\/2017\/11\/2017-11-01-ebor-300x216.jpg 300w, http:\/\/2017.burbankwerner.de\/wp-content\/uploads\/2017\/11\/2017-11-01-ebor-768x552.jpg 768w\" sizes=\"(max-width: 660px) 100vw, 660px\" \/><\/p>\n<p>Er hat zwei Stufen. Die hintere, die hier nur klein zu sehen ist, wirkt fast noch interessanter. Der letzte Wasserfall, den wir aufgesucht haben, Wollomombi Falls lie\u00df sich leider wegen der tiefstehenden Sonne nicht mehr fotografieren <a href=\"https:\/\/www.google.com.au\/url?sa=i&amp;rct=j&amp;q=&amp;esrc=s&amp;source=images&amp;cd=&amp;cad=rja&amp;uact=8&amp;ved=0ahUKEwji9ZGnmJ3XAhWExlQKHXAACY0QjRwIBw&amp;url=http%3A%2F%2Fwanderingaustralia.com.au%2F%3Fp%3D2891&amp;psig=AOvVaw1RTqOKhRy6Be4Wb5SOLcrl&amp;ust=1509619286134066\">Hier\u00a0<\/a>ist ein Internetbild, f\u00fcr alle, die es interessiert.<\/p>\n<p>Wendelin musste jedoch nach dem Wasserfall auf die Toilette. Als er nach dem Toilettenpapier greift, entrollt sich ein ganz spezieller Gast aus der Klorolle:<\/p>\n<p><img loading=\"lazy\" decoding=\"async\" class=\"alignnone size-large wp-image-584\" src=\"http:\/\/2017.burbankwerner.de\/wp-content\/uploads\/2017\/11\/2017-11-01-Spider-1024x869.jpg\" alt=\"\" width=\"660\" height=\"560\" srcset=\"http:\/\/2017.burbankwerner.de\/wp-content\/uploads\/2017\/11\/2017-11-01-Spider-1024x869.jpg 1024w, http:\/\/2017.burbankwerner.de\/wp-content\/uploads\/2017\/11\/2017-11-01-Spider-300x255.jpg 300w, http:\/\/2017.burbankwerner.de\/wp-content\/uploads\/2017\/11\/2017-11-01-Spider-768x652.jpg 768w, http:\/\/2017.burbankwerner.de\/wp-content\/uploads\/2017\/11\/2017-11-01-Spider.jpg 1200w\" sizes=\"(max-width: 660px) 100vw, 660px\" \/><\/p>\n<p>Den wollten wir euch nicht vorenthalten&#8230;<\/p>\n<p>Abgestiegen sind wir in Armidale in einem sehr beschaulichen Guest House auf dem Weingut Petersons. <a href=\"http:\/\/www.petersonsguesthouse.com.au\/\">Hier <\/a>k\u00f6nnt ihr euch das ansehen.<\/p>\n<p><a href=\"http:\/\/2017.burbankwerner.de\/?page_id=601\"><img loading=\"lazy\" decoding=\"async\" class=\"alignright wp-image-835\" src=\"http:\/\/2017.burbankwerner.de\/wp-content\/uploads\/2017\/11\/weiter-300x122.jpg\" alt=\"\" width=\"170\" height=\"69\" srcset=\"http:\/\/2017.burbankwerner.de\/wp-content\/uploads\/2017\/11\/weiter-300x122.jpg 300w, http:\/\/2017.burbankwerner.de\/wp-content\/uploads\/2017\/11\/weiter.jpg 493w\" sizes=\"(max-width: 170px) 100vw, 170px\" \/><\/a><a href=\"http:\/\/2017.burbankwerner.de\/?page_id=568\"><img loading=\"lazy\" decoding=\"async\" class=\"alignleft wp-image-834\" src=\"http:\/\/2017.burbankwerner.de\/wp-content\/uploads\/2017\/11\/zur\u00fcck-300x121.jpg\" alt=\"\" width=\"170\" height=\"69\" srcset=\"http:\/\/2017.burbankwerner.de\/wp-content\/uploads\/2017\/11\/zur\u00fcck-300x121.jpg 300w, http:\/\/2017.burbankwerner.de\/wp-content\/uploads\/2017\/11\/zur\u00fcck.jpg 494w\" sizes=\"(max-width: 170px) 100vw, 170px\" \/><\/a><\/p>\n","protected":false},"excerpt":{"rendered":"<p>Heute haben wir die Ostk\u00fcste und damit den Pazifik verlassen &#8211; hier, im Dorrigo Nationalpark sind wir schon wieder oben auf der &#8222;Great Dividing Range&#8220;, dem Gro\u00dfen Trenngebirge, das die Ostk\u00fcste vom flachen Outback trennt. Ganz am Horizont kann man hinter den bewaldeten Schluchten noch das Meer erahnen&#8230; Wir fahren von Coff&#8217;s Harbour nach Amidale &hellip; <a href=\"http:\/\/2017.burbankwerner.de\/?page_id=582\" class=\"more-link\"><span class=\"screen-reader-text\">1. November &#8211; Von Fall zu Fall nach Amidale<\/span> weiterlesen<\/a><\/p>\n","protected":false},"author":1,"featured_media":0,"parent":0,"menu_order":0,"comment_status":"closed","ping_status":"closed","template":"","meta":{"footnotes":""},"_links":{"self":[{"href":"http:\/\/2017.burbankwerner.de\/index.php?rest_route=\/wp\/v2\/pages\/582"}],"collection":[{"href":"http:\/\/2017.burbankwerner.de\/index.php?rest_route=\/wp\/v2\/pages"}],"about":[{"href":"http:\/\/2017.burbankwerner.de\/index.php?rest_route=\/wp\/v2\/types\/page"}],"author":[{"embeddable":true,"href":"http:\/\/2017.burbankwerner.de\/index.php?rest_route=\/wp\/v2\/users\/1"}],"replies":[{"embeddable":true,"href":"http:\/\/2017.burbankwerner.de\/index.php?rest_route=%2Fwp%2Fv2%2Fcomments&post=582"}],"version-history":[{"count":5,"href":"http:\/\/2017.burbankwerner.de\/index.php?rest_route=\/wp\/v2\/pages\/582\/revisions"}],"predecessor-version":[{"id":1102,"href":"http:\/\/2017.burbankwerner.de\/index.php?rest_route=\/wp\/v2\/pages\/582\/revisions\/1102"}],"wp:attachment":[{"href":"http:\/\/2017.burbankwerner.de\/index.php?rest_route=%2Fwp%2Fv2%2Fmedia&parent=582"}],"curies":[{"name":"wp","href":"https:\/\/api.w.org\/{rel}","templated":true}]}}