{"id":537,"date":"2017-10-29T12:33:05","date_gmt":"2017-10-29T12:33:05","guid":{"rendered":"http:\/\/2017.burbankwerner.de\/?page_id=537"},"modified":"2020-12-27T21:35:09","modified_gmt":"2020-12-27T21:35:09","slug":"29-oktober-aus-den-bergen-an-die-see","status":"publish","type":"page","link":"http:\/\/2017.burbankwerner.de\/?page_id=537","title":{"rendered":"29. Oktober &#8211; Aus den Bergen an die See&#8230;"},"content":{"rendered":"<p><img loading=\"lazy\" decoding=\"async\" class=\"alignnone wp-image-540 size-large\" src=\"http:\/\/2017.burbankwerner.de\/wp-content\/uploads\/2017\/10\/2017-10-29-Lamington-1024x768.jpg\" alt=\"\" width=\"660\" height=\"495\" srcset=\"http:\/\/2017.burbankwerner.de\/wp-content\/uploads\/2017\/10\/2017-10-29-Lamington-1024x768.jpg 1024w, http:\/\/2017.burbankwerner.de\/wp-content\/uploads\/2017\/10\/2017-10-29-Lamington-300x225.jpg 300w, http:\/\/2017.burbankwerner.de\/wp-content\/uploads\/2017\/10\/2017-10-29-Lamington-768x576.jpg 768w, http:\/\/2017.burbankwerner.de\/wp-content\/uploads\/2017\/10\/2017-10-29-Lamington.jpg 1200w\" sizes=\"(max-width: 660px) 100vw, 660px\" \/><\/p>\n<p><a href=\"http:\/\/2017.burbankwerner.de\/?page_id=546\"><img loading=\"lazy\" decoding=\"async\" class=\"alignright wp-image-95\" src=\"http:\/\/2017.burbankwerner.de\/wp-content\/uploads\/2017\/09\/Union-Jack-300x150.png\" alt=\"\" width=\"171\" height=\"86\" srcset=\"http:\/\/2017.burbankwerner.de\/wp-content\/uploads\/2017\/09\/Union-Jack-300x150.png 300w, http:\/\/2017.burbankwerner.de\/wp-content\/uploads\/2017\/09\/Union-Jack-768x384.png 768w, http:\/\/2017.burbankwerner.de\/wp-content\/uploads\/2017\/09\/Union-Jack-1024x512.png 1024w, http:\/\/2017.burbankwerner.de\/wp-content\/uploads\/2017\/09\/Union-Jack.png 1280w\" sizes=\"(max-width: 171px) 100vw, 171px\" \/><\/a>Heute morgen haben wir den Lamington Nationalpark verlassen. Der Campingplatz war \u00fcbrigens gut gef\u00fcllt heute Nacht &#8211; viele Queensl\u00e4nder kommen \u00fcber das Wochenende in das Binna Burra Gebiet des Nationalparks. Gestern Abend hatten wir noch eine nette Unterhaltung mit einem Paar aus Brisbane, er Rechtsanwalt, sie Buchhalterin &#8211; die auch viel reisen.<\/p>\n<p>Sonntag fr\u00fch weckte uns eine Gruppe Jugendlicher um halb sechs Uhr mit viel Gekicher auf &#8211; und um 10:00 Uhr, als wir auch langsam alles zusammengepackt hatten &#8211; da hatte sich das Camp schon wieder weitgehend geleert&#8230;<\/p>\n<p>Wir haben noch ein Foto vom Nationalpark gemacht\u00a0 &#8211; in der Mitte zwischen den Bergr\u00fccken ragt im Hintergrund der Mount Warning empor &#8211; er liegt schon in New South Wales &#8211; dem australischen Bundesstaat, in dem auch unser heutiges Ziel &#8211; Coff&#8217;s Harbour &#8211; liegt.<\/p>\n<p>Zuerst fahren wir aber an die Pazifikk\u00fcste hinunter und auf dem Pazifik Highway, der hier \u00fcber einige hundert Kilometer zur Autobahn ausgebaut wird zu dem ber\u00fchmten Badeort Bayron Bay.<\/p>\n<p><img loading=\"lazy\" decoding=\"async\" class=\"alignnone size-large wp-image-542\" src=\"http:\/\/2017.burbankwerner.de\/wp-content\/uploads\/2017\/10\/2017-10-29-BB_Strand-1024x768.jpg\" alt=\"\" width=\"660\" height=\"495\" srcset=\"http:\/\/2017.burbankwerner.de\/wp-content\/uploads\/2017\/10\/2017-10-29-BB_Strand-1024x768.jpg 1024w, http:\/\/2017.burbankwerner.de\/wp-content\/uploads\/2017\/10\/2017-10-29-BB_Strand-300x225.jpg 300w, http:\/\/2017.burbankwerner.de\/wp-content\/uploads\/2017\/10\/2017-10-29-BB_Strand-768x576.jpg 768w, http:\/\/2017.burbankwerner.de\/wp-content\/uploads\/2017\/10\/2017-10-29-BB_Strand.jpg 1200w\" sizes=\"(max-width: 660px) 100vw, 660px\" \/><\/p>\n<p>Am Strand von Bayron Bay tummeln sich die jungen Leute, die M\u00e4dels wetteifern um die knappste Bekleidung, die Jungs um die farbenpr\u00e4chtigsten Tatoos und die l\u00e4ngsten Rastalocken.<\/p>\n<p>Absolutes &#8222;must do&#8220; ist der Besuch beim Leuchtturm oberhalb der quirligen Stadt:<\/p>\n<p><img loading=\"lazy\" decoding=\"async\" class=\"alignnone size-large wp-image-541\" src=\"http:\/\/2017.burbankwerner.de\/wp-content\/uploads\/2017\/10\/2017-10-29-Byron-Bay-1024x672.jpg\" alt=\"\" width=\"660\" height=\"433\" srcset=\"http:\/\/2017.burbankwerner.de\/wp-content\/uploads\/2017\/10\/2017-10-29-Byron-Bay-1024x672.jpg 1024w, http:\/\/2017.burbankwerner.de\/wp-content\/uploads\/2017\/10\/2017-10-29-Byron-Bay-300x197.jpg 300w, http:\/\/2017.burbankwerner.de\/wp-content\/uploads\/2017\/10\/2017-10-29-Byron-Bay-768x504.jpg 768w, http:\/\/2017.burbankwerner.de\/wp-content\/uploads\/2017\/10\/2017-10-29-Byron-Bay.jpg 1200w\" sizes=\"(max-width: 660px) 100vw, 660px\" \/><\/p>\n<p>Die als &#8222;Eintritt&#8220; getarnte Parkgeb\u00fchr betr\u00e4gt happige 8 AUD&#8230;<\/p>\n<p>Auf der Strecke immer wieder tolle Ausblicke auf die Pazifik-K\u00fcste<\/p>\n<p><img loading=\"lazy\" decoding=\"async\" class=\"alignnone size-large wp-image-539\" src=\"http:\/\/2017.burbankwerner.de\/wp-content\/uploads\/2017\/10\/2017-10-29-Lookout-1024x768.jpg\" alt=\"\" width=\"660\" height=\"495\" srcset=\"http:\/\/2017.burbankwerner.de\/wp-content\/uploads\/2017\/10\/2017-10-29-Lookout-1024x768.jpg 1024w, http:\/\/2017.burbankwerner.de\/wp-content\/uploads\/2017\/10\/2017-10-29-Lookout-300x225.jpg 300w, http:\/\/2017.burbankwerner.de\/wp-content\/uploads\/2017\/10\/2017-10-29-Lookout-768x576.jpg 768w, http:\/\/2017.burbankwerner.de\/wp-content\/uploads\/2017\/10\/2017-10-29-Lookout.jpg 1200w\" sizes=\"(max-width: 660px) 100vw, 660px\" \/><\/p>\n<p>Wir fahren jedoch weiter, ungef\u00e4hr 250 km nach S\u00fcden, zur Stadt Coff&#8217;s Harbour, dort zum Vorort Sapphire Beach, wo wir uns in eine Cabin eingemietet haben. Angesichts der immer wiederkehrenden Gewitter &#8211; auf der Autobahn war es auf einer Strecke wei\u00df von Hagel &#8211; eine gute Idee&#8230;<\/p>\n<p>Nach einem guten Essen im Hafenlokal &#8222;Latitude 30&#8220; muss Wendelin noch \u00dcberweisungen t\u00e4tigen &#8211; und nat\u00fcrlich wollen wir beim Blog schreiben nicht in Nachtrab geraten&#8230;.<\/p>\n<p><img loading=\"lazy\" decoding=\"async\" class=\"alignnone size-large wp-image-538\" src=\"http:\/\/2017.burbankwerner.de\/wp-content\/uploads\/2017\/10\/2017-10-29-wwpc-1024x592.jpg\" alt=\"\" width=\"660\" height=\"382\" srcset=\"http:\/\/2017.burbankwerner.de\/wp-content\/uploads\/2017\/10\/2017-10-29-wwpc-1024x592.jpg 1024w, http:\/\/2017.burbankwerner.de\/wp-content\/uploads\/2017\/10\/2017-10-29-wwpc-300x174.jpg 300w, http:\/\/2017.burbankwerner.de\/wp-content\/uploads\/2017\/10\/2017-10-29-wwpc-768x444.jpg 768w, http:\/\/2017.burbankwerner.de\/wp-content\/uploads\/2017\/10\/2017-10-29-wwpc.jpg 1200w\" sizes=\"(max-width: 660px) 100vw, 660px\" \/><br \/>\n<a href=\"http:\/\/2017.burbankwerner.de\/?page_id=550\"><img loading=\"lazy\" decoding=\"async\" class=\"alignright wp-image-835\" src=\"http:\/\/2017.burbankwerner.de\/wp-content\/uploads\/2017\/11\/weiter-300x122.jpg\" alt=\"\" width=\"170\" height=\"69\" srcset=\"http:\/\/2017.burbankwerner.de\/wp-content\/uploads\/2017\/11\/weiter-300x122.jpg 300w, http:\/\/2017.burbankwerner.de\/wp-content\/uploads\/2017\/11\/weiter.jpg 493w\" sizes=\"(max-width: 170px) 100vw, 170px\" \/><\/a><a href=\"http:\/\/2017.burbankwerner.de\/?page_id=523\"><img loading=\"lazy\" decoding=\"async\" class=\"alignleft wp-image-834\" src=\"http:\/\/2017.burbankwerner.de\/wp-content\/uploads\/2017\/11\/zur\u00fcck-300x121.jpg\" alt=\"\" width=\"170\" height=\"69\" srcset=\"http:\/\/2017.burbankwerner.de\/wp-content\/uploads\/2017\/11\/zur\u00fcck-300x121.jpg 300w, http:\/\/2017.burbankwerner.de\/wp-content\/uploads\/2017\/11\/zur\u00fcck.jpg 494w\" sizes=\"(max-width: 170px) 100vw, 170px\" \/><\/a><\/p>\n","protected":false},"excerpt":{"rendered":"<p>Heute morgen haben wir den Lamington Nationalpark verlassen. Der Campingplatz war \u00fcbrigens gut gef\u00fcllt heute Nacht &#8211; viele Queensl\u00e4nder kommen \u00fcber das Wochenende in das Binna Burra Gebiet des Nationalparks. Gestern Abend hatten wir noch eine nette Unterhaltung mit einem Paar aus Brisbane, er Rechtsanwalt, sie Buchhalterin &#8211; die auch viel reisen. Sonntag fr\u00fch weckte &hellip; <a href=\"http:\/\/2017.burbankwerner.de\/?page_id=537\" class=\"more-link\"><span class=\"screen-reader-text\">29. Oktober &#8211; Aus den Bergen an die See&#8230;<\/span> weiterlesen<\/a><\/p>\n","protected":false},"author":1,"featured_media":0,"parent":0,"menu_order":0,"comment_status":"closed","ping_status":"closed","template":"","meta":{"footnotes":""},"_links":{"self":[{"href":"http:\/\/2017.burbankwerner.de\/index.php?rest_route=\/wp\/v2\/pages\/537"}],"collection":[{"href":"http:\/\/2017.burbankwerner.de\/index.php?rest_route=\/wp\/v2\/pages"}],"about":[{"href":"http:\/\/2017.burbankwerner.de\/index.php?rest_route=\/wp\/v2\/types\/page"}],"author":[{"embeddable":true,"href":"http:\/\/2017.burbankwerner.de\/index.php?rest_route=\/wp\/v2\/users\/1"}],"replies":[{"embeddable":true,"href":"http:\/\/2017.burbankwerner.de\/index.php?rest_route=%2Fwp%2Fv2%2Fcomments&post=537"}],"version-history":[{"count":5,"href":"http:\/\/2017.burbankwerner.de\/index.php?rest_route=\/wp\/v2\/pages\/537\/revisions"}],"predecessor-version":[{"id":1098,"href":"http:\/\/2017.burbankwerner.de\/index.php?rest_route=\/wp\/v2\/pages\/537\/revisions\/1098"}],"wp:attachment":[{"href":"http:\/\/2017.burbankwerner.de\/index.php?rest_route=%2Fwp%2Fv2%2Fmedia&parent=537"}],"curies":[{"name":"wp","href":"https:\/\/api.w.org\/{rel}","templated":true}]}}