{"id":523,"date":"2017-10-28T09:13:00","date_gmt":"2017-10-28T09:13:00","guid":{"rendered":"http:\/\/2017.burbankwerner.de\/?page_id=523"},"modified":"2020-12-27T21:35:09","modified_gmt":"2020-12-27T21:35:09","slug":"28-oktober-20-km-wasserfaelle-und-creek-crossing","status":"publish","type":"page","link":"http:\/\/2017.burbankwerner.de\/?page_id=523","title":{"rendered":"28. Oktober &#8211; 20 km Wasserf\u00e4lle und &#8222;Creek-Crossing&#8220;"},"content":{"rendered":"<p><img loading=\"lazy\" decoding=\"async\" class=\"alignnone wp-image-524 size-large\" src=\"http:\/\/2017.burbankwerner.de\/wp-content\/uploads\/2017\/10\/2017-10-28-Wurzeln-1024x768.jpg\" alt=\"\" width=\"660\" height=\"495\" srcset=\"http:\/\/2017.burbankwerner.de\/wp-content\/uploads\/2017\/10\/2017-10-28-Wurzeln-1024x768.jpg 1024w, http:\/\/2017.burbankwerner.de\/wp-content\/uploads\/2017\/10\/2017-10-28-Wurzeln-300x225.jpg 300w, http:\/\/2017.burbankwerner.de\/wp-content\/uploads\/2017\/10\/2017-10-28-Wurzeln-768x576.jpg 768w, http:\/\/2017.burbankwerner.de\/wp-content\/uploads\/2017\/10\/2017-10-28-Wurzeln.jpg 1200w\" sizes=\"(max-width: 660px) 100vw, 660px\" \/><\/p>\n<p><a href=\"http:\/\/2017.burbankwerner.de\/?page_id=530\"><img loading=\"lazy\" decoding=\"async\" class=\"alignright wp-image-95\" src=\"http:\/\/2017.burbankwerner.de\/wp-content\/uploads\/2017\/09\/Union-Jack-300x150.png\" alt=\"\" width=\"163\" height=\"82\" srcset=\"http:\/\/2017.burbankwerner.de\/wp-content\/uploads\/2017\/09\/Union-Jack-300x150.png 300w, http:\/\/2017.burbankwerner.de\/wp-content\/uploads\/2017\/09\/Union-Jack-768x384.png 768w, http:\/\/2017.burbankwerner.de\/wp-content\/uploads\/2017\/09\/Union-Jack-1024x512.png 1024w, http:\/\/2017.burbankwerner.de\/wp-content\/uploads\/2017\/09\/Union-Jack.png 1280w\" sizes=\"(max-width: 163px) 100vw, 163px\" \/><\/a>Heute haben wir &#8211; wie geplant &#8211; den &#8222;langen Marsch&#8220;, den Coomera-Rundweg gemacht. Mehr als 20 Kilometer &#8211; und der erste und l\u00e4ngste Teil durch das Tal des Coomera Creek war wirklich begeisternd. Es fing schon mit diesem Baumriesen mit wirklich extrem gefalteten Brettwurzeln an&#8230;<\/p>\n<p><img loading=\"lazy\" decoding=\"async\" class=\"alignnone size-large wp-image-526\" src=\"http:\/\/2017.burbankwerner.de\/wp-content\/uploads\/2017\/10\/2017-10-28-CoomaraWF-1024x768.jpg\" alt=\"\" width=\"660\" height=\"495\" srcset=\"http:\/\/2017.burbankwerner.de\/wp-content\/uploads\/2017\/10\/2017-10-28-CoomaraWF-1024x768.jpg 1024w, http:\/\/2017.burbankwerner.de\/wp-content\/uploads\/2017\/10\/2017-10-28-CoomaraWF-300x225.jpg 300w, http:\/\/2017.burbankwerner.de\/wp-content\/uploads\/2017\/10\/2017-10-28-CoomaraWF-768x576.jpg 768w, http:\/\/2017.burbankwerner.de\/wp-content\/uploads\/2017\/10\/2017-10-28-CoomaraWF.jpg 1200w\" sizes=\"(max-width: 660px) 100vw, 660px\" \/><\/p>\n<p>Und nach wenigen Kilometern das &#8222;High-light&#8220; &#8211; der Coomera Wasserfall &#8211; leider kommt er auf dem Bild nur sehr eingeschr\u00e4nkt zur Geltung &#8211; der Wasserfall ergie\u00dft sich fast 100 Meter in eine tiefe Schlucht &#8211; und das von zwei Seiten, denn von links sieht man den Coomera-Creek &#8222;fallen&#8220;, in der Bildmitte sieht man einen Zufluss, der von hoch oben in den Creek hinab f\u00e4llt.<\/p>\n<p><img loading=\"lazy\" decoding=\"async\" class=\"alignnone size-large wp-image-525\" src=\"http:\/\/2017.burbankwerner.de\/wp-content\/uploads\/2017\/10\/2017-10-28-CreekCross-1024x768.jpg\" alt=\"\" width=\"660\" height=\"495\" srcset=\"http:\/\/2017.burbankwerner.de\/wp-content\/uploads\/2017\/10\/2017-10-28-CreekCross-1024x768.jpg 1024w, http:\/\/2017.burbankwerner.de\/wp-content\/uploads\/2017\/10\/2017-10-28-CreekCross-300x225.jpg 300w, http:\/\/2017.burbankwerner.de\/wp-content\/uploads\/2017\/10\/2017-10-28-CreekCross-768x576.jpg 768w, http:\/\/2017.burbankwerner.de\/wp-content\/uploads\/2017\/10\/2017-10-28-CreekCross.jpg 1200w\" sizes=\"(max-width: 660px) 100vw, 660px\" \/><\/p>\n<p>Der Weg kreuzt eins ums andere Mal die Zufl\u00fcsse des Coomera-Flusses &#8211; wir nennen es &#8222;Creek-Crossing&#8220; (Bach \u00fcberqueren..) &#8211; und manche Querung ist eine wirkliche Herausforderung.<\/p>\n<p><img loading=\"lazy\" decoding=\"async\" class=\"alignnone size-large wp-image-527\" src=\"http:\/\/2017.burbankwerner.de\/wp-content\/uploads\/2017\/10\/2017-10-28-BunWF-1024x768.jpg\" alt=\"\" width=\"660\" height=\"495\" srcset=\"http:\/\/2017.burbankwerner.de\/wp-content\/uploads\/2017\/10\/2017-10-28-BunWF-1024x768.jpg 1024w, http:\/\/2017.burbankwerner.de\/wp-content\/uploads\/2017\/10\/2017-10-28-BunWF-300x225.jpg 300w, http:\/\/2017.burbankwerner.de\/wp-content\/uploads\/2017\/10\/2017-10-28-BunWF-768x576.jpg 768w, http:\/\/2017.burbankwerner.de\/wp-content\/uploads\/2017\/10\/2017-10-28-BunWF.jpg 1200w\" sizes=\"(max-width: 660px) 100vw, 660px\" \/><\/p>\n<p>Ein weiterer Wasserfall &#8211; es sind bestimmt ein Dutzend, kleinere und gr\u00f6\u00dfere, die den Weg \u00fcber 10 km s\u00e4umen.<\/p>\n<p><img loading=\"lazy\" decoding=\"async\" class=\"alignnone size-large wp-image-528\" src=\"http:\/\/2017.burbankwerner.de\/wp-content\/uploads\/2017\/10\/2017-10-28-Blumen-1024x634.jpg\" alt=\"\" width=\"660\" height=\"409\" srcset=\"http:\/\/2017.burbankwerner.de\/wp-content\/uploads\/2017\/10\/2017-10-28-Blumen-1024x634.jpg 1024w, http:\/\/2017.burbankwerner.de\/wp-content\/uploads\/2017\/10\/2017-10-28-Blumen-300x186.jpg 300w, http:\/\/2017.burbankwerner.de\/wp-content\/uploads\/2017\/10\/2017-10-28-Blumen-768x476.jpg 768w, http:\/\/2017.burbankwerner.de\/wp-content\/uploads\/2017\/10\/2017-10-28-Blumen-825x510.jpg 825w, http:\/\/2017.burbankwerner.de\/wp-content\/uploads\/2017\/10\/2017-10-28-Blumen.jpg 1200w\" sizes=\"(max-width: 660px) 100vw, 660px\" \/><\/p>\n<p>Die Natur im Lamington National Parl ist wirklich begeisternd! Nach rund 12 km\u00a0 trifft der Coomera-Loop wieder auf den Hauptwanderweg, der sich auf der Anh\u00f6he \u00fcber weite Strecken eben dahin zieht &#8211; auch nochmal rund 8 km &#8211; und am Ende sind wir doch froh, unseren Zeltplatz wieder zu sehen. Der erste Weg f\u00fchrt uns ins nahe &#8222;Teahouse&#8220;, wo es einen Cappuccino und einen Chai latte gibt. Danach duschen &#8211; kochen &#8211; und die F\u00fc\u00dfe in den Schlafsack strecken.<\/p>\n<p>Morgen wollen wir nach Coff&#8217;s Harbour &#8211; eine kleine Stadt an der K\u00fcste im Norden von New South Wales. Nach einem Ruhetag wollen wir weitere &#8222;Wasserfall-Wege&#8220; im Doringo NP aufsuchen&#8230;<br \/>\n<a href=\"http:\/\/2017.burbankwerner.de\/?page_id=537\"><img loading=\"lazy\" decoding=\"async\" class=\"alignright wp-image-835\" src=\"http:\/\/2017.burbankwerner.de\/wp-content\/uploads\/2017\/11\/weiter-300x122.jpg\" alt=\"\" width=\"170\" height=\"69\" srcset=\"http:\/\/2017.burbankwerner.de\/wp-content\/uploads\/2017\/11\/weiter-300x122.jpg 300w, http:\/\/2017.burbankwerner.de\/wp-content\/uploads\/2017\/11\/weiter.jpg 493w\" sizes=\"(max-width: 170px) 100vw, 170px\" \/><\/a><a href=\"http:\/\/2017.burbankwerner.de\/?page_id=506\"><img loading=\"lazy\" decoding=\"async\" class=\"alignleft wp-image-834\" src=\"http:\/\/2017.burbankwerner.de\/wp-content\/uploads\/2017\/11\/zur\u00fcck-300x121.jpg\" alt=\"\" width=\"170\" height=\"69\" srcset=\"http:\/\/2017.burbankwerner.de\/wp-content\/uploads\/2017\/11\/zur\u00fcck-300x121.jpg 300w, http:\/\/2017.burbankwerner.de\/wp-content\/uploads\/2017\/11\/zur\u00fcck.jpg 494w\" sizes=\"(max-width: 170px) 100vw, 170px\" \/><\/a><\/p>\n","protected":false},"excerpt":{"rendered":"<p>Heute haben wir &#8211; wie geplant &#8211; den &#8222;langen Marsch&#8220;, den Coomera-Rundweg gemacht. Mehr als 20 Kilometer &#8211; und der erste und l\u00e4ngste Teil durch das Tal des Coomera Creek war wirklich begeisternd. Es fing schon mit diesem Baumriesen mit wirklich extrem gefalteten Brettwurzeln an&#8230; Und nach wenigen Kilometern das &#8222;High-light&#8220; &#8211; der Coomera Wasserfall &hellip; <a href=\"http:\/\/2017.burbankwerner.de\/?page_id=523\" class=\"more-link\"><span class=\"screen-reader-text\">28. Oktober &#8211; 20 km Wasserf\u00e4lle und &#8222;Creek-Crossing&#8220;<\/span> weiterlesen<\/a><\/p>\n","protected":false},"author":1,"featured_media":0,"parent":0,"menu_order":0,"comment_status":"closed","ping_status":"closed","template":"","meta":{"footnotes":""},"_links":{"self":[{"href":"http:\/\/2017.burbankwerner.de\/index.php?rest_route=\/wp\/v2\/pages\/523"}],"collection":[{"href":"http:\/\/2017.burbankwerner.de\/index.php?rest_route=\/wp\/v2\/pages"}],"about":[{"href":"http:\/\/2017.burbankwerner.de\/index.php?rest_route=\/wp\/v2\/types\/page"}],"author":[{"embeddable":true,"href":"http:\/\/2017.burbankwerner.de\/index.php?rest_route=\/wp\/v2\/users\/1"}],"replies":[{"embeddable":true,"href":"http:\/\/2017.burbankwerner.de\/index.php?rest_route=%2Fwp%2Fv2%2Fcomments&post=523"}],"version-history":[{"count":4,"href":"http:\/\/2017.burbankwerner.de\/index.php?rest_route=\/wp\/v2\/pages\/523\/revisions"}],"predecessor-version":[{"id":1097,"href":"http:\/\/2017.burbankwerner.de\/index.php?rest_route=\/wp\/v2\/pages\/523\/revisions\/1097"}],"wp:attachment":[{"href":"http:\/\/2017.burbankwerner.de\/index.php?rest_route=%2Fwp%2Fv2%2Fmedia&parent=523"}],"curies":[{"name":"wp","href":"https:\/\/api.w.org\/{rel}","templated":true}]}}