{"id":470,"date":"2017-10-25T09:51:39","date_gmt":"2017-10-25T09:51:39","guid":{"rendered":"http:\/\/2017.burbankwerner.de\/?page_id=470"},"modified":"2020-12-27T21:34:52","modified_gmt":"2020-12-27T21:34:52","slug":"225-oktober-in-brisbane-einkauf-und-fahrradausflug","status":"publish","type":"page","link":"http:\/\/2017.burbankwerner.de\/?page_id=470","title":{"rendered":"25. Oktober &#8211; In Brisbane &#8211; Einkauf und Fahrradausflug"},"content":{"rendered":"<h2>Heute zwei Seiten! Zum 24. Oktober geht es <a href=\"http:\/\/2017.burbankwerner.de\/?page_id=460\">hier!<\/a><\/h2>\n<p><img loading=\"lazy\" decoding=\"async\" class=\"alignnone size-large wp-image-461\" src=\"http:\/\/2017.burbankwerner.de\/wp-content\/uploads\/2017\/10\/2017-10-25-Waesche-1024x768.jpg\" alt=\"\" width=\"660\" height=\"495\" srcset=\"http:\/\/2017.burbankwerner.de\/wp-content\/uploads\/2017\/10\/2017-10-25-Waesche-1024x768.jpg 1024w, http:\/\/2017.burbankwerner.de\/wp-content\/uploads\/2017\/10\/2017-10-25-Waesche-300x225.jpg 300w, http:\/\/2017.burbankwerner.de\/wp-content\/uploads\/2017\/10\/2017-10-25-Waesche-768x576.jpg 768w, http:\/\/2017.burbankwerner.de\/wp-content\/uploads\/2017\/10\/2017-10-25-Waesche.jpg 1200w\" sizes=\"(max-width: 660px) 100vw, 660px\" \/><\/p>\n<p><a href=\"http:\/\/2017.burbankwerner.de\/?page_id=478\"><img loading=\"lazy\" decoding=\"async\" class=\"alignright wp-image-95\" src=\"http:\/\/2017.burbankwerner.de\/wp-content\/uploads\/2017\/09\/Union-Jack-300x150.png\" alt=\"\" width=\"165\" height=\"83\" srcset=\"http:\/\/2017.burbankwerner.de\/wp-content\/uploads\/2017\/09\/Union-Jack-300x150.png 300w, http:\/\/2017.burbankwerner.de\/wp-content\/uploads\/2017\/09\/Union-Jack-768x384.png 768w, http:\/\/2017.burbankwerner.de\/wp-content\/uploads\/2017\/09\/Union-Jack-1024x512.png 1024w, http:\/\/2017.burbankwerner.de\/wp-content\/uploads\/2017\/09\/Union-Jack.png 1280w\" sizes=\"(max-width: 165px) 100vw, 165px\" \/><\/a>Nach dem gestrigen Schrecken m\u00fcssen wir uns erstmal neu sortieren. Annette schmei\u00dft eine Waschmaschine an und Wendelin besteht darauf, endlich W\u00e4scheklammern zu kaufen, damit die W\u00e4sche nicht st\u00e4ndig wegfliegt&#8230;<\/p>\n<p>Dann kaufen wir noch zwei Campingst\u00fchle (der eine kostet 5 AUD, ca 3,50, der andere 10 AUD) und ein \u00e4hnlich g\u00fcnstiges Camping-Tischchen.<\/p>\n<p><img loading=\"lazy\" decoding=\"async\" class=\"alignnone size-large wp-image-464\" src=\"http:\/\/2017.burbankwerner.de\/wp-content\/uploads\/2017\/10\/2017-10-25-Friseur-1024x768.jpg\" alt=\"\" width=\"660\" height=\"495\" srcset=\"http:\/\/2017.burbankwerner.de\/wp-content\/uploads\/2017\/10\/2017-10-25-Friseur-1024x768.jpg 1024w, http:\/\/2017.burbankwerner.de\/wp-content\/uploads\/2017\/10\/2017-10-25-Friseur-300x225.jpg 300w, http:\/\/2017.burbankwerner.de\/wp-content\/uploads\/2017\/10\/2017-10-25-Friseur-768x576.jpg 768w, http:\/\/2017.burbankwerner.de\/wp-content\/uploads\/2017\/10\/2017-10-25-Friseur.jpg 1200w\" sizes=\"(max-width: 660px) 100vw, 660px\" \/><\/p>\n<p>Danach geht es zum Friseur. Hier erh\u00e4lt Annette eine Auffrischung ihrer Frisur, Wendelin wird im &#8222;Barber-Shop&#8220; behandelt.<\/p>\n<p>Nachmittags fahren wir mit dem Bus nochmals nach Brisbane hinein und mieten uns wieder zwei R\u00e4der.<\/p>\n<p><img loading=\"lazy\" decoding=\"async\" class=\"alignnone size-large wp-image-465\" src=\"http:\/\/2017.burbankwerner.de\/wp-content\/uploads\/2017\/10\/2017-10-25-Fahrrad-1024x768.jpg\" alt=\"\" width=\"660\" height=\"495\" srcset=\"http:\/\/2017.burbankwerner.de\/wp-content\/uploads\/2017\/10\/2017-10-25-Fahrrad-1024x768.jpg 1024w, http:\/\/2017.burbankwerner.de\/wp-content\/uploads\/2017\/10\/2017-10-25-Fahrrad-300x225.jpg 300w, http:\/\/2017.burbankwerner.de\/wp-content\/uploads\/2017\/10\/2017-10-25-Fahrrad-768x576.jpg 768w, http:\/\/2017.burbankwerner.de\/wp-content\/uploads\/2017\/10\/2017-10-25-Fahrrad.jpg 1200w\" sizes=\"(max-width: 660px) 100vw, 660px\" \/><\/p>\n<p>Von der Anlegestelle des CityCat in der N\u00e4he des CBD fahren wir durch den Botanischen Garten, dann \u00fcber eine Fu\u00dfg\u00e4nger und Fahrrad-Br\u00fccke \u00fcber den Brisbane-River und schlie\u00dflich an der Southbank entlang, einem stadtnahen Erholungsgebiet. Hier zeigt sich Brisbane von seiner relaxten Seite &#8211; \u00fcberall Caf\u00e9s, Bierboutiquen und in der Mitte ein ausgedehntes Schwimmbad &#8211; st\u00e4dtisch, offen, kostenlos&#8230;<\/p>\n<p><img loading=\"lazy\" decoding=\"async\" class=\"alignnone size-large wp-image-462\" src=\"http:\/\/2017.burbankwerner.de\/wp-content\/uploads\/2017\/10\/2017-10-25-Schwimmbad-1024x768.jpg\" alt=\"\" width=\"660\" height=\"495\" srcset=\"http:\/\/2017.burbankwerner.de\/wp-content\/uploads\/2017\/10\/2017-10-25-Schwimmbad-1024x768.jpg 1024w, http:\/\/2017.burbankwerner.de\/wp-content\/uploads\/2017\/10\/2017-10-25-Schwimmbad-300x225.jpg 300w, http:\/\/2017.burbankwerner.de\/wp-content\/uploads\/2017\/10\/2017-10-25-Schwimmbad-768x576.jpg 768w, http:\/\/2017.burbankwerner.de\/wp-content\/uploads\/2017\/10\/2017-10-25-Schwimmbad.jpg 1200w\" sizes=\"(max-width: 660px) 100vw, 660px\" \/><\/p>\n<p>Zum Tagesausklang kocht Annette ein tolles Abendessen, gegrillter Fisch &#8211; Painted Sweetlip Filet &#8211; dazu gegrillter gr\u00fcner Spargel und gro\u00dfe Portobello Pilze&#8230;<\/p>\n<p><img loading=\"lazy\" decoding=\"async\" class=\"alignnone size-large wp-image-463\" src=\"http:\/\/2017.burbankwerner.de\/wp-content\/uploads\/2017\/10\/2017-10-25-Kueche-1024x768.jpg\" alt=\"\" width=\"660\" height=\"495\" srcset=\"http:\/\/2017.burbankwerner.de\/wp-content\/uploads\/2017\/10\/2017-10-25-Kueche-1024x768.jpg 1024w, http:\/\/2017.burbankwerner.de\/wp-content\/uploads\/2017\/10\/2017-10-25-Kueche-300x225.jpg 300w, http:\/\/2017.burbankwerner.de\/wp-content\/uploads\/2017\/10\/2017-10-25-Kueche-768x576.jpg 768w, http:\/\/2017.burbankwerner.de\/wp-content\/uploads\/2017\/10\/2017-10-25-Kueche.jpg 1200w\" sizes=\"(max-width: 660px) 100vw, 660px\" \/><\/p>\n<p>Mit uns bzw. neben uns her kochen f\u00fcnf leidlich laute Niederl\u00e4nder und einige Franzosen&#8230;<br \/>\n<a href=\"http:\/\/2017.burbankwerner.de\/?page_id=488\"><img loading=\"lazy\" decoding=\"async\" class=\"alignright wp-image-835\" src=\"http:\/\/2017.burbankwerner.de\/wp-content\/uploads\/2017\/11\/weiter-300x122.jpg\" alt=\"\" width=\"170\" height=\"69\" srcset=\"http:\/\/2017.burbankwerner.de\/wp-content\/uploads\/2017\/11\/weiter-300x122.jpg 300w, http:\/\/2017.burbankwerner.de\/wp-content\/uploads\/2017\/11\/weiter.jpg 493w\" sizes=\"(max-width: 170px) 100vw, 170px\" \/><\/a><a href=\"http:\/\/2017.burbankwerner.de\/?page_id=460\"><img loading=\"lazy\" decoding=\"async\" class=\"alignleft wp-image-834\" src=\"http:\/\/2017.burbankwerner.de\/wp-content\/uploads\/2017\/11\/zur\u00fcck-300x121.jpg\" alt=\"\" width=\"170\" height=\"69\" srcset=\"http:\/\/2017.burbankwerner.de\/wp-content\/uploads\/2017\/11\/zur\u00fcck-300x121.jpg 300w, http:\/\/2017.burbankwerner.de\/wp-content\/uploads\/2017\/11\/zur\u00fcck.jpg 494w\" sizes=\"(max-width: 170px) 100vw, 170px\" \/><\/a><\/p>\n","protected":false},"excerpt":{"rendered":"<p>Heute zwei Seiten! Zum 24. Oktober geht es hier! Nach dem gestrigen Schrecken m\u00fcssen wir uns erstmal neu sortieren. Annette schmei\u00dft eine Waschmaschine an und Wendelin besteht darauf, endlich W\u00e4scheklammern zu kaufen, damit die W\u00e4sche nicht st\u00e4ndig wegfliegt&#8230; Dann kaufen wir noch zwei Campingst\u00fchle (der eine kostet 5 AUD, ca 3,50, der andere 10 AUD) &hellip; <a href=\"http:\/\/2017.burbankwerner.de\/?page_id=470\" class=\"more-link\"><span class=\"screen-reader-text\">25. Oktober &#8211; In Brisbane &#8211; Einkauf und Fahrradausflug<\/span> weiterlesen<\/a><\/p>\n","protected":false},"author":1,"featured_media":0,"parent":0,"menu_order":0,"comment_status":"closed","ping_status":"closed","template":"","meta":{"footnotes":""},"_links":{"self":[{"href":"http:\/\/2017.burbankwerner.de\/index.php?rest_route=\/wp\/v2\/pages\/470"}],"collection":[{"href":"http:\/\/2017.burbankwerner.de\/index.php?rest_route=\/wp\/v2\/pages"}],"about":[{"href":"http:\/\/2017.burbankwerner.de\/index.php?rest_route=\/wp\/v2\/types\/page"}],"author":[{"embeddable":true,"href":"http:\/\/2017.burbankwerner.de\/index.php?rest_route=\/wp\/v2\/users\/1"}],"replies":[{"embeddable":true,"href":"http:\/\/2017.burbankwerner.de\/index.php?rest_route=%2Fwp%2Fv2%2Fcomments&post=470"}],"version-history":[{"count":7,"href":"http:\/\/2017.burbankwerner.de\/index.php?rest_route=\/wp\/v2\/pages\/470\/revisions"}],"predecessor-version":[{"id":1091,"href":"http:\/\/2017.burbankwerner.de\/index.php?rest_route=\/wp\/v2\/pages\/470\/revisions\/1091"}],"wp:attachment":[{"href":"http:\/\/2017.burbankwerner.de\/index.php?rest_route=%2Fwp%2Fv2%2Fmedia&parent=470"}],"curies":[{"name":"wp","href":"https:\/\/api.w.org\/{rel}","templated":true}]}}