{"id":392,"date":"2017-10-21T10:09:13","date_gmt":"2017-10-21T10:09:13","guid":{"rendered":"http:\/\/2017.burbankwerner.de\/?page_id=392"},"modified":"2020-12-27T21:34:52","modified_gmt":"2020-12-27T21:34:52","slug":"21-oktober-von-blackwater-nach-rosslyn-bay","status":"publish","type":"page","link":"http:\/\/2017.burbankwerner.de\/?page_id=392","title":{"rendered":"21. Oktober &#8211; Von Blackwater nach Rosslyn Bay"},"content":{"rendered":"<p><img loading=\"lazy\" decoding=\"async\" class=\"alignnone size-large wp-image-396\" src=\"http:\/\/2017.burbankwerner.de\/wp-content\/uploads\/2017\/10\/2017-10-21-Blackwater-1024x585.jpg\" alt=\"\" width=\"660\" height=\"377\" srcset=\"http:\/\/2017.burbankwerner.de\/wp-content\/uploads\/2017\/10\/2017-10-21-Blackwater-1024x585.jpg 1024w, http:\/\/2017.burbankwerner.de\/wp-content\/uploads\/2017\/10\/2017-10-21-Blackwater-300x171.jpg 300w, http:\/\/2017.burbankwerner.de\/wp-content\/uploads\/2017\/10\/2017-10-21-Blackwater-768x438.jpg 768w, http:\/\/2017.burbankwerner.de\/wp-content\/uploads\/2017\/10\/2017-10-21-Blackwater.jpg 1200w\" sizes=\"(max-width: 660px) 100vw, 660px\" \/><\/p>\n<p><a href=\"http:\/\/2017.burbankwerner.de\/?page_id=411\"><img loading=\"lazy\" decoding=\"async\" class=\"alignright wp-image-95\" src=\"http:\/\/2017.burbankwerner.de\/wp-content\/uploads\/2017\/09\/Union-Jack-300x150.png\" alt=\"\" width=\"159\" height=\"80\" srcset=\"http:\/\/2017.burbankwerner.de\/wp-content\/uploads\/2017\/09\/Union-Jack-300x150.png 300w, http:\/\/2017.burbankwerner.de\/wp-content\/uploads\/2017\/09\/Union-Jack-768x384.png 768w, http:\/\/2017.burbankwerner.de\/wp-content\/uploads\/2017\/09\/Union-Jack-1024x512.png 1024w, http:\/\/2017.burbankwerner.de\/wp-content\/uploads\/2017\/09\/Union-Jack.png 1280w\" sizes=\"(max-width: 159px) 100vw, 159px\" \/><\/a>Hier sitzen wir in unserer schicken Unterkunft in Blackwater. Gestern hatten wir echtes Gl\u00fcck mit dem Wetter &#8211; denn heute morgen regnet es ununterbrochen &#8211; bestimmt 12 Stunden lang, bis wir in Rosslyn Bay, unserem heutigen Ziel, eintreffen.<\/p>\n<p>Der &#8222;Discovery Park&#8220;, in dem wir eine Motel-Scheibe gemietet hatten, ist eigentlich eine Absteige vorwiegend f\u00fcr Saison-Arbeiter der umliegenden Mienen. Aber wegen der Schlie\u00dfung der Carnavon Gorge\u00a0 &#8211; so der freundliche Herr in der B\u00fcro-Bude &#8211; h\u00e4tte er gerade gleich vier Reisende, die ausgewichen sind.<\/p>\n<p><img loading=\"lazy\" decoding=\"async\" class=\"alignnone size-large wp-image-395\" src=\"http:\/\/2017.burbankwerner.de\/wp-content\/uploads\/2017\/10\/2017-10-21-Blackwater2-1024x515.jpg\" alt=\"\" width=\"660\" height=\"332\" srcset=\"http:\/\/2017.burbankwerner.de\/wp-content\/uploads\/2017\/10\/2017-10-21-Blackwater2-1024x515.jpg 1024w, http:\/\/2017.burbankwerner.de\/wp-content\/uploads\/2017\/10\/2017-10-21-Blackwater2-300x151.jpg 300w, http:\/\/2017.burbankwerner.de\/wp-content\/uploads\/2017\/10\/2017-10-21-Blackwater2-768x387.jpg 768w, http:\/\/2017.burbankwerner.de\/wp-content\/uploads\/2017\/10\/2017-10-21-Blackwater2.jpg 1200w\" sizes=\"(max-width: 660px) 100vw, 660px\" \/><\/p>\n<p>Unsere Versuche, rund um Blackwater noch ein bisschen mehr \u00fcber den Kohleabbau zu erfahren, bleiben erfolglos: Wir suchen nach den Minen, aber alle Wege enden in Privatstra\u00dfen der Minengesellschaften, die wir nicht nehmen d\u00fcrfen. Die Waggons mit Kohle fahren weiter, auch am Wochenende, wegen Gleisbauarbeiten stauen sich gleich vier Kohlez\u00fcge bei Bluff.<\/p>\n<p>Wen es interessiert &#8211; hier waren wir:<\/p>\n<p><iframe loading=\"lazy\" style=\"border: 0;\" src=\"https:\/\/www.google.com\/maps\/embed?pb=!1m10!1m8!1m3!1d69574.92056115606!2d148.9020620806528!3d-23.58347556618379!3m2!1i1024!2i768!4f13.1!5e0!3m2!1sde!2sau!4v1508583016114\" width=\"600\" height=\"450\" frameborder=\"0\" allowfullscreen=\"allowfullscreen\"><\/iframe><\/p>\n<p>Aber auch das &#8222;Australische Kohlebergbau Museum&#8220; gleich neben unserer Unterkunft ist heute &#8211; am Samstag &#8211; geschlossen. Daf\u00fcr macht das Cafe im Museum werktags um 4:30 Uhr Ortszeit auf. Hm.<\/p>\n<p><img loading=\"lazy\" decoding=\"async\" class=\"alignnone size-large wp-image-394\" src=\"http:\/\/2017.burbankwerner.de\/wp-content\/uploads\/2017\/10\/2017-10-21-Regen-1024x649.jpg\" alt=\"\" width=\"660\" height=\"418\" srcset=\"http:\/\/2017.burbankwerner.de\/wp-content\/uploads\/2017\/10\/2017-10-21-Regen-1024x649.jpg 1024w, http:\/\/2017.burbankwerner.de\/wp-content\/uploads\/2017\/10\/2017-10-21-Regen-300x190.jpg 300w, http:\/\/2017.burbankwerner.de\/wp-content\/uploads\/2017\/10\/2017-10-21-Regen-768x486.jpg 768w, http:\/\/2017.burbankwerner.de\/wp-content\/uploads\/2017\/10\/2017-10-21-Regen.jpg 1200w\" sizes=\"(max-width: 660px) 100vw, 660px\" \/><\/p>\n<p>Wir fahren die rund 160 Kilometer zur\u00fcck nach Rocky (wie Rockhampton hier genannt wird) durch ununterbrochnen Regen &#8211; die Folgen sind an den vielen angeschwollenen Creeks und dem \u00fcber die Ufer getretenen Fitzroy-River (im Bild) deutlich zu sehen. Hoffentlich ist nicht wieder die Bahnverbindung nach Brisbane unterbrochen&#8230;<\/p>\n<p><img loading=\"lazy\" decoding=\"async\" class=\"alignnone size-large wp-image-393\" src=\"http:\/\/2017.burbankwerner.de\/wp-content\/uploads\/2017\/10\/2017-10-21-Rosslyn-1024x631.jpg\" alt=\"\" width=\"660\" height=\"407\" srcset=\"http:\/\/2017.burbankwerner.de\/wp-content\/uploads\/2017\/10\/2017-10-21-Rosslyn-1024x631.jpg 1024w, http:\/\/2017.burbankwerner.de\/wp-content\/uploads\/2017\/10\/2017-10-21-Rosslyn-300x185.jpg 300w, http:\/\/2017.burbankwerner.de\/wp-content\/uploads\/2017\/10\/2017-10-21-Rosslyn-768x473.jpg 768w, http:\/\/2017.burbankwerner.de\/wp-content\/uploads\/2017\/10\/2017-10-21-Rosslyn-825x510.jpg 825w\" sizes=\"(max-width: 660px) 100vw, 660px\" \/><\/p>\n<p>Schlie\u00dflich fahren wir aber weiter nach Rosslyn Bay, wo die Boote nach &#8222;Great Keppel Island&#8220; starten. Auf der Insel wollen wir eine Nacht bleiben, ehe wir wieder nach Rockhampton zur\u00fcckkehren.<\/p>\n<p>Ob es auf Great Keppel Island eine gute Internetverbindung gibt, wissen wir nicht &#8211; falls nicht &#8211; bis \u00fcbermorgen&#8230;<\/p>\n<p><a href=\"http:\/\/2017.burbankwerner.de\/?page_id=430\"><img loading=\"lazy\" decoding=\"async\" class=\"alignright wp-image-835\" src=\"http:\/\/2017.burbankwerner.de\/wp-content\/uploads\/2017\/11\/weiter-300x122.jpg\" alt=\"\" width=\"170\" height=\"69\" srcset=\"http:\/\/2017.burbankwerner.de\/wp-content\/uploads\/2017\/11\/weiter-300x122.jpg 300w, http:\/\/2017.burbankwerner.de\/wp-content\/uploads\/2017\/11\/weiter.jpg 493w\" sizes=\"(max-width: 170px) 100vw, 170px\" \/><\/a><a href=\"http:\/\/2017.burbankwerner.de\/?page_id=384\"><img loading=\"lazy\" decoding=\"async\" class=\"alignleft wp-image-834\" src=\"http:\/\/2017.burbankwerner.de\/wp-content\/uploads\/2017\/11\/zur\u00fcck-300x121.jpg\" alt=\"\" width=\"170\" height=\"69\" srcset=\"http:\/\/2017.burbankwerner.de\/wp-content\/uploads\/2017\/11\/zur\u00fcck-300x121.jpg 300w, http:\/\/2017.burbankwerner.de\/wp-content\/uploads\/2017\/11\/zur\u00fcck.jpg 494w\" sizes=\"(max-width: 170px) 100vw, 170px\" \/><\/a><\/p>\n","protected":false},"excerpt":{"rendered":"<p>Hier sitzen wir in unserer schicken Unterkunft in Blackwater. Gestern hatten wir echtes Gl\u00fcck mit dem Wetter &#8211; denn heute morgen regnet es ununterbrochen &#8211; bestimmt 12 Stunden lang, bis wir in Rosslyn Bay, unserem heutigen Ziel, eintreffen. Der &#8222;Discovery Park&#8220;, in dem wir eine Motel-Scheibe gemietet hatten, ist eigentlich eine Absteige vorwiegend f\u00fcr Saison-Arbeiter &hellip; <a href=\"http:\/\/2017.burbankwerner.de\/?page_id=392\" class=\"more-link\"><span class=\"screen-reader-text\">21. Oktober &#8211; Von Blackwater nach Rosslyn Bay<\/span> weiterlesen<\/a><\/p>\n","protected":false},"author":1,"featured_media":0,"parent":0,"menu_order":0,"comment_status":"closed","ping_status":"closed","template":"","meta":{"footnotes":""},"_links":{"self":[{"href":"http:\/\/2017.burbankwerner.de\/index.php?rest_route=\/wp\/v2\/pages\/392"}],"collection":[{"href":"http:\/\/2017.burbankwerner.de\/index.php?rest_route=\/wp\/v2\/pages"}],"about":[{"href":"http:\/\/2017.burbankwerner.de\/index.php?rest_route=\/wp\/v2\/types\/page"}],"author":[{"embeddable":true,"href":"http:\/\/2017.burbankwerner.de\/index.php?rest_route=\/wp\/v2\/users\/1"}],"replies":[{"embeddable":true,"href":"http:\/\/2017.burbankwerner.de\/index.php?rest_route=%2Fwp%2Fv2%2Fcomments&post=392"}],"version-history":[{"count":7,"href":"http:\/\/2017.burbankwerner.de\/index.php?rest_route=\/wp\/v2\/pages\/392\/revisions"}],"predecessor-version":[{"id":1084,"href":"http:\/\/2017.burbankwerner.de\/index.php?rest_route=\/wp\/v2\/pages\/392\/revisions\/1084"}],"wp:attachment":[{"href":"http:\/\/2017.burbankwerner.de\/index.php?rest_route=%2Fwp%2Fv2%2Fmedia&parent=392"}],"curies":[{"name":"wp","href":"https:\/\/api.w.org\/{rel}","templated":true}]}}