{"id":369,"date":"2017-10-19T12:49:57","date_gmt":"2017-10-19T12:49:57","guid":{"rendered":"http:\/\/2017.burbankwerner.de\/?page_id=369"},"modified":"2020-12-27T21:34:26","modified_gmt":"2020-12-27T21:34:26","slug":"19-oktober-rockhampton-und-blackwater","status":"publish","type":"page","link":"http:\/\/2017.burbankwerner.de\/?page_id=369","title":{"rendered":"19. Oktober &#8211; Rockhampton und Blackwater"},"content":{"rendered":"<ul>\n<li><strong>Heute gleich zwei neue Seiten: Der 18. Oktober ist <a href=\"http:\/\/2017.burbankwerner.de\/?page_id=360\">hier<\/a><\/strong><\/li>\n<\/ul>\n<p><img loading=\"lazy\" decoding=\"async\" class=\"alignnone wp-image-366 size-large\" src=\"http:\/\/2017.burbankwerner.de\/wp-content\/uploads\/2017\/10\/2017-10-19-Zimmer-1024x768.jpg\" alt=\"\" width=\"660\" height=\"495\" srcset=\"http:\/\/2017.burbankwerner.de\/wp-content\/uploads\/2017\/10\/2017-10-19-Zimmer-1024x768.jpg 1024w, http:\/\/2017.burbankwerner.de\/wp-content\/uploads\/2017\/10\/2017-10-19-Zimmer-300x225.jpg 300w, http:\/\/2017.burbankwerner.de\/wp-content\/uploads\/2017\/10\/2017-10-19-Zimmer-768x576.jpg 768w, http:\/\/2017.burbankwerner.de\/wp-content\/uploads\/2017\/10\/2017-10-19-Zimmer.jpg 1200w\" sizes=\"(max-width: 660px) 100vw, 660px\" \/><\/p>\n<p><a href=\"http:\/\/2017.burbankwerner.de\/?page_id=381\"><img loading=\"lazy\" decoding=\"async\" class=\"alignright wp-image-95\" src=\"http:\/\/2017.burbankwerner.de\/wp-content\/uploads\/2017\/09\/Union-Jack-300x150.png\" alt=\"\" width=\"161\" height=\"81\" srcset=\"http:\/\/2017.burbankwerner.de\/wp-content\/uploads\/2017\/09\/Union-Jack-300x150.png 300w, http:\/\/2017.burbankwerner.de\/wp-content\/uploads\/2017\/09\/Union-Jack-768x384.png 768w, http:\/\/2017.burbankwerner.de\/wp-content\/uploads\/2017\/09\/Union-Jack-1024x512.png 1024w, http:\/\/2017.burbankwerner.de\/wp-content\/uploads\/2017\/09\/Union-Jack.png 1280w\" sizes=\"(max-width: 161px) 100vw, 161px\" \/><\/a>Das Zimmer, in dem wir heute morgen gegen neun aufwachen, ist schon skuril &#8211; Mitten im Raum eine Badewanne mit Sprudeld\u00fcsen! Der Raum selbst ist gesch\u00e4tzte vier Meter hoch und mit gediegenen Teakm\u00f6bel ausgestattet.<\/p>\n<p>Nachts haben wir erst den Versuch unternommen, vom Bahnhof mit unserem Sack und Pack den knappen Kilometer zum &#8222;Denison Boutique Hotel&#8220; zu laufen &#8211; aber wir haben es nach dem Einsetzen eines weiteren Regenschauerns drangegeben und ein Taxi genommen.<\/p>\n<p>Die Damen an der Rezeption sind gn\u00e4dig und geben uns Aufschub f\u00fcr den Check-out, bis Wendelin den neuen Mietwagen (der genau der gleiche, selbst in der Farbe, wie der von Cairns ist&#8230;) am Flughafen abgeholt hat.<\/p>\n<p>Um uns erstmal zu informieren, fahren wir zu dem recht uninfomierten Informationszentrum in Rockhampton. Dort empfiehlt uns eine Mitarbeiterin freundlich, doch den nahe gelegenen botanischen Garten zu besuchen &#8211; \u00fcber unser Ziel, das &#8222;High-Light&#8220; in dieser Region, dessentwegen wir gerade hier in Rockhampton (das f\u00fcr den Australier wohl sowas ist wie Bebra oder Backnang f\u00fcr die Deutschen) Station machen &#8211; den Carnavon Gorge NP kann sie uns nichts sagen.<\/p>\n<p>Der empfohlene Garten ist allerdings sehr sch\u00f6n. An einem Kiosk nehmen wir einen Kaffee und beobachten die zahllosen bunten V\u00f6gel, die sich hier rund um mehrere gro\u00dfe Feigenb\u00e4ume tummeln.<\/p>\n<p><img loading=\"lazy\" decoding=\"async\" class=\"alignnone wp-image-364 size-large\" src=\"http:\/\/2017.burbankwerner.de\/wp-content\/uploads\/2017\/10\/2017-10-19-Papagei-1024x666.jpg\" alt=\"\" width=\"660\" height=\"429\" srcset=\"http:\/\/2017.burbankwerner.de\/wp-content\/uploads\/2017\/10\/2017-10-19-Papagei-1024x666.jpg 1024w, http:\/\/2017.burbankwerner.de\/wp-content\/uploads\/2017\/10\/2017-10-19-Papagei-300x195.jpg 300w, http:\/\/2017.burbankwerner.de\/wp-content\/uploads\/2017\/10\/2017-10-19-Papagei-768x499.jpg 768w, http:\/\/2017.burbankwerner.de\/wp-content\/uploads\/2017\/10\/2017-10-19-Papagei.jpg 1200w\" sizes=\"(max-width: 660px) 100vw, 660px\" \/><\/p>\n<p>Aber mit unserem High-Light wird es nichts. Schon im Internet gibt&#8217;s einen &#8222;Park alert&#8220;, also eine Warnmeldung &#8211; und die Ranger, mit denen wir telefonieren best\u00e4tigen: Ein Besuch ist wegen der starken Regenf\u00e4lle nicht m\u00f6glich.<\/p>\n<p>Also hei\u00dft es umdisponieren: Wir beschlie\u00dfen, statt dessen den &#8211; weitgehend unbekannten &#8211; &#8222;Blackdown Tableland National Park&#8220; zu besuchen und fahren zu diesem Behufe rund 200 Kilometer landeinw\u00e4rts<\/p>\n<p><img loading=\"lazy\" decoding=\"async\" class=\"alignnone wp-image-365 size-large\" src=\"http:\/\/2017.burbankwerner.de\/wp-content\/uploads\/2017\/10\/2017-10-19-Stra\u00dfe-1024x768.jpg\" alt=\"\" width=\"660\" height=\"495\" srcset=\"http:\/\/2017.burbankwerner.de\/wp-content\/uploads\/2017\/10\/2017-10-19-Stra\u00dfe-1024x768.jpg 1024w, http:\/\/2017.burbankwerner.de\/wp-content\/uploads\/2017\/10\/2017-10-19-Stra\u00dfe-300x225.jpg 300w, http:\/\/2017.burbankwerner.de\/wp-content\/uploads\/2017\/10\/2017-10-19-Stra\u00dfe-768x576.jpg 768w, http:\/\/2017.burbankwerner.de\/wp-content\/uploads\/2017\/10\/2017-10-19-Stra\u00dfe.jpg 1200w\" sizes=\"(max-width: 660px) 100vw, 660px\" \/><\/p>\n<p>Begleitet wird die Fahrt von immer neuen Wagonreihen der Kohlez\u00fcge, die sich von Blackwater, unserem heutigen Ziel, auf den Weg in Richtung K\u00fcste, nach Gladstone machen. Dort werden die Millionen Tonnen Steinkohle aus den Abbaugruben (alle \u00fcber Tage) f\u00fcr den Export verschifft. Hier sp\u00fcrt man: Australien ist &#8222;Mining country&#8220;.<\/p>\n<p><img loading=\"lazy\" decoding=\"async\" class=\"alignnone size-large wp-image-370\" src=\"http:\/\/2017.burbankwerner.de\/wp-content\/uploads\/2017\/10\/2017-10-19-Kohlezug-1024x547.jpg\" alt=\"\" width=\"660\" height=\"353\" srcset=\"http:\/\/2017.burbankwerner.de\/wp-content\/uploads\/2017\/10\/2017-10-19-Kohlezug-1024x547.jpg 1024w, http:\/\/2017.burbankwerner.de\/wp-content\/uploads\/2017\/10\/2017-10-19-Kohlezug-300x160.jpg 300w, http:\/\/2017.burbankwerner.de\/wp-content\/uploads\/2017\/10\/2017-10-19-Kohlezug-768x410.jpg 768w, http:\/\/2017.burbankwerner.de\/wp-content\/uploads\/2017\/10\/2017-10-19-Kohlezug.jpg 1200w\" sizes=\"(max-width: 660px) 100vw, 660px\" \/><\/p>\n<p>In Blackwater (das dann ungefahr sowas ist wie Kamp-Lintfort, wenngleich mit 5000 Einwohnern deutlich kleiner) bekommen wir eine Motel-Scheibe mit Eski und Sp\u00fcle im freundlichen Discovery Park&#8230;<br \/>\n<a href=\"http:\/\/2017.burbankwerner.de\/?page_id=384\"><img loading=\"lazy\" decoding=\"async\" class=\"alignright wp-image-835\" src=\"http:\/\/2017.burbankwerner.de\/wp-content\/uploads\/2017\/11\/weiter-300x122.jpg\" alt=\"\" width=\"170\" height=\"69\" srcset=\"http:\/\/2017.burbankwerner.de\/wp-content\/uploads\/2017\/11\/weiter-300x122.jpg 300w, http:\/\/2017.burbankwerner.de\/wp-content\/uploads\/2017\/11\/weiter.jpg 493w\" sizes=\"(max-width: 170px) 100vw, 170px\" \/><\/a><a href=\"http:\/\/2017.burbankwerner.de\/?page_id=360\"><img loading=\"lazy\" decoding=\"async\" class=\"alignleft wp-image-834\" src=\"http:\/\/2017.burbankwerner.de\/wp-content\/uploads\/2017\/11\/zur\u00fcck-300x121.jpg\" alt=\"\" width=\"170\" height=\"69\" srcset=\"http:\/\/2017.burbankwerner.de\/wp-content\/uploads\/2017\/11\/zur\u00fcck-300x121.jpg 300w, http:\/\/2017.burbankwerner.de\/wp-content\/uploads\/2017\/11\/zur\u00fcck.jpg 494w\" sizes=\"(max-width: 170px) 100vw, 170px\" \/><\/a><\/p>\n","protected":false},"excerpt":{"rendered":"<p>Heute gleich zwei neue Seiten: Der 18. Oktober ist hier Das Zimmer, in dem wir heute morgen gegen neun aufwachen, ist schon skuril &#8211; Mitten im Raum eine Badewanne mit Sprudeld\u00fcsen! Der Raum selbst ist gesch\u00e4tzte vier Meter hoch und mit gediegenen Teakm\u00f6bel ausgestattet. Nachts haben wir erst den Versuch unternommen, vom Bahnhof mit unserem &hellip; <a href=\"http:\/\/2017.burbankwerner.de\/?page_id=369\" class=\"more-link\"><span class=\"screen-reader-text\">19. Oktober &#8211; Rockhampton und Blackwater<\/span> weiterlesen<\/a><\/p>\n","protected":false},"author":1,"featured_media":0,"parent":0,"menu_order":0,"comment_status":"closed","ping_status":"closed","template":"","meta":{"footnotes":""},"_links":{"self":[{"href":"http:\/\/2017.burbankwerner.de\/index.php?rest_route=\/wp\/v2\/pages\/369"}],"collection":[{"href":"http:\/\/2017.burbankwerner.de\/index.php?rest_route=\/wp\/v2\/pages"}],"about":[{"href":"http:\/\/2017.burbankwerner.de\/index.php?rest_route=\/wp\/v2\/types\/page"}],"author":[{"embeddable":true,"href":"http:\/\/2017.burbankwerner.de\/index.php?rest_route=\/wp\/v2\/users\/1"}],"replies":[{"embeddable":true,"href":"http:\/\/2017.burbankwerner.de\/index.php?rest_route=%2Fwp%2Fv2%2Fcomments&post=369"}],"version-history":[{"count":7,"href":"http:\/\/2017.burbankwerner.de\/index.php?rest_route=\/wp\/v2\/pages\/369\/revisions"}],"predecessor-version":[{"id":1080,"href":"http:\/\/2017.burbankwerner.de\/index.php?rest_route=\/wp\/v2\/pages\/369\/revisions\/1080"}],"wp:attachment":[{"href":"http:\/\/2017.burbankwerner.de\/index.php?rest_route=%2Fwp%2Fv2%2Fmedia&parent=369"}],"curies":[{"name":"wp","href":"https:\/\/api.w.org\/{rel}","templated":true}]}}