{"id":360,"date":"2017-10-19T12:24:33","date_gmt":"2017-10-19T12:24:33","guid":{"rendered":"http:\/\/2017.burbankwerner.de\/?page_id=360"},"modified":"2020-12-27T21:34:26","modified_gmt":"2020-12-27T21:34:26","slug":"18-oktober-1064-km-in-16-stunden","status":"publish","type":"page","link":"http:\/\/2017.burbankwerner.de\/?page_id=360","title":{"rendered":"18. Oktober &#8211; 1064 km in 16 Stunden"},"content":{"rendered":"<p><img loading=\"lazy\" decoding=\"async\" class=\"alignnone wp-image-362 size-large\" src=\"http:\/\/2017.burbankwerner.de\/wp-content\/uploads\/2017\/10\/2017-10-18-Zug_au\u00dfen-1024x768.jpg\" alt=\"\" width=\"660\" height=\"495\" srcset=\"http:\/\/2017.burbankwerner.de\/wp-content\/uploads\/2017\/10\/2017-10-18-Zug_au\u00dfen-1024x768.jpg 1024w, http:\/\/2017.burbankwerner.de\/wp-content\/uploads\/2017\/10\/2017-10-18-Zug_au\u00dfen-300x225.jpg 300w, http:\/\/2017.burbankwerner.de\/wp-content\/uploads\/2017\/10\/2017-10-18-Zug_au\u00dfen-768x576.jpg 768w, http:\/\/2017.burbankwerner.de\/wp-content\/uploads\/2017\/10\/2017-10-18-Zug_au\u00dfen.jpg 1200w\" sizes=\"(max-width: 660px) 100vw, 660px\" \/><\/p>\n<p><a href=\"http:\/\/2017.burbankwerner.de\/?page_id=378&amp;preview=true\"><img loading=\"lazy\" decoding=\"async\" class=\"alignright wp-image-95\" src=\"http:\/\/2017.burbankwerner.de\/wp-content\/uploads\/2017\/09\/Union-Jack-300x150.png\" alt=\"\" width=\"163\" height=\"82\" srcset=\"http:\/\/2017.burbankwerner.de\/wp-content\/uploads\/2017\/09\/Union-Jack-300x150.png 300w, http:\/\/2017.burbankwerner.de\/wp-content\/uploads\/2017\/09\/Union-Jack-768x384.png 768w, http:\/\/2017.burbankwerner.de\/wp-content\/uploads\/2017\/09\/Union-Jack-1024x512.png 1024w, http:\/\/2017.burbankwerner.de\/wp-content\/uploads\/2017\/09\/Union-Jack.png 1280w\" sizes=\"(max-width: 163px) 100vw, 163px\" \/><\/a>Nach einer eher unruhigen Nacht in einem ziemlich scheu\u00dflichen Zimmer (ohne Fenster&#8230;da werden wir auch noch eine gesalzene Bewertung hinterlassen&#8230;) geht es morgens um sieben los: Mit dem Mietwagen zum Bahnhof &#8211; da geben wir zwei Koffer auf. Der Mitarbeiter von Queensland Rail am Bahnsteig, der das Gep\u00e4ck annimmt ist unerbittlich: Unser gro\u00dfer Koffer hat 20,4 Kilo &#8211; &#8222;Can you take a kilo out for me&#8230;&#8220;. Auch andere Passagiere finden das ziemlich kleinlich&#8230;<\/p>\n<p>Na gut &#8211; wir packen um, schlie\u00dflich finden die Koffer die Gnade der Bahner&#8230;<\/p>\n<p>Dann den Mietwagen weg bringen &#8211; und um 8:59 startet der &#8222;Spirit of Queensland&#8220; p\u00fcnktlichst.<\/p>\n<p><img loading=\"lazy\" decoding=\"async\" class=\"alignnone wp-image-363 size-large\" src=\"http:\/\/2017.burbankwerner.de\/wp-content\/uploads\/2017\/10\/2017-10-18-Zug_innen-1024x768.jpg\" alt=\"\" width=\"660\" height=\"495\" srcset=\"http:\/\/2017.burbankwerner.de\/wp-content\/uploads\/2017\/10\/2017-10-18-Zug_innen-1024x768.jpg 1024w, http:\/\/2017.burbankwerner.de\/wp-content\/uploads\/2017\/10\/2017-10-18-Zug_innen-300x225.jpg 300w, http:\/\/2017.burbankwerner.de\/wp-content\/uploads\/2017\/10\/2017-10-18-Zug_innen-768x576.jpg 768w, http:\/\/2017.burbankwerner.de\/wp-content\/uploads\/2017\/10\/2017-10-18-Zug_innen.jpg 1200w\" sizes=\"(max-width: 660px) 100vw, 660px\" \/><\/p>\n<p>Die Bahn ist ausgezeichnet ausgestattet. Es sind auch halbwegs bequeme Sessel, in denen wir die recht eint\u00f6nige, regenverhangene\u00a0 Landschaft vor\u00fcberziehen sehen.<\/p>\n<p><img loading=\"lazy\" decoding=\"async\" class=\"alignnone wp-image-361 size-large\" src=\"http:\/\/2017.burbankwerner.de\/wp-content\/uploads\/2017\/10\/2017-10-18-Regen-1024x768.jpg\" alt=\"\" width=\"660\" height=\"495\" srcset=\"http:\/\/2017.burbankwerner.de\/wp-content\/uploads\/2017\/10\/2017-10-18-Regen-1024x768.jpg 1024w, http:\/\/2017.burbankwerner.de\/wp-content\/uploads\/2017\/10\/2017-10-18-Regen-300x225.jpg 300w, http:\/\/2017.burbankwerner.de\/wp-content\/uploads\/2017\/10\/2017-10-18-Regen-768x576.jpg 768w, http:\/\/2017.burbankwerner.de\/wp-content\/uploads\/2017\/10\/2017-10-18-Regen.jpg 1200w\" sizes=\"(max-width: 660px) 100vw, 660px\" \/><\/p>\n<p>Bis zum Einbruch der Dunkelheit ziehen gesch\u00e4tzte 500 Zuckerrohrfelder, Mengen an Teakplantagen und einige wenige Weiden mit Rindern an uns vorbei. Achja &#8211; die Bananenplantagen haben wir vergessen&#8230;<\/p>\n<p>Schon bei der Abfahrt hie\u00df es, der Zug werde wohl nur bis Rockhampton fahren &#8211; wegen der starken Regenf\u00e4lle sei die Strecke nach Brisbane gesperrt. Applaus, als der Schaffner verk\u00fcndet, der Service werde nun doch bis Brisbane fahren.<\/p>\n<p>Wir wollen ja ohnehin nur bis Rockhampton&#8230;aber das mit dem Wasser ist kein gutes Omen&#8230;<br \/>\n<a href=\"http:\/\/2017.burbankwerner.de\/?page_id=369\"><img loading=\"lazy\" decoding=\"async\" class=\"alignright wp-image-835\" src=\"http:\/\/2017.burbankwerner.de\/wp-content\/uploads\/2017\/11\/weiter-300x122.jpg\" alt=\"\" width=\"170\" height=\"69\" srcset=\"http:\/\/2017.burbankwerner.de\/wp-content\/uploads\/2017\/11\/weiter-300x122.jpg 300w, http:\/\/2017.burbankwerner.de\/wp-content\/uploads\/2017\/11\/weiter.jpg 493w\" sizes=\"(max-width: 170px) 100vw, 170px\" \/><\/a><a href=\"http:\/\/2017.burbankwerner.de\/?page_id=345\"><img loading=\"lazy\" decoding=\"async\" class=\"alignleft wp-image-834\" src=\"http:\/\/2017.burbankwerner.de\/wp-content\/uploads\/2017\/11\/zur\u00fcck-300x121.jpg\" alt=\"\" width=\"170\" height=\"69\" srcset=\"http:\/\/2017.burbankwerner.de\/wp-content\/uploads\/2017\/11\/zur\u00fcck-300x121.jpg 300w, http:\/\/2017.burbankwerner.de\/wp-content\/uploads\/2017\/11\/zur\u00fcck.jpg 494w\" sizes=\"(max-width: 170px) 100vw, 170px\" \/><\/a><\/p>\n","protected":false},"excerpt":{"rendered":"<p>Nach einer eher unruhigen Nacht in einem ziemlich scheu\u00dflichen Zimmer (ohne Fenster&#8230;da werden wir auch noch eine gesalzene Bewertung hinterlassen&#8230;) geht es morgens um sieben los: Mit dem Mietwagen zum Bahnhof &#8211; da geben wir zwei Koffer auf. Der Mitarbeiter von Queensland Rail am Bahnsteig, der das Gep\u00e4ck annimmt ist unerbittlich: Unser gro\u00dfer Koffer hat &hellip; <a href=\"http:\/\/2017.burbankwerner.de\/?page_id=360\" class=\"more-link\"><span class=\"screen-reader-text\">18. Oktober &#8211; 1064 km in 16 Stunden<\/span> weiterlesen<\/a><\/p>\n","protected":false},"author":1,"featured_media":0,"parent":0,"menu_order":0,"comment_status":"closed","ping_status":"closed","template":"","meta":{"footnotes":""},"_links":{"self":[{"href":"http:\/\/2017.burbankwerner.de\/index.php?rest_route=\/wp\/v2\/pages\/360"}],"collection":[{"href":"http:\/\/2017.burbankwerner.de\/index.php?rest_route=\/wp\/v2\/pages"}],"about":[{"href":"http:\/\/2017.burbankwerner.de\/index.php?rest_route=\/wp\/v2\/types\/page"}],"author":[{"embeddable":true,"href":"http:\/\/2017.burbankwerner.de\/index.php?rest_route=\/wp\/v2\/users\/1"}],"replies":[{"embeddable":true,"href":"http:\/\/2017.burbankwerner.de\/index.php?rest_route=%2Fwp%2Fv2%2Fcomments&post=360"}],"version-history":[{"count":4,"href":"http:\/\/2017.burbankwerner.de\/index.php?rest_route=\/wp\/v2\/pages\/360\/revisions"}],"predecessor-version":[{"id":1079,"href":"http:\/\/2017.burbankwerner.de\/index.php?rest_route=\/wp\/v2\/pages\/360\/revisions\/1079"}],"wp:attachment":[{"href":"http:\/\/2017.burbankwerner.de\/index.php?rest_route=%2Fwp%2Fv2%2Fmedia&parent=360"}],"curies":[{"name":"wp","href":"https:\/\/api.w.org\/{rel}","templated":true}]}}