{"id":265,"date":"2017-10-13T08:44:25","date_gmt":"2017-10-13T08:44:25","guid":{"rendered":"http:\/\/2017.burbankwerner.de\/?page_id=265"},"modified":"2020-12-27T21:33:41","modified_gmt":"2020-12-27T21:33:41","slug":"13-oktober-in-den-regenwald-bei-cape-tribulation","status":"publish","type":"page","link":"http:\/\/2017.burbankwerner.de\/?page_id=265","title":{"rendered":"13. Oktober &#8211; In den Regenwald bei Cape Tribulation"},"content":{"rendered":"<h2>Heute leider keine Aktualisierung &#8211; der 14. und 15. kommt leider erst Montag &#8211; in Cape Tribulation haben wir einige Probleme mit dem Netz&#8230;Sorry !<\/h2>\n<p>Danke an alle, die mitlesen und Kommentare schreiben! Wir freuen uns \u00fcber jeden&#8230;<\/p>\n<p><img loading=\"lazy\" decoding=\"async\" class=\"alignnone size-large wp-image-266\" src=\"http:\/\/2017.burbankwerner.de\/wp-content\/uploads\/2017\/10\/2017-10-13-Faehre-1024x768.jpg\" alt=\"\" width=\"660\" height=\"495\" srcset=\"http:\/\/2017.burbankwerner.de\/wp-content\/uploads\/2017\/10\/2017-10-13-Faehre-1024x768.jpg 1024w, http:\/\/2017.burbankwerner.de\/wp-content\/uploads\/2017\/10\/2017-10-13-Faehre-300x225.jpg 300w, http:\/\/2017.burbankwerner.de\/wp-content\/uploads\/2017\/10\/2017-10-13-Faehre-768x576.jpg 768w, http:\/\/2017.burbankwerner.de\/wp-content\/uploads\/2017\/10\/2017-10-13-Faehre.jpg 1200w\" sizes=\"(max-width: 660px) 100vw, 660px\" \/><\/p>\n<p><a href=\"http:\/\/2017.burbankwerner.de\/?page_id=297\"><img loading=\"lazy\" decoding=\"async\" class=\"alignright wp-image-95\" src=\"http:\/\/2017.burbankwerner.de\/wp-content\/uploads\/2017\/09\/Union-Jack-300x150.png\" alt=\"\" width=\"167\" height=\"84\" srcset=\"http:\/\/2017.burbankwerner.de\/wp-content\/uploads\/2017\/09\/Union-Jack-300x150.png 300w, http:\/\/2017.burbankwerner.de\/wp-content\/uploads\/2017\/09\/Union-Jack-768x384.png 768w, http:\/\/2017.burbankwerner.de\/wp-content\/uploads\/2017\/09\/Union-Jack-1024x512.png 1024w, http:\/\/2017.burbankwerner.de\/wp-content\/uploads\/2017\/09\/Union-Jack.png 1280w\" sizes=\"(max-width: 167px) 100vw, 167px\" \/><\/a>Heute morgen haben wir schon wieder zusammengepackt und den Zeltplatz samt Wallabies verlassen.<\/p>\n<p>Gestern hatten wir noch ein sch\u00f6nes Bier mit Claudia und Ulli aus W\u00fcrzburg (man trifft wirklich viele Menschen auf der Fahrt&#8230;)<\/p>\n<p>Nun sind wir \u00fcber Mareeba und Mossman in den Daintree Nationalpark gefahren &#8211; den ber\u00fchmten Regenwald. Hier sieht man die F\u00e4hre, mit der man den Daintree-River \u00fcberqueren muss. Der Fluss ist voller gro\u00dfer Krokodile, die mittlerweile auch in den Gew\u00e4ssern vor Cape Tribulation, einer kleinen Siedlung mit Campingpl\u00e4tzen, gesichtet wurden. Deshalb &#8211; und wegen der allgegenw\u00e4rtigen Stinger, giftigen Quallen, ist es nichts mit Baden&#8230;<\/p>\n<p><img loading=\"lazy\" decoding=\"async\" class=\"alignnone size-large wp-image-267\" src=\"http:\/\/2017.burbankwerner.de\/wp-content\/uploads\/2017\/10\/2017-10-13-Ausblick-1024x768.jpg\" alt=\"\" width=\"660\" height=\"495\" srcset=\"http:\/\/2017.burbankwerner.de\/wp-content\/uploads\/2017\/10\/2017-10-13-Ausblick-1024x768.jpg 1024w, http:\/\/2017.burbankwerner.de\/wp-content\/uploads\/2017\/10\/2017-10-13-Ausblick-300x225.jpg 300w, http:\/\/2017.burbankwerner.de\/wp-content\/uploads\/2017\/10\/2017-10-13-Ausblick-768x576.jpg 768w, http:\/\/2017.burbankwerner.de\/wp-content\/uploads\/2017\/10\/2017-10-13-Ausblick.jpg 1200w\" sizes=\"(max-width: 660px) 100vw, 660px\" \/><\/p>\n<p>Vor Cape Tribulation m\u00fcndet der Daintree River ins Meer &#8211; hier sieht man sehr sch\u00f6n die M\u00fcndung und wie sich der Fluss durch den gr\u00fcnen Regenwald schl\u00e4ngelt.<\/p>\n<p>Wir steuern das &#8222;Cape Trib Camping&#8220; an, ein sehr sch\u00f6ner Zeltplatz gleich am Eingang des \u00d6rtchens.<\/p>\n<p><img loading=\"lazy\" decoding=\"async\" class=\"alignnone size-large wp-image-269\" src=\"http:\/\/2017.burbankwerner.de\/wp-content\/uploads\/2017\/10\/2017-10-13-Zelt-1024x768.jpg\" alt=\"\" width=\"660\" height=\"495\" srcset=\"http:\/\/2017.burbankwerner.de\/wp-content\/uploads\/2017\/10\/2017-10-13-Zelt-1024x768.jpg 1024w, http:\/\/2017.burbankwerner.de\/wp-content\/uploads\/2017\/10\/2017-10-13-Zelt-300x225.jpg 300w, http:\/\/2017.burbankwerner.de\/wp-content\/uploads\/2017\/10\/2017-10-13-Zelt-768x576.jpg 768w, http:\/\/2017.burbankwerner.de\/wp-content\/uploads\/2017\/10\/2017-10-13-Zelt.jpg 1200w\" sizes=\"(max-width: 660px) 100vw, 660px\" \/><\/p>\n<p>Wieder Zeltaufbauen, Lumas Aufblasen, dann gibt&#8217;s die Essensreste von gestern (nach einer halben Stunde Yoga, die Annette angeordnet hat).<\/p>\n<p>Morgen wollen wir fr\u00fch raus und mit einer Bootstour zum Great Barrier Reef vor der K\u00fcste zum Schnorcheln.<\/p>\n<p>Heute langt es nur noch f\u00fcr einen ausgiebigen Strandspaziergang. Die Crocs bleiben hoffentlich im Wasser!<\/p>\n<p><img loading=\"lazy\" decoding=\"async\" class=\"alignnone size-large wp-image-268\" src=\"http:\/\/2017.burbankwerner.de\/wp-content\/uploads\/2017\/10\/2017-10-13-Strand-1024x551.jpg\" alt=\"\" width=\"660\" height=\"355\" srcset=\"http:\/\/2017.burbankwerner.de\/wp-content\/uploads\/2017\/10\/2017-10-13-Strand-1024x551.jpg 1024w, http:\/\/2017.burbankwerner.de\/wp-content\/uploads\/2017\/10\/2017-10-13-Strand-300x162.jpg 300w, http:\/\/2017.burbankwerner.de\/wp-content\/uploads\/2017\/10\/2017-10-13-Strand-768x413.jpg 768w, http:\/\/2017.burbankwerner.de\/wp-content\/uploads\/2017\/10\/2017-10-13-Strand.jpg 1200w\" sizes=\"(max-width: 660px) 100vw, 660px\" \/><\/p>\n<p><a href=\"http:\/\/2017.burbankwerner.de\/?page_id=301\"><img loading=\"lazy\" decoding=\"async\" class=\"alignright wp-image-835\" src=\"http:\/\/2017.burbankwerner.de\/wp-content\/uploads\/2017\/11\/weiter-300x122.jpg\" alt=\"\" width=\"170\" height=\"69\" srcset=\"http:\/\/2017.burbankwerner.de\/wp-content\/uploads\/2017\/11\/weiter-300x122.jpg 300w, http:\/\/2017.burbankwerner.de\/wp-content\/uploads\/2017\/11\/weiter.jpg 493w\" sizes=\"(max-width: 170px) 100vw, 170px\" \/><\/a><a href=\"http:\/\/2017.burbankwerner.de\/?page_id=256\"><img loading=\"lazy\" decoding=\"async\" class=\"alignleft wp-image-834\" src=\"http:\/\/2017.burbankwerner.de\/wp-content\/uploads\/2017\/11\/zur\u00fcck-300x121.jpg\" alt=\"\" width=\"170\" height=\"69\" srcset=\"http:\/\/2017.burbankwerner.de\/wp-content\/uploads\/2017\/11\/zur\u00fcck-300x121.jpg 300w, http:\/\/2017.burbankwerner.de\/wp-content\/uploads\/2017\/11\/zur\u00fcck.jpg 494w\" sizes=\"(max-width: 170px) 100vw, 170px\" \/><\/a><\/p>\n","protected":false},"excerpt":{"rendered":"<p>Heute leider keine Aktualisierung &#8211; der 14. und 15. kommt leider erst Montag &#8211; in Cape Tribulation haben wir einige Probleme mit dem Netz&#8230;Sorry ! Danke an alle, die mitlesen und Kommentare schreiben! Wir freuen uns \u00fcber jeden&#8230; Heute morgen haben wir schon wieder zusammengepackt und den Zeltplatz samt Wallabies verlassen. Gestern hatten wir noch &hellip; <a href=\"http:\/\/2017.burbankwerner.de\/?page_id=265\" class=\"more-link\"><span class=\"screen-reader-text\">13. Oktober &#8211; In den Regenwald bei Cape Tribulation<\/span> weiterlesen<\/a><\/p>\n","protected":false},"author":1,"featured_media":0,"parent":0,"menu_order":0,"comment_status":"closed","ping_status":"closed","template":"","meta":{"footnotes":""},"_links":{"self":[{"href":"http:\/\/2017.burbankwerner.de\/index.php?rest_route=\/wp\/v2\/pages\/265"}],"collection":[{"href":"http:\/\/2017.burbankwerner.de\/index.php?rest_route=\/wp\/v2\/pages"}],"about":[{"href":"http:\/\/2017.burbankwerner.de\/index.php?rest_route=\/wp\/v2\/types\/page"}],"author":[{"embeddable":true,"href":"http:\/\/2017.burbankwerner.de\/index.php?rest_route=\/wp\/v2\/users\/1"}],"replies":[{"embeddable":true,"href":"http:\/\/2017.burbankwerner.de\/index.php?rest_route=%2Fwp%2Fv2%2Fcomments&post=265"}],"version-history":[{"count":6,"href":"http:\/\/2017.burbankwerner.de\/index.php?rest_route=\/wp\/v2\/pages\/265\/revisions"}],"predecessor-version":[{"id":1072,"href":"http:\/\/2017.burbankwerner.de\/index.php?rest_route=\/wp\/v2\/pages\/265\/revisions\/1072"}],"wp:attachment":[{"href":"http:\/\/2017.burbankwerner.de\/index.php?rest_route=%2Fwp%2Fv2%2Fmedia&parent=265"}],"curies":[{"name":"wp","href":"https:\/\/api.w.org\/{rel}","templated":true}]}}