{"id":237,"date":"2017-10-10T10:05:58","date_gmt":"2017-10-10T10:05:58","guid":{"rendered":"http:\/\/2017.burbankwerner.de\/?page_id=237"},"modified":"2020-12-27T21:33:41","modified_gmt":"2020-12-27T21:33:41","slug":"10-oktober-ruhetag-im-atherton-tableland","status":"publish","type":"page","link":"http:\/\/2017.burbankwerner.de\/?page_id=237","title":{"rendered":"10. Oktober &#8211; Ruhetag im Atherton Tableland"},"content":{"rendered":"<p><img loading=\"lazy\" decoding=\"async\" class=\"alignnone wp-image-241 size-large\" src=\"http:\/\/2017.burbankwerner.de\/wp-content\/uploads\/2017\/10\/2017-10-10-Zelt-1024x768.jpg\" alt=\"\" width=\"660\" height=\"495\" \/><\/p>\n<p><a href=\"http:\/\/2017.burbankwerner.de\/?page_id=274\"><img loading=\"lazy\" decoding=\"async\" class=\"alignright wp-image-95\" src=\"http:\/\/2017.burbankwerner.de\/wp-content\/uploads\/2017\/09\/Union-Jack-300x150.png\" alt=\"\" width=\"165\" height=\"83\" srcset=\"http:\/\/2017.burbankwerner.de\/wp-content\/uploads\/2017\/09\/Union-Jack-300x150.png 300w, http:\/\/2017.burbankwerner.de\/wp-content\/uploads\/2017\/09\/Union-Jack-768x384.png 768w, http:\/\/2017.burbankwerner.de\/wp-content\/uploads\/2017\/09\/Union-Jack-1024x512.png 1024w, http:\/\/2017.burbankwerner.de\/wp-content\/uploads\/2017\/09\/Union-Jack.png 1280w\" sizes=\"(max-width: 165px) 100vw, 165px\" \/><\/a>Jawohl, so sieht es bei Tag aus, unser 8-Mann-Zelt. Leider l\u00e4sst eine der beiden neuen LuMas Luft, sodass Wendelin morgens doch recht hart lag.<\/p>\n<p>Aber wir haben erstmal die ganze Unordnung der Nacht beseitigt, lange gefr\u00fchst\u00fcckt und uns &#8211; wie auch gestern Abend noch &#8211; mit zwei jungen Leuten aus der Schweiz nett unterhalten.<\/p>\n<p>Das Zelt haben wir \u00fcbrigens noch umgebaut &#8211; es steht jetzt nicht mehr unter dem riesigen Bambus-Hain, der sich so gef\u00e4hrlich \u00fcber den Weg biegt.<\/p>\n<p>Annette hat sich dann \u00fcber die W\u00e4sche hergemacht, Wendelin \u00fcber die diversen elektronischen Ger\u00e4tschaften, die jeweils geladen oder sonstwie gepflegt werden m\u00fcssen.<\/p>\n<p>Und so sieht der &#8222;Eacham Lake Tourist Park&#8220; mit seinem &#8222;General Store&#8220; von Au\u00dfen aus:<\/p>\n<p><img loading=\"lazy\" decoding=\"async\" class=\"alignnone wp-image-238 size-large\" src=\"http:\/\/2017.burbankwerner.de\/wp-content\/uploads\/2017\/10\/2017-10-10-GeneralStore-e1507629543519-1024x666.jpg\" alt=\"\" width=\"660\" height=\"429\" srcset=\"http:\/\/2017.burbankwerner.de\/wp-content\/uploads\/2017\/10\/2017-10-10-GeneralStore-e1507629543519-1024x666.jpg 1024w, http:\/\/2017.burbankwerner.de\/wp-content\/uploads\/2017\/10\/2017-10-10-GeneralStore-e1507629543519-300x195.jpg 300w, http:\/\/2017.burbankwerner.de\/wp-content\/uploads\/2017\/10\/2017-10-10-GeneralStore-e1507629543519-768x499.jpg 768w, http:\/\/2017.burbankwerner.de\/wp-content\/uploads\/2017\/10\/2017-10-10-GeneralStore-e1507629543519.jpg 1038w\" sizes=\"(max-width: 660px) 100vw, 660px\" \/><\/p>\n<p>Die Besitzer sind super nett und erkl\u00e4ren Annette alle m\u00f6glichen Wanderwege.<\/p>\n<p>F\u00fcr heute wollen wir es bei den ca. 4 km Rundweg um den Lake Eacham bewenden lassen. Der Weg f\u00fchrt die meiste Zeit durch den Hochwald hier, zahlreiche gro\u00dfe Feigenb\u00e4ume mit wild gewachsenen Wurzeln begleiten ihn.<\/p>\n<p>Und so sieht der Lake Eacham aus, in dem wir zum Ende der Wanderung noch gebadet haben:<\/p>\n<p><img loading=\"lazy\" decoding=\"async\" class=\"alignnone size-large wp-image-239\" src=\"http:\/\/2017.burbankwerner.de\/wp-content\/uploads\/2017\/10\/2017-10-10-LakeEacham-1024x768.jpg\" alt=\"\" width=\"660\" height=\"495\" srcset=\"http:\/\/2017.burbankwerner.de\/wp-content\/uploads\/2017\/10\/2017-10-10-LakeEacham-1024x768.jpg 1024w, http:\/\/2017.burbankwerner.de\/wp-content\/uploads\/2017\/10\/2017-10-10-LakeEacham-300x225.jpg 300w, http:\/\/2017.burbankwerner.de\/wp-content\/uploads\/2017\/10\/2017-10-10-LakeEacham-768x576.jpg 768w, http:\/\/2017.burbankwerner.de\/wp-content\/uploads\/2017\/10\/2017-10-10-LakeEacham.jpg 1200w\" sizes=\"(max-width: 660px) 100vw, 660px\" \/><\/p>\n<p>Beim &#8222;General Store&#8220;, das auch einen Kaffee serviert, gibt es ein recht ordentliches WLAN &#8211; und da schreiben wir denn nach Einbruch der Dunkelheit noch flei\u00dfig an dem heutigen Eintrag.<\/p>\n<p>Morgen wollen wir weitere Teile des &#8222;Atherton Tablelands&#8220; erkunden &#8211; unter anderem den Rundweg zu vier oder f\u00fcnf Wasserf\u00e4llen.<\/p>\n<p><img loading=\"lazy\" decoding=\"async\" class=\"alignnone size-large wp-image-240\" src=\"http:\/\/2017.burbankwerner.de\/wp-content\/uploads\/2017\/10\/2017-10-10-Tablelands-1024x768.jpg\" alt=\"\" width=\"660\" height=\"495\" srcset=\"http:\/\/2017.burbankwerner.de\/wp-content\/uploads\/2017\/10\/2017-10-10-Tablelands-1024x768.jpg 1024w, http:\/\/2017.burbankwerner.de\/wp-content\/uploads\/2017\/10\/2017-10-10-Tablelands-300x225.jpg 300w, http:\/\/2017.burbankwerner.de\/wp-content\/uploads\/2017\/10\/2017-10-10-Tablelands-768x576.jpg 768w, http:\/\/2017.burbankwerner.de\/wp-content\/uploads\/2017\/10\/2017-10-10-Tablelands.jpg 1200w\" sizes=\"(max-width: 660px) 100vw, 660px\" \/><\/p>\n<p><a href=\"http:\/\/2017.burbankwerner.de\/?page_id=247\"><img loading=\"lazy\" decoding=\"async\" class=\"alignright wp-image-835\" src=\"http:\/\/2017.burbankwerner.de\/wp-content\/uploads\/2017\/11\/weiter-300x122.jpg\" alt=\"\" width=\"170\" height=\"69\" srcset=\"http:\/\/2017.burbankwerner.de\/wp-content\/uploads\/2017\/11\/weiter-300x122.jpg 300w, http:\/\/2017.burbankwerner.de\/wp-content\/uploads\/2017\/11\/weiter.jpg 493w\" sizes=\"(max-width: 170px) 100vw, 170px\" \/><\/a><a href=\"http:\/\/2017.burbankwerner.de\/?page_id=211\"><img loading=\"lazy\" decoding=\"async\" class=\"alignleft wp-image-834\" src=\"http:\/\/2017.burbankwerner.de\/wp-content\/uploads\/2017\/11\/zur\u00fcck-300x121.jpg\" alt=\"\" width=\"170\" height=\"69\" srcset=\"http:\/\/2017.burbankwerner.de\/wp-content\/uploads\/2017\/11\/zur\u00fcck-300x121.jpg 300w, http:\/\/2017.burbankwerner.de\/wp-content\/uploads\/2017\/11\/zur\u00fcck.jpg 494w\" sizes=\"(max-width: 170px) 100vw, 170px\" \/><\/a><\/p>\n","protected":false},"excerpt":{"rendered":"<p>Jawohl, so sieht es bei Tag aus, unser 8-Mann-Zelt. Leider l\u00e4sst eine der beiden neuen LuMas Luft, sodass Wendelin morgens doch recht hart lag. Aber wir haben erstmal die ganze Unordnung der Nacht beseitigt, lange gefr\u00fchst\u00fcckt und uns &#8211; wie auch gestern Abend noch &#8211; mit zwei jungen Leuten aus der Schweiz nett unterhalten. Das &hellip; <a href=\"http:\/\/2017.burbankwerner.de\/?page_id=237\" class=\"more-link\"><span class=\"screen-reader-text\">10. Oktober &#8211; Ruhetag im Atherton Tableland<\/span> weiterlesen<\/a><\/p>\n","protected":false},"author":1,"featured_media":0,"parent":0,"menu_order":0,"comment_status":"closed","ping_status":"closed","template":"","meta":{"footnotes":""},"_links":{"self":[{"href":"http:\/\/2017.burbankwerner.de\/index.php?rest_route=\/wp\/v2\/pages\/237"}],"collection":[{"href":"http:\/\/2017.burbankwerner.de\/index.php?rest_route=\/wp\/v2\/pages"}],"about":[{"href":"http:\/\/2017.burbankwerner.de\/index.php?rest_route=\/wp\/v2\/types\/page"}],"author":[{"embeddable":true,"href":"http:\/\/2017.burbankwerner.de\/index.php?rest_route=\/wp\/v2\/users\/1"}],"replies":[{"embeddable":true,"href":"http:\/\/2017.burbankwerner.de\/index.php?rest_route=%2Fwp%2Fv2%2Fcomments&post=237"}],"version-history":[{"count":4,"href":"http:\/\/2017.burbankwerner.de\/index.php?rest_route=\/wp\/v2\/pages\/237\/revisions"}],"predecessor-version":[{"id":1069,"href":"http:\/\/2017.burbankwerner.de\/index.php?rest_route=\/wp\/v2\/pages\/237\/revisions\/1069"}],"wp:attachment":[{"href":"http:\/\/2017.burbankwerner.de\/index.php?rest_route=%2Fwp%2Fv2%2Fmedia&parent=237"}],"curies":[{"name":"wp","href":"https:\/\/api.w.org\/{rel}","templated":true}]}}