{"id":211,"date":"2017-10-09T10:54:01","date_gmt":"2017-10-09T10:54:01","guid":{"rendered":"http:\/\/2017.burbankwerner.de\/?page_id=211"},"modified":"2020-12-27T21:35:43","modified_gmt":"2020-12-27T21:35:43","slug":"9-oktober-cairns-zelt-kaufen-atherton-tablelands","status":"publish","type":"page","link":"http:\/\/2017.burbankwerner.de\/?page_id=211","title":{"rendered":"9. Oktober &#8211; Cairns &#8211; Zelt kaufen &#8211; Atherton Tablelands"},"content":{"rendered":"<p><img loading=\"lazy\" decoding=\"async\" class=\"alignnone size-large wp-image-213\" src=\"http:\/\/2017.burbankwerner.de\/wp-content\/uploads\/2017\/10\/2017-10-09-AB-1024x768.jpg\" alt=\"\" width=\"660\" height=\"495\" srcset=\"http:\/\/2017.burbankwerner.de\/wp-content\/uploads\/2017\/10\/2017-10-09-AB-1024x768.jpg 1024w, http:\/\/2017.burbankwerner.de\/wp-content\/uploads\/2017\/10\/2017-10-09-AB-300x225.jpg 300w, http:\/\/2017.burbankwerner.de\/wp-content\/uploads\/2017\/10\/2017-10-09-AB-768x576.jpg 768w, http:\/\/2017.burbankwerner.de\/wp-content\/uploads\/2017\/10\/2017-10-09-AB.jpg 1200w\" sizes=\"(max-width: 660px) 100vw, 660px\" \/><\/p>\n<p><a href=\"http:\/\/2017.burbankwerner.de\/?page_id=230\"><img loading=\"lazy\" decoding=\"async\" class=\"alignright wp-image-95\" src=\"http:\/\/2017.burbankwerner.de\/wp-content\/uploads\/2017\/09\/Union-Jack-300x150.png\" alt=\"\" width=\"163\" height=\"82\" srcset=\"http:\/\/2017.burbankwerner.de\/wp-content\/uploads\/2017\/09\/Union-Jack-300x150.png 300w, http:\/\/2017.burbankwerner.de\/wp-content\/uploads\/2017\/09\/Union-Jack-768x384.png 768w, http:\/\/2017.burbankwerner.de\/wp-content\/uploads\/2017\/09\/Union-Jack-1024x512.png 1024w, http:\/\/2017.burbankwerner.de\/wp-content\/uploads\/2017\/09\/Union-Jack.png 1280w\" sizes=\"(max-width: 163px) 100vw, 163px\" \/><\/a>Hier sitzen wir schon bei einem sch\u00f6nen Fr\u00fchst\u00fcck in Cairns, der Touri-Stadt im tropischen Queensland.<\/p>\n<p>Doch bis wir da waren&#8230;<\/p>\n<p>Wegen des Unwetters \u00fcber Melbourne gestern hatten alle Fl\u00fcge Versp\u00e4tung. Wir waren letztlich gegen 2:00 Uhr morgens am Flughafen und so gegen halb drei im Bett. Mt dem Hotel und dem Code f\u00fcr die Eingangst\u00fcre hat alles gut geklappt &#8211; und das Hotel war wirklich komfortabel (Abbot Boutique Hotel).<\/p>\n<p>Wendelin holt gegen 10:00 Uhr unseren Mietwagen ab, diesmal ein 4-Wheel-Drive (!). Wir haben auch einiges vor. Doch zun\u00e4chst mal ist schon wieder Einkaufen angesagt. Als erstes buchen wir unsere Zugfahrten, dann kaufen wir bei K-Mart, dem Billigheimer im Bahnhofs-Einkaufszenttrum ein Zelt!<\/p>\n<p>Weil Wendelin auf einem gro\u00dfen Zelt besteht, wird es ein riesen Teil, was sich aber erst am Abend (oder besser in der Nacht) herausstellen wird. Hier sieht es noch ganz manierliche aus:<\/p>\n<p><img loading=\"lazy\" decoding=\"async\" class=\"alignnone size-large wp-image-215\" src=\"http:\/\/2017.burbankwerner.de\/wp-content\/uploads\/2017\/10\/2017-10-09-K_Mart-1024x768.jpg\" alt=\"\" width=\"660\" height=\"495\" srcset=\"http:\/\/2017.burbankwerner.de\/wp-content\/uploads\/2017\/10\/2017-10-09-K_Mart-1024x768.jpg 1024w, http:\/\/2017.burbankwerner.de\/wp-content\/uploads\/2017\/10\/2017-10-09-K_Mart-300x225.jpg 300w, http:\/\/2017.burbankwerner.de\/wp-content\/uploads\/2017\/10\/2017-10-09-K_Mart-768x576.jpg 768w, http:\/\/2017.burbankwerner.de\/wp-content\/uploads\/2017\/10\/2017-10-09-K_Mart.jpg 1200w\" sizes=\"(max-width: 660px) 100vw, 660px\" \/><\/p>\n<p>Bei drei weiteren Outdoor-L\u00e4den kaufen wir weiteres Camping-Zubeh\u00f6r (Lumas, Pumpe, Hammer, Kocher, Topf usw usf).<\/p>\n<p>Dann machen wir (es ist schon f\u00fcnf!) noch eine Essenspause an der Esplande von Cairns. Hier ist \u00f6ffentliches Baden angesagt, ein st\u00e4dtischer Strand mit recht mond\u00e4ner Ausstattung:<\/p>\n<p><img loading=\"lazy\" decoding=\"async\" class=\"alignnone size-large wp-image-214\" src=\"http:\/\/2017.burbankwerner.de\/wp-content\/uploads\/2017\/10\/2017-10-09-Cairns-1024x768.jpg\" alt=\"\" width=\"660\" height=\"495\" srcset=\"http:\/\/2017.burbankwerner.de\/wp-content\/uploads\/2017\/10\/2017-10-09-Cairns-1024x768.jpg 1024w, http:\/\/2017.burbankwerner.de\/wp-content\/uploads\/2017\/10\/2017-10-09-Cairns-300x225.jpg 300w, http:\/\/2017.burbankwerner.de\/wp-content\/uploads\/2017\/10\/2017-10-09-Cairns-768x576.jpg 768w, http:\/\/2017.burbankwerner.de\/wp-content\/uploads\/2017\/10\/2017-10-09-Cairns.jpg 1200w\" sizes=\"(max-width: 660px) 100vw, 660px\" \/><\/p>\n<p>Dann geht es los: Mit unserem sch\u00f6nen gro\u00dfen Auto Richtung S\u00fcd-Westen, in das Atherton-Tableland. Nun liegt dieses Tableland (das Tafelland) ein St\u00fcck h\u00f6her als die Umgebung. Mit dem Effekt, das man ca 25 km der schlimmsten Serpentinenstra\u00dfe fahren muss, die uns je begegnet ist. Katrin, da w\u00e4re Dir auch auf der K\u00fchlerhaube noch schlecht geworden. So weit vorne kann man gar nicht sitzen&#8230;<\/p>\n<p>Kurz nach Sonnenuntergang erreichen wir den Zeltplatz, den Lake Eacham Tourist Park. Ein supernetter Campingplatzwart weist uns ein. Und dann beginnt der Aufbau des neu erworbenen Zeltes im Stockdusteren. We proudly present:<\/p>\n<p><img loading=\"lazy\" decoding=\"async\" class=\"alignnone size-large wp-image-212\" src=\"http:\/\/2017.burbankwerner.de\/wp-content\/uploads\/2017\/10\/2017-10-09-Tent-1024x768.jpg\" alt=\"\" width=\"660\" height=\"495\" srcset=\"http:\/\/2017.burbankwerner.de\/wp-content\/uploads\/2017\/10\/2017-10-09-Tent-1024x768.jpg 1024w, http:\/\/2017.burbankwerner.de\/wp-content\/uploads\/2017\/10\/2017-10-09-Tent-300x225.jpg 300w, http:\/\/2017.burbankwerner.de\/wp-content\/uploads\/2017\/10\/2017-10-09-Tent-768x576.jpg 768w, http:\/\/2017.burbankwerner.de\/wp-content\/uploads\/2017\/10\/2017-10-09-Tent.jpg 1200w\" sizes=\"(max-width: 660px) 100vw, 660px\" \/><\/p>\n<p>(Es ist gr\u00f6\u00dfer als es hier aussieht, wir bringen Morgen noch ein weiteres Bild!)<\/p>\n<p>Jetzt gehn wir ins Bett, a nee &#8211; in den Schlafsack&#8230;<\/p>\n<p><a href=\"http:\/\/2017.burbankwerner.de\/?page_id=237\"><img loading=\"lazy\" decoding=\"async\" class=\"alignright wp-image-835\" src=\"http:\/\/2017.burbankwerner.de\/wp-content\/uploads\/2017\/11\/weiter-300x122.jpg\" alt=\"\" width=\"170\" height=\"69\" srcset=\"http:\/\/2017.burbankwerner.de\/wp-content\/uploads\/2017\/11\/weiter-300x122.jpg 300w, http:\/\/2017.burbankwerner.de\/wp-content\/uploads\/2017\/11\/weiter.jpg 493w\" sizes=\"(max-width: 170px) 100vw, 170px\" \/><\/a><a href=\"http:\/\/2017.burbankwerner.de\/?page_id=228\"><img loading=\"lazy\" decoding=\"async\" class=\"alignleft wp-image-834\" src=\"http:\/\/2017.burbankwerner.de\/wp-content\/uploads\/2017\/11\/zur\u00fcck-300x121.jpg\" alt=\"\" width=\"170\" height=\"69\" srcset=\"http:\/\/2017.burbankwerner.de\/wp-content\/uploads\/2017\/11\/zur\u00fcck-300x121.jpg 300w, http:\/\/2017.burbankwerner.de\/wp-content\/uploads\/2017\/11\/zur\u00fcck.jpg 494w\" sizes=\"(max-width: 170px) 100vw, 170px\" \/><\/a><\/p>\n","protected":false},"excerpt":{"rendered":"<p>Hier sitzen wir schon bei einem sch\u00f6nen Fr\u00fchst\u00fcck in Cairns, der Touri-Stadt im tropischen Queensland. Doch bis wir da waren&#8230; Wegen des Unwetters \u00fcber Melbourne gestern hatten alle Fl\u00fcge Versp\u00e4tung. Wir waren letztlich gegen 2:00 Uhr morgens am Flughafen und so gegen halb drei im Bett. Mt dem Hotel und dem Code f\u00fcr die Eingangst\u00fcre &hellip; <a href=\"http:\/\/2017.burbankwerner.de\/?page_id=211\" class=\"more-link\"><span class=\"screen-reader-text\">9. Oktober &#8211; Cairns &#8211; Zelt kaufen &#8211; Atherton Tablelands<\/span> weiterlesen<\/a><\/p>\n","protected":false},"author":1,"featured_media":0,"parent":0,"menu_order":0,"comment_status":"closed","ping_status":"closed","template":"","meta":{"footnotes":""},"_links":{"self":[{"href":"http:\/\/2017.burbankwerner.de\/index.php?rest_route=\/wp\/v2\/pages\/211"}],"collection":[{"href":"http:\/\/2017.burbankwerner.de\/index.php?rest_route=\/wp\/v2\/pages"}],"about":[{"href":"http:\/\/2017.burbankwerner.de\/index.php?rest_route=\/wp\/v2\/types\/page"}],"author":[{"embeddable":true,"href":"http:\/\/2017.burbankwerner.de\/index.php?rest_route=\/wp\/v2\/users\/1"}],"replies":[{"embeddable":true,"href":"http:\/\/2017.burbankwerner.de\/index.php?rest_route=%2Fwp%2Fv2%2Fcomments&post=211"}],"version-history":[{"count":6,"href":"http:\/\/2017.burbankwerner.de\/index.php?rest_route=\/wp\/v2\/pages\/211\/revisions"}],"predecessor-version":[{"id":1067,"href":"http:\/\/2017.burbankwerner.de\/index.php?rest_route=\/wp\/v2\/pages\/211\/revisions\/1067"}],"wp:attachment":[{"href":"http:\/\/2017.burbankwerner.de\/index.php?rest_route=%2Fwp%2Fv2%2Fmedia&parent=211"}],"curies":[{"name":"wp","href":"https:\/\/api.w.org\/{rel}","templated":true}]}}