{"id":129,"date":"2017-10-04T10:59:22","date_gmt":"2017-10-04T10:59:22","guid":{"rendered":"http:\/\/2017.burbankwerner.de\/?page_id=129"},"modified":"2020-12-27T21:35:25","modified_gmt":"2020-12-27T21:35:25","slug":"4-oktober-kraxeln-am-hollow-mountain-das-erste-kaenguruh-und-ein-blue-tongue-lizard-blauzungenskink","status":"publish","type":"page","link":"http:\/\/2017.burbankwerner.de\/?page_id=129","title":{"rendered":"4. Oktober &#8211; Kraxeln am Hollow Mountain &#8211; das erste K\u00e4nguruh und ein Blue Tongue Lizard (Blauzungenskink)"},"content":{"rendered":"<p><img loading=\"lazy\" decoding=\"async\" class=\"alignnone size-full wp-image-131\" src=\"http:\/\/2017.burbankwerner.de\/wp-content\/uploads\/2017\/10\/2017-10-04-HollowMountain.jpg\" alt=\"\" width=\"1200\" height=\"675\" srcset=\"http:\/\/2017.burbankwerner.de\/wp-content\/uploads\/2017\/10\/2017-10-04-HollowMountain.jpg 1200w, http:\/\/2017.burbankwerner.de\/wp-content\/uploads\/2017\/10\/2017-10-04-HollowMountain-300x169.jpg 300w, http:\/\/2017.burbankwerner.de\/wp-content\/uploads\/2017\/10\/2017-10-04-HollowMountain-768x432.jpg 768w, http:\/\/2017.burbankwerner.de\/wp-content\/uploads\/2017\/10\/2017-10-04-HollowMountain-1024x576.jpg 1024w\" sizes=\"(max-width: 1200px) 100vw, 1200px\" \/><\/p>\n<p><a href=\"http:\/\/2017.burbankwerner.de\/?page_id=178\"><img loading=\"lazy\" decoding=\"async\" class=\"alignright wp-image-95\" src=\"http:\/\/2017.burbankwerner.de\/wp-content\/uploads\/2017\/09\/Union-Jack-300x150.png\" alt=\"\" width=\"162\" height=\"81\" srcset=\"http:\/\/2017.burbankwerner.de\/wp-content\/uploads\/2017\/09\/Union-Jack-300x150.png 300w, http:\/\/2017.burbankwerner.de\/wp-content\/uploads\/2017\/09\/Union-Jack-768x384.png 768w, http:\/\/2017.burbankwerner.de\/wp-content\/uploads\/2017\/09\/Union-Jack-1024x512.png 1024w, http:\/\/2017.burbankwerner.de\/wp-content\/uploads\/2017\/09\/Union-Jack.png 1280w\" sizes=\"(max-width: 162px) 100vw, 162px\" \/><\/a>Heute ist nochmal sch\u00f6nes Wetter\u00a0 und nochmal Wandern in den Grampians angesagt. Wir fahren in den Norden des kleinen Gebirges und widmen uns zuerst dem Wanderpfad zum Hollow Mountain. &#8222;Wanderpfad&#8220; ist allerdings eine Untertreibung! Nach einem knappen Kilometer auf dem sch\u00f6n pr\u00e4parierten Wanderweg geht es abrupt direkt zwischen die Felsen.<\/p>\n<p><img loading=\"lazy\" decoding=\"async\" class=\"alignnone size-full wp-image-132\" src=\"http:\/\/2017.burbankwerner.de\/wp-content\/uploads\/2017\/10\/2017-10-04-KletternWW.jpg\" alt=\"\" width=\"1200\" height=\"675\" srcset=\"http:\/\/2017.burbankwerner.de\/wp-content\/uploads\/2017\/10\/2017-10-04-KletternWW.jpg 1200w, http:\/\/2017.burbankwerner.de\/wp-content\/uploads\/2017\/10\/2017-10-04-KletternWW-300x169.jpg 300w, http:\/\/2017.burbankwerner.de\/wp-content\/uploads\/2017\/10\/2017-10-04-KletternWW-768x432.jpg 768w, http:\/\/2017.burbankwerner.de\/wp-content\/uploads\/2017\/10\/2017-10-04-KletternWW-1024x576.jpg 1024w\" sizes=\"(max-width: 1200px) 100vw, 1200px\" \/><\/p>\n<p>Die Kraxelei auf den Gipfel verlangt uns einiges ab &#8211; auch wenn Annette ganz relaxt dreinschaut&#8230;<\/p>\n<p><img loading=\"lazy\" decoding=\"async\" class=\"alignnone size-full wp-image-137\" src=\"http:\/\/2017.burbankwerner.de\/wp-content\/uploads\/2017\/10\/2017-10-04-KletternAB.jpg\" alt=\"\" width=\"1200\" height=\"900\" srcset=\"http:\/\/2017.burbankwerner.de\/wp-content\/uploads\/2017\/10\/2017-10-04-KletternAB.jpg 1200w, http:\/\/2017.burbankwerner.de\/wp-content\/uploads\/2017\/10\/2017-10-04-KletternAB-300x225.jpg 300w, http:\/\/2017.burbankwerner.de\/wp-content\/uploads\/2017\/10\/2017-10-04-KletternAB-768x576.jpg 768w, http:\/\/2017.burbankwerner.de\/wp-content\/uploads\/2017\/10\/2017-10-04-KletternAB-1024x768.jpg 1024w\" sizes=\"(max-width: 1200px) 100vw, 1200px\" \/><\/p>\n<p>Zweiter Wanderweg ist der zum Beehive Wasserfall. Wieder ein sch\u00f6ner Weg &#8211; und hier begegnen wir unserem ersten wilden K\u00e4nguruh in diesem Urlaub:<\/p>\n<p><img loading=\"lazy\" decoding=\"async\" class=\"alignnone size-full wp-image-134\" src=\"http:\/\/2017.burbankwerner.de\/wp-content\/uploads\/2017\/10\/2017-10-04-K\u00e4nguruh.jpg\" alt=\"\" width=\"1445\" height=\"967\" srcset=\"http:\/\/2017.burbankwerner.de\/wp-content\/uploads\/2017\/10\/2017-10-04-K\u00e4nguruh.jpg 1445w, http:\/\/2017.burbankwerner.de\/wp-content\/uploads\/2017\/10\/2017-10-04-K\u00e4nguruh-300x201.jpg 300w, http:\/\/2017.burbankwerner.de\/wp-content\/uploads\/2017\/10\/2017-10-04-K\u00e4nguruh-768x514.jpg 768w, http:\/\/2017.burbankwerner.de\/wp-content\/uploads\/2017\/10\/2017-10-04-K\u00e4nguruh-1024x685.jpg 1024w\" sizes=\"(max-width: 1445px) 100vw, 1445px\" \/><\/p>\n<p>Der Beehive Fall hat leider nicht sonderlich viel Wasser. Die Australier, die wir dort treffen, berichten, dass im letzten Jahr nach heftigen Regenf\u00e4llen das Wasser nur so \u00fcber die Felsen herunter toste.<\/p>\n<p><img loading=\"lazy\" decoding=\"async\" class=\"alignnone size-full wp-image-136\" src=\"http:\/\/2017.burbankwerner.de\/wp-content\/uploads\/2017\/10\/2017-10-04-BeehiveFall.jpg\" alt=\"\" width=\"1200\" height=\"900\" srcset=\"http:\/\/2017.burbankwerner.de\/wp-content\/uploads\/2017\/10\/2017-10-04-BeehiveFall.jpg 1200w, http:\/\/2017.burbankwerner.de\/wp-content\/uploads\/2017\/10\/2017-10-04-BeehiveFall-300x225.jpg 300w, http:\/\/2017.burbankwerner.de\/wp-content\/uploads\/2017\/10\/2017-10-04-BeehiveFall-768x576.jpg 768w, http:\/\/2017.burbankwerner.de\/wp-content\/uploads\/2017\/10\/2017-10-04-BeehiveFall-1024x768.jpg 1024w\" sizes=\"(max-width: 1200px) 100vw, 1200px\" \/><\/p>\n<p>Auch hier steigen wir noch ein gutes St\u00fcck h\u00f6her, zwischen den Felsbl\u00f6cken hindurch \u00fcber einen zunehmend steilen und &#8211; aus unserer Sicht &#8211; gef\u00e4hrlichen Steig.<\/p>\n<p>Auf dem R\u00fcckweg sehen wir einen Blue Tongue Lizard &#8211; h\u00e4tte er uns die Zunge herausgestreckt (wozu wir ihn aber h\u00e4tten ernstlich angreifen m\u00fcssen&#8230;) &#8211; w\u00e4re sie erstaunlich blau gewesen. Tja.<\/p>\n<p><img loading=\"lazy\" decoding=\"async\" class=\"alignnone size-full wp-image-133\" src=\"http:\/\/2017.burbankwerner.de\/wp-content\/uploads\/2017\/10\/2017-10-04-BlueTongueLizard.jpg\" alt=\"\" width=\"1200\" height=\"751\" srcset=\"http:\/\/2017.burbankwerner.de\/wp-content\/uploads\/2017\/10\/2017-10-04-BlueTongueLizard.jpg 1200w, http:\/\/2017.burbankwerner.de\/wp-content\/uploads\/2017\/10\/2017-10-04-BlueTongueLizard-300x188.jpg 300w, http:\/\/2017.burbankwerner.de\/wp-content\/uploads\/2017\/10\/2017-10-04-BlueTongueLizard-768x481.jpg 768w, http:\/\/2017.burbankwerner.de\/wp-content\/uploads\/2017\/10\/2017-10-04-BlueTongueLizard-1024x641.jpg 1024w\" sizes=\"(max-width: 1200px) 100vw, 1200px\" \/><\/p>\n<p>Doch am sch\u00f6nsten sind die \u00fcberall bl\u00fchenden, wundersch\u00f6nen Wildblumen, die man eben nur im australischen Fr\u00fchling sieht&#8230;<\/p>\n<p><img loading=\"lazy\" decoding=\"async\" class=\"alignnone size-full wp-image-135\" src=\"http:\/\/2017.burbankwerner.de\/wp-content\/uploads\/2017\/10\/2017-10-04-Blumen.jpg\" alt=\"\" width=\"1200\" height=\"675\" srcset=\"http:\/\/2017.burbankwerner.de\/wp-content\/uploads\/2017\/10\/2017-10-04-Blumen.jpg 1200w, http:\/\/2017.burbankwerner.de\/wp-content\/uploads\/2017\/10\/2017-10-04-Blumen-300x169.jpg 300w, http:\/\/2017.burbankwerner.de\/wp-content\/uploads\/2017\/10\/2017-10-04-Blumen-768x432.jpg 768w, http:\/\/2017.burbankwerner.de\/wp-content\/uploads\/2017\/10\/2017-10-04-Blumen-1024x576.jpg 1024w\" sizes=\"(max-width: 1200px) 100vw, 1200px\" \/><\/p>\n<p>Achja: Nach dem Ausflug fahren wir noch nach Stawell, eine kleine Stadt am Rand der Grampians, tanken und kaufen ein paar Lebensmittel. Nach einem Kaffee \/ Greentea fahren wir wieder zu unserer YHA, der Jugendherberge, in der eben auch sp\u00e4te Jugendliche unterkommen.<\/p>\n<p>W\u00e4hrend Wendelin wie \u00fcblich die elektronischen Vorbereitungen f\u00fcr den Blog trifft (das Hochladen der Bilder gelingt leider nicht \u00fcber das freie WiFi der Jugendherberge &#8211; sondern nur \u00fcber die ausgezeichnete Verbindung, die Annettes Samsung Handy zum Netz von AldiMobile hat&#8230;) &#8211; bereitet Annette das Essen zu (klassische Arbeitsteilung): Heute gab es einen exzellenten Fisch mit Spinat, Bratkartoffeln, Salat und f\u00fcr Annette magenvertr\u00e4gliche Gnocchi. Achja: Und Wei\u00dfwein \ud83d\ude09<\/p>\n<p><a href=\"http:\/\/2017.burbankwerner.de\/?page_id=150\"><img loading=\"lazy\" decoding=\"async\" class=\"alignright wp-image-835\" src=\"http:\/\/2017.burbankwerner.de\/wp-content\/uploads\/2017\/11\/weiter-300x122.jpg\" alt=\"\" width=\"170\" height=\"69\" srcset=\"http:\/\/2017.burbankwerner.de\/wp-content\/uploads\/2017\/11\/weiter-300x122.jpg 300w, http:\/\/2017.burbankwerner.de\/wp-content\/uploads\/2017\/11\/weiter.jpg 493w\" sizes=\"(max-width: 170px) 100vw, 170px\" \/><\/a><a href=\"http:\/\/2017.burbankwerner.de\/?page_id=107\"><img loading=\"lazy\" decoding=\"async\" class=\"alignleft wp-image-834\" src=\"http:\/\/2017.burbankwerner.de\/wp-content\/uploads\/2017\/11\/zur\u00fcck-300x121.jpg\" alt=\"\" width=\"170\" height=\"69\" srcset=\"http:\/\/2017.burbankwerner.de\/wp-content\/uploads\/2017\/11\/zur\u00fcck-300x121.jpg 300w, http:\/\/2017.burbankwerner.de\/wp-content\/uploads\/2017\/11\/zur\u00fcck.jpg 494w\" sizes=\"(max-width: 170px) 100vw, 170px\" \/><\/a><\/p>\n","protected":false},"excerpt":{"rendered":"<p>Heute ist nochmal sch\u00f6nes Wetter\u00a0 und nochmal Wandern in den Grampians angesagt. Wir fahren in den Norden des kleinen Gebirges und widmen uns zuerst dem Wanderpfad zum Hollow Mountain. &#8222;Wanderpfad&#8220; ist allerdings eine Untertreibung! Nach einem knappen Kilometer auf dem sch\u00f6n pr\u00e4parierten Wanderweg geht es abrupt direkt zwischen die Felsen. Die Kraxelei auf den Gipfel &hellip; <a href=\"http:\/\/2017.burbankwerner.de\/?page_id=129\" class=\"more-link\"><span class=\"screen-reader-text\">4. Oktober &#8211; Kraxeln am Hollow Mountain &#8211; das erste K\u00e4nguruh und ein Blue Tongue Lizard (Blauzungenskink)<\/span> weiterlesen<\/a><\/p>\n","protected":false},"author":1,"featured_media":0,"parent":0,"menu_order":0,"comment_status":"closed","ping_status":"closed","template":"","meta":{"footnotes":""},"_links":{"self":[{"href":"http:\/\/2017.burbankwerner.de\/index.php?rest_route=\/wp\/v2\/pages\/129"}],"collection":[{"href":"http:\/\/2017.burbankwerner.de\/index.php?rest_route=\/wp\/v2\/pages"}],"about":[{"href":"http:\/\/2017.burbankwerner.de\/index.php?rest_route=\/wp\/v2\/types\/page"}],"author":[{"embeddable":true,"href":"http:\/\/2017.burbankwerner.de\/index.php?rest_route=\/wp\/v2\/users\/1"}],"replies":[{"embeddable":true,"href":"http:\/\/2017.burbankwerner.de\/index.php?rest_route=%2Fwp%2Fv2%2Fcomments&post=129"}],"version-history":[{"count":5,"href":"http:\/\/2017.burbankwerner.de\/index.php?rest_route=\/wp\/v2\/pages\/129\/revisions"}],"predecessor-version":[{"id":1062,"href":"http:\/\/2017.burbankwerner.de\/index.php?rest_route=\/wp\/v2\/pages\/129\/revisions\/1062"}],"wp:attachment":[{"href":"http:\/\/2017.burbankwerner.de\/index.php?rest_route=%2Fwp%2Fv2%2Fmedia&parent=129"}],"curies":[{"name":"wp","href":"https:\/\/api.w.org\/{rel}","templated":true}]}}