{"id":107,"date":"2017-10-03T11:37:19","date_gmt":"2017-10-03T11:37:19","guid":{"rendered":"http:\/\/2017.burbankwerner.de\/?page_id=107"},"modified":"2020-12-27T21:35:25","modified_gmt":"2020-12-27T21:35:25","slug":"3-oktober-wanderung-am-mckenzie-river","status":"publish","type":"page","link":"http:\/\/2017.burbankwerner.de\/?page_id=107","title":{"rendered":"3. Oktober &#8211; Wanderung am McKenzie River"},"content":{"rendered":"<p><img decoding=\"async\" class=\"alignnone size-full wp-image-109\" src=\"http:\/\/2017.burbankwerner.de\/wp-content\/uploads\/2017\/10\/2017-10-03-McKenzieRiver.jpg\" alt=\"\" \/><a href=\"http:\/\/2017.burbankwerner.de\/?page_id=172\"><img loading=\"lazy\" decoding=\"async\" class=\"alignright wp-image-95\" src=\"http:\/\/2017.burbankwerner.de\/wp-content\/uploads\/2017\/09\/Union-Jack-300x150.png\" alt=\"\" width=\"166\" height=\"83\" srcset=\"http:\/\/2017.burbankwerner.de\/wp-content\/uploads\/2017\/09\/Union-Jack-300x150.png 300w, http:\/\/2017.burbankwerner.de\/wp-content\/uploads\/2017\/09\/Union-Jack-768x384.png 768w, http:\/\/2017.burbankwerner.de\/wp-content\/uploads\/2017\/09\/Union-Jack-1024x512.png 1024w, http:\/\/2017.burbankwerner.de\/wp-content\/uploads\/2017\/09\/Union-Jack.png 1280w\" sizes=\"(max-width: 166px) 100vw, 166px\" \/><\/a>Diese lauschige Landschaft findet sich am McKenzie River, einem kleinen Gebirgsfluss, der sich aus den Grampians herausschl\u00e4ngelt. Vorher bildet er zwei schicke Wasserf\u00e4lle, die Fish Falls und die McKenzie Falls, der letztere ein echter &#8222;HotSpot&#8220; im Touristengebiet der Grampians.<\/p>\n<p>Nachdem wir die gestrigen 13 Kilometer doch ziemlich in den Knochen sp\u00fcren, lassen wir es heute etwas ruhiger angehen. Der Weg entlang dem McKenzie River ist halbwegs eben, gut ausgebaut &#8211; und trotz der Schulferien tritt man sich nicht gegenseitig auf die F\u00fc\u00dfe.<\/p>\n<p>An den McKenzie Falls freilich ist richtig was los:<\/p>\n<p><img loading=\"lazy\" decoding=\"async\" class=\"alignnone size-full wp-image-121\" src=\"http:\/\/2017.burbankwerner.de\/wp-content\/uploads\/2017\/10\/2017-10-03-McKenzie.jpg\" alt=\"\" width=\"1200\" height=\"675\" srcset=\"http:\/\/2017.burbankwerner.de\/wp-content\/uploads\/2017\/10\/2017-10-03-McKenzie.jpg 1200w, http:\/\/2017.burbankwerner.de\/wp-content\/uploads\/2017\/10\/2017-10-03-McKenzie-300x169.jpg 300w, http:\/\/2017.burbankwerner.de\/wp-content\/uploads\/2017\/10\/2017-10-03-McKenzie-768x432.jpg 768w, http:\/\/2017.burbankwerner.de\/wp-content\/uploads\/2017\/10\/2017-10-03-McKenzie-1024x576.jpg 1024w\" sizes=\"(max-width: 1200px) 100vw, 1200px\" \/><\/p>\n<hr \/>\n<p>Hier posen die M\u00e4dels, die Jungs zeigen ihre Tatoos, Handie-Sticks wandern von Hand zu Hand und die Familien suchen nach ihren Kindern.<\/p>\n<p><img loading=\"lazy\" decoding=\"async\" class=\" wp-image-122 alignleft\" src=\"http:\/\/2017.burbankwerner.de\/wp-content\/uploads\/2017\/10\/2017-10-03-WWTreppe.jpg\" alt=\"\" width=\"301\" height=\"535\" srcset=\"http:\/\/2017.burbankwerner.de\/wp-content\/uploads\/2017\/10\/2017-10-03-WWTreppe.jpg 1200w, http:\/\/2017.burbankwerner.de\/wp-content\/uploads\/2017\/10\/2017-10-03-WWTreppe-169x300.jpg 169w, http:\/\/2017.burbankwerner.de\/wp-content\/uploads\/2017\/10\/2017-10-03-WWTreppe-768x1365.jpg 768w, http:\/\/2017.burbankwerner.de\/wp-content\/uploads\/2017\/10\/2017-10-03-WWTreppe-576x1024.jpg 576w\" sizes=\"(max-width: 301px) 100vw, 301px\" \/>Hier kann man sehen, mit welcher Akribie die Australier ihre Wanderwege pflegen. Diese Stahlrost-Stufen finden sich an zahlreichen Wanderwegen.<\/p>\n<hr \/>\n<p>&nbsp;<\/p>\n<p>&nbsp;<\/p>\n<p>&nbsp;<\/p>\n<p>&nbsp;<\/p>\n<p>&nbsp;<\/p>\n<p>Das tollste aber ist in der Tat die Wildblumenbl\u00fcte. Hier schaut eine besondere Bl\u00fcte zwischen den Wattle-Str\u00e4uchern hervor&#8230;<\/p>\n<p><img loading=\"lazy\" decoding=\"async\" class=\"alignnone size-full wp-image-123\" src=\"http:\/\/2017.burbankwerner.de\/wp-content\/uploads\/2017\/10\/2017-10-03-ABWattles.jpg\" alt=\"\" width=\"1200\" height=\"675\" srcset=\"http:\/\/2017.burbankwerner.de\/wp-content\/uploads\/2017\/10\/2017-10-03-ABWattles.jpg 1200w, http:\/\/2017.burbankwerner.de\/wp-content\/uploads\/2017\/10\/2017-10-03-ABWattles-300x169.jpg 300w, http:\/\/2017.burbankwerner.de\/wp-content\/uploads\/2017\/10\/2017-10-03-ABWattles-768x432.jpg 768w, http:\/\/2017.burbankwerner.de\/wp-content\/uploads\/2017\/10\/2017-10-03-ABWattles-1024x576.jpg 1024w\" sizes=\"(max-width: 1200px) 100vw, 1200px\" \/><\/p>\n<p>Dann waren es schlie\u00dflich doch wieder 10 km, die wir gelaufen sind &#8211; einschlie\u00dflich des Abstechers zu den &#8222;Balconies&#8220;, einem Aussichtspunkt \u00fcber dem n\u00f6rdlichen Becken der Grampians. Die junge Dame, die da posiert, ist uns \u00fcbrigens unbekannt&#8230;wir hoffen aber, sie lebt noch und ist nicht abgest\u00fcrzt.<\/p>\n<p><img loading=\"lazy\" decoding=\"async\" class=\"alignnone size-full wp-image-126\" src=\"http:\/\/2017.burbankwerner.de\/wp-content\/uploads\/2017\/10\/2017-10-03-Balkonies_1.jpg\" alt=\"\" width=\"1200\" height=\"675\" srcset=\"http:\/\/2017.burbankwerner.de\/wp-content\/uploads\/2017\/10\/2017-10-03-Balkonies_1.jpg 1200w, http:\/\/2017.burbankwerner.de\/wp-content\/uploads\/2017\/10\/2017-10-03-Balkonies_1-300x169.jpg 300w, http:\/\/2017.burbankwerner.de\/wp-content\/uploads\/2017\/10\/2017-10-03-Balkonies_1-768x432.jpg 768w, http:\/\/2017.burbankwerner.de\/wp-content\/uploads\/2017\/10\/2017-10-03-Balkonies_1-1024x576.jpg 1024w\" sizes=\"(max-width: 1200px) 100vw, 1200px\" \/><\/p>\n<p>&nbsp;<\/p>\n<p>Zum Schluss gibt&#8217;s ein Bier zur Belohnung:<\/p>\n<p><img loading=\"lazy\" decoding=\"async\" class=\"alignnone size-full wp-image-112\" src=\"http:\/\/2017.burbankwerner.de\/wp-content\/uploads\/2017\/10\/2017-10-03-WWBier.jpg\" alt=\"\" width=\"1200\" height=\"675\" srcset=\"http:\/\/2017.burbankwerner.de\/wp-content\/uploads\/2017\/10\/2017-10-03-WWBier.jpg 1200w, http:\/\/2017.burbankwerner.de\/wp-content\/uploads\/2017\/10\/2017-10-03-WWBier-300x169.jpg 300w, http:\/\/2017.burbankwerner.de\/wp-content\/uploads\/2017\/10\/2017-10-03-WWBier-768x432.jpg 768w, http:\/\/2017.burbankwerner.de\/wp-content\/uploads\/2017\/10\/2017-10-03-WWBier-1024x576.jpg 1024w\" sizes=\"(max-width: 1200px) 100vw, 1200px\" \/><\/p>\n<p><a href=\"http:\/\/2017.burbankwerner.de\/?page_id=129\"><img loading=\"lazy\" decoding=\"async\" class=\"alignright wp-image-835\" src=\"http:\/\/2017.burbankwerner.de\/wp-content\/uploads\/2017\/11\/weiter-300x122.jpg\" alt=\"\" width=\"170\" height=\"69\" srcset=\"http:\/\/2017.burbankwerner.de\/wp-content\/uploads\/2017\/11\/weiter-300x122.jpg 300w, http:\/\/2017.burbankwerner.de\/wp-content\/uploads\/2017\/11\/weiter.jpg 493w\" sizes=\"(max-width: 170px) 100vw, 170px\" \/><\/a><a href=\"http:\/\/2017.burbankwerner.de\/?page_id=79\"><img loading=\"lazy\" decoding=\"async\" class=\"alignleft wp-image-834\" src=\"http:\/\/2017.burbankwerner.de\/wp-content\/uploads\/2017\/11\/zur\u00fcck-300x121.jpg\" alt=\"\" width=\"170\" height=\"69\" srcset=\"http:\/\/2017.burbankwerner.de\/wp-content\/uploads\/2017\/11\/zur\u00fcck-300x121.jpg 300w, http:\/\/2017.burbankwerner.de\/wp-content\/uploads\/2017\/11\/zur\u00fcck.jpg 494w\" sizes=\"(max-width: 170px) 100vw, 170px\" \/><\/a><\/p>\n","protected":false},"excerpt":{"rendered":"<p>Diese lauschige Landschaft findet sich am McKenzie River, einem kleinen Gebirgsfluss, der sich aus den Grampians herausschl\u00e4ngelt. Vorher bildet er zwei schicke Wasserf\u00e4lle, die Fish Falls und die McKenzie Falls, der letztere ein echter &#8222;HotSpot&#8220; im Touristengebiet der Grampians. Nachdem wir die gestrigen 13 Kilometer doch ziemlich in den Knochen sp\u00fcren, lassen wir es heute &hellip; <a href=\"http:\/\/2017.burbankwerner.de\/?page_id=107\" class=\"more-link\"><span class=\"screen-reader-text\">3. Oktober &#8211; Wanderung am McKenzie River<\/span> weiterlesen<\/a><\/p>\n","protected":false},"author":1,"featured_media":0,"parent":0,"menu_order":0,"comment_status":"closed","ping_status":"closed","template":"","meta":{"footnotes":""},"_links":{"self":[{"href":"http:\/\/2017.burbankwerner.de\/index.php?rest_route=\/wp\/v2\/pages\/107"}],"collection":[{"href":"http:\/\/2017.burbankwerner.de\/index.php?rest_route=\/wp\/v2\/pages"}],"about":[{"href":"http:\/\/2017.burbankwerner.de\/index.php?rest_route=\/wp\/v2\/types\/page"}],"author":[{"embeddable":true,"href":"http:\/\/2017.burbankwerner.de\/index.php?rest_route=\/wp\/v2\/users\/1"}],"replies":[{"embeddable":true,"href":"http:\/\/2017.burbankwerner.de\/index.php?rest_route=%2Fwp%2Fv2%2Fcomments&post=107"}],"version-history":[{"count":8,"href":"http:\/\/2017.burbankwerner.de\/index.php?rest_route=\/wp\/v2\/pages\/107\/revisions"}],"predecessor-version":[{"id":1061,"href":"http:\/\/2017.burbankwerner.de\/index.php?rest_route=\/wp\/v2\/pages\/107\/revisions\/1061"}],"wp:attachment":[{"href":"http:\/\/2017.burbankwerner.de\/index.php?rest_route=%2Fwp%2Fv2%2Fmedia&parent=107"}],"curies":[{"name":"wp","href":"https:\/\/api.w.org\/{rel}","templated":true}]}}